{"id":11,"date":"2016-07-08T12:25:28","date_gmt":"2016-07-08T12:25:28","guid":{"rendered":"http:\/\/driveonline.hu\/dev\/conint\/?page_id=11"},"modified":"2020-10-15T22:56:33","modified_gmt":"2020-10-15T22:56:33","slug":"dienstleistungen","status":"publish","type":"page","link":"https:\/\/conint.hu\/de\/dienstleistungen\/","title":{"rendered":"Dienstleistungen"},"content":{"rendered":"<p><div class=\"fusion-fullwidth fullwidth-box fusion-builder-row-1 hundred-percent-fullwidth non-hundred-percent-height-scrolling\" style=\"--awb-background-position:left top;--awb-border-radius-top-left:0px;--awb-border-radius-top-right:0px;--awb-border-radius-bottom-right:0px;--awb-border-radius-bottom-left:0px;--awb-padding-top:0px;--awb-padding-right:0px;--awb-padding-bottom:0px;--awb-padding-left:0px;--awb-border-sizes-top:0px;--awb-border-sizes-bottom:0px;--awb-flex-wrap:wrap;\" ><div class=\"fusion-builder-row fusion-row\"><div class=\"fusion-layout-column fusion_builder_column fusion-builder-column-0 fusion_builder_column_1_1 1_1 fusion-one-full fusion-column-first fusion-column-last fusion-column-no-min-height\" style=\"--awb-bg-size:cover;--awb-margin-bottom:0px;\"><div class=\"fusion-column-wrapper fusion-flex-column-wrapper-legacy\"><div class=\"fusion-image-element fusion-image-align-center in-legacy-container\" style=\"text-align:center;--awb-caption-title-font-family:var(--h2_typography-font-family);--awb-caption-title-font-weight:var(--h2_typography-font-weight);--awb-caption-title-font-style:var(--h2_typography-font-style);--awb-caption-title-size:var(--h2_typography-font-size);--awb-caption-title-transform:var(--h2_typography-text-transform);--awb-caption-title-line-height:var(--h2_typography-line-height);--awb-caption-title-letter-spacing:var(--h2_typography-letter-spacing);\"><div class=\"imageframe-align-center\"><span class=\" fusion-imageframe imageframe-none imageframe-1 hover-type-none\"><img decoding=\"async\" width=\"1920\" height=\"725\" title=\"szolgaltatasok_bg\" src=\"https:\/\/conint.hu\/de\/wp-content\/uploads\/2016\/07\/szolgaltatasok_bg.jpg\" alt class=\"img-responsive wp-image-465\" srcset=\"https:\/\/conint.hu\/de\/wp-content\/uploads\/2016\/07\/szolgaltatasok_bg-200x76.jpg 200w, https:\/\/conint.hu\/de\/wp-content\/uploads\/2016\/07\/szolgaltatasok_bg-400x151.jpg 400w, https:\/\/conint.hu\/de\/wp-content\/uploads\/2016\/07\/szolgaltatasok_bg-600x227.jpg 600w, https:\/\/conint.hu\/de\/wp-content\/uploads\/2016\/07\/szolgaltatasok_bg-800x302.jpg 800w, https:\/\/conint.hu\/de\/wp-content\/uploads\/2016\/07\/szolgaltatasok_bg-1200x453.jpg 1200w, https:\/\/conint.hu\/de\/wp-content\/uploads\/2016\/07\/szolgaltatasok_bg.jpg 1920w\" sizes=\"(max-width: 800px) 100vw, 1920px\" \/><\/span><\/div><\/div><div class=\"fusion-clearfix\"><\/div><\/div><\/div><\/div><\/div><div class=\"fusion-fullwidth fullwidth-box fusion-builder-row-2 nonhundred-percent-fullwidth non-hundred-percent-height-scrolling\" style=\"--awb-background-position:left top;--awb-border-radius-top-left:0px;--awb-border-radius-top-right:0px;--awb-border-radius-bottom-right:0px;--awb-border-radius-bottom-left:0px;--awb-padding-top:60px;--awb-padding-bottom:20px;--awb-border-sizes-top:0px;--awb-border-sizes-bottom:0px;--awb-flex-wrap:wrap;\" ><div class=\"fusion-builder-row fusion-row\"><div class=\"fusion-layout-column fusion_builder_column fusion-builder-column-1 fusion_builder_column_1_1 1_1 fusion-one-full fusion-column-first fusion-column-last fusion-column-no-min-height\" style=\"--awb-bg-size:cover;--awb-margin-bottom:0px;\"><div class=\"fusion-column-wrapper fusion-flex-column-wrapper-legacy\"><div class=\"fusion-text fusion-text-1\"><div class=\"alignCenter\">\n<div class=\"paddingtop_1\">\n<div class=\"content_type\">\n<div class=\"head\">\n<h2>DIENSTLEISTUNGEN<\/h2>\n<p>Suchen Sie einen flexiblen und zuverl\u00e4ssigen Hersteller und eine Druckerei f\u00fcr die Anfertigung Ihrer Werbestoffe?<br \/>\nWir bieten Ihnen L\u00f6sungen f\u00fcr optimale drucktechnische und \u2013Ladenwerbungen!<\/p>\n<\/div>\n<p class=\"head\">Warum optimal?<\/p>\n<p class=\"head\">Sie brauchen blo\u00df anzugeben, zu welchem Zweck und wo Sie Ihr Material oder Ihren POS-Stoff in Anspruch nehmen m\u00f6chten! Ganz nach Ihren Anspr\u00fcchen machen wir Entw\u00fcrfe und zugleich Vorschl\u00e4ge f\u00fcr das entsprechende Prospekt oder Werbemittel am Verkaufsort und stellen es alsbald und \u00f6konomisch mit der idealen drucktechnischen oder sonstigen Ausf\u00fchrungstechnologie her.<\/p>\n<p class=\"head\">Wie passen uns Ihren Anspr\u00fcchen flexibel an, um\u00a0Ihren Werbestoff oder Flyer, Plakat und weitere Druckprodukte in k\u00fcrzester Zeit, zu einem g\u00fcnstigen Preis und in Hochqualit\u00e4t zu verfertigen.<br \/>\nDie verschiedensten Druckprodukte werden gegenw\u00e4rtig aus diversen Grundstoffen und mit einer vielf\u00e4ltigen, oft komplexen Technologie hergestellt. Unsere Mitarbeiter \u00fcbernehmen Ihnen die Aufgabe der Auswahl und sorgen f\u00fcr die beste L\u00f6sung aufgrund ihrer neunzehnj\u00e4hrigen Erfahrung und mittels eigener Herstellungskapazit\u00e4t.<\/p>\n<p class=\"head\">Wenn Sie heute einige Einladungskarten ben\u00f6tigen, ist dann\u00a0der digitale Druck die gute L\u00f6sung. Auf Flyer von mehreren zehntausend Exemplaren sollten Sie ohnehin einige Tage warten, daf\u00fcr ist die Offset-Technologie geeignet.<\/p>\n<p class=\"head\">Sie haben die M\u00f6glichkeit, Druckprodukte, Promotionsstoffe und Displays bequem, an Ort und Stelle zu beschaffen.<br \/>\nAuf die Werbestoffe am Ort kann bei Kampagnen, Veranstaltungen, Warenvorstellungen und Promotionen nicht verzichtet werden. Diese sind in 8 Produktengruppen auf unserer Seite zu finden: megallitotabla.hu web.<br \/>\nAuf Ihre Anfrage auf unserer Webseite bekommen Sie sp\u00e4testens in 24 Stunden Antwort!<br \/>\nWenn Sie Fragen h\u00e4tten, rufen Sie unsere Mitarbeiter jetzt an, unsere Telefonnummer ist: +36-1-481-4660, oder schreiben Sie ein E-Mail: info@conint.hu!<\/p>\n<\/div>\n<\/div>\n<\/div>\n<\/div><div class=\"fusion-clearfix\"><\/div><\/div><\/div><\/div><\/div><div class=\"fusion-fullwidth fullwidth-box fusion-builder-row-3 nonhundred-percent-fullwidth non-hundred-percent-height-scrolling flipping\" style=\"--awb-background-position:left top;--awb-border-radius-top-left:0px;--awb-border-radius-top-right:0px;--awb-border-radius-bottom-right:0px;--awb-border-radius-bottom-left:0px;--awb-padding-top:20px;--awb-padding-bottom:20px;--awb-border-sizes-top:0px;--awb-border-sizes-bottom:0px;--awb-flex-wrap:wrap;\" ><div class=\"fusion-builder-row fusion-row\"><div class=\"fusion-layout-column fusion_builder_column fusion-builder-column-2 fusion_builder_column_1_6 1_6 fusion-one-sixth fusion-column-first\" style=\"--awb-bg-size:cover;width:13.3333%; margin-right: 4%;\"><div class=\"fusion-column-wrapper fusion-flex-column-wrapper-legacy\"><div class=\"fusion-image-element fusion-image-align-center in-legacy-container\" style=\"text-align:center;--awb-caption-title-font-family:var(--h2_typography-font-family);--awb-caption-title-font-weight:var(--h2_typography-font-weight);--awb-caption-title-font-style:var(--h2_typography-font-style);--awb-caption-title-size:var(--h2_typography-font-size);--awb-caption-title-transform:var(--h2_typography-text-transform);--awb-caption-title-line-height:var(--h2_typography-line-height);--awb-caption-title-letter-spacing:var(--h2_typography-letter-spacing);\"><div class=\"imageframe-align-center\"><span class=\" fusion-imageframe imageframe-none imageframe-2 hover-type-none\"><a class=\"fusion-no-lightbox\" href=\"https:\/\/conint.hu\/de\/dienstleistungen\/graphische-planung\/\" target=\"_self\" aria-label=\"3szo\"><img decoding=\"async\" width=\"150\" height=\"150\" src=\"https:\/\/conint.hu\/de\/wp-content\/uploads\/2016\/07\/3szo.png\" alt class=\"img-responsive wp-image-826\" srcset=\"https:\/\/conint.hu\/de\/wp-content\/uploads\/2016\/07\/3szo-66x66.png 66w, https:\/\/conint.hu\/de\/wp-content\/uploads\/2016\/07\/3szo.png 150w\" sizes=\"(max-width: 150px) 100vw, 150px\" \/><\/a><\/span><\/div><\/div><div class=\"fusion-sep-clear\"><\/div><div class=\"fusion-separator fusion-full-width-sep\" style=\"margin-left: auto;margin-right: auto;margin-top:0px;margin-bottom:15px;width:100%;\"><\/div><div class=\"fusion-sep-clear\"><\/div><div class=\"fusion-text fusion-text-2\"><h3 style=\"text-align: center;\"><a href=\"https:\/\/conint.hu\/de\/dienstleistungen\/graphische-planung\/\">GRAPHISCHE PLANUNG<\/a><\/h3>\n<\/div><div class=\"fusion-clearfix\"><\/div><\/div><\/div><div class=\"fusion-layout-column fusion_builder_column fusion-builder-column-3 fusion_builder_column_1_6 1_6 fusion-one-sixth\" style=\"--awb-bg-size:cover;width:13.3333%; margin-right: 4%;\"><div class=\"fusion-column-wrapper fusion-flex-column-wrapper-legacy\"><div class=\"fusion-image-element fusion-image-align-center in-legacy-container\" style=\"text-align:center;--awb-caption-title-font-family:var(--h2_typography-font-family);--awb-caption-title-font-weight:var(--h2_typography-font-weight);--awb-caption-title-font-style:var(--h2_typography-font-style);--awb-caption-title-size:var(--h2_typography-font-size);--awb-caption-title-transform:var(--h2_typography-text-transform);--awb-caption-title-line-height:var(--h2_typography-line-height);--awb-caption-title-letter-spacing:var(--h2_typography-letter-spacing);\"><div class=\"imageframe-align-center\"><span class=\" fusion-imageframe imageframe-none imageframe-3 hover-type-none\"><a class=\"fusion-no-lightbox\" href=\"https:\/\/conint.hu\/de\/dienstleistungen\/digitaler-druck\/\" target=\"_self\" aria-label=\"4szo\"><img decoding=\"async\" width=\"150\" height=\"150\" src=\"https:\/\/conint.hu\/de\/wp-content\/uploads\/2016\/07\/4szo.png\" alt class=\"img-responsive wp-image-827\" srcset=\"https:\/\/conint.hu\/de\/wp-content\/uploads\/2016\/07\/4szo-66x66.png 66w, https:\/\/conint.hu\/de\/wp-content\/uploads\/2016\/07\/4szo.png 150w\" sizes=\"(max-width: 150px) 100vw, 150px\" \/><\/a><\/span><\/div><\/div><div class=\"fusion-sep-clear\"><\/div><div class=\"fusion-separator fusion-full-width-sep\" style=\"margin-left: auto;margin-right: auto;margin-top:0px;margin-bottom:15px;width:100%;\"><\/div><div class=\"fusion-sep-clear\"><\/div><div class=\"fusion-text fusion-text-3\"><h3 style=\"text-align: center;\"><a href=\"https:\/\/conint.hu\/de\/dienstleistungen\/digitaler-druck\/\">DIGITALER DRUCK<\/a><\/h3>\n<\/div><div class=\"fusion-clearfix\"><\/div><\/div><\/div><div class=\"fusion-layout-column fusion_builder_column fusion-builder-column-4 fusion_builder_column_1_6 1_6 fusion-one-sixth\" style=\"--awb-bg-size:cover;width:13.3333%; margin-right: 4%;\"><div class=\"fusion-column-wrapper fusion-flex-column-wrapper-legacy\"><div class=\"fusion-image-element fusion-image-align-center in-legacy-container\" style=\"text-align:center;--awb-caption-title-font-family:var(--h2_typography-font-family);--awb-caption-title-font-weight:var(--h2_typography-font-weight);--awb-caption-title-font-style:var(--h2_typography-font-style);--awb-caption-title-size:var(--h2_typography-font-size);--awb-caption-title-transform:var(--h2_typography-text-transform);--awb-caption-title-line-height:var(--h2_typography-line-height);--awb-caption-title-letter-spacing:var(--h2_typography-letter-spacing);\"><div class=\"imageframe-align-center\"><span class=\" fusion-imageframe imageframe-none imageframe-4 hover-type-none\"><a class=\"fusion-no-lightbox\" href=\"https:\/\/conint.hu\/de\/dienstleistungen\/offsetdruckerei\/\" target=\"_self\" aria-label=\"1szo\"><img decoding=\"async\" width=\"150\" height=\"150\" src=\"https:\/\/conint.hu\/de\/wp-content\/uploads\/2016\/07\/1szo.png\" alt class=\"img-responsive wp-image-824\" srcset=\"https:\/\/conint.hu\/de\/wp-content\/uploads\/2016\/07\/1szo-66x66.png 66w, https:\/\/conint.hu\/de\/wp-content\/uploads\/2016\/07\/1szo.png 150w\" sizes=\"(max-width: 150px) 100vw, 150px\" \/><\/a><\/span><\/div><\/div><div class=\"fusion-sep-clear\"><\/div><div class=\"fusion-separator fusion-full-width-sep\" style=\"margin-left: auto;margin-right: auto;margin-top:0px;margin-bottom:15px;width:100%;\"><\/div><div class=\"fusion-sep-clear\"><\/div><div class=\"fusion-text fusion-text-4\"><h3 style=\"text-align: center;\"><a href=\"https:\/\/conint.hu\/de\/dienstleistungen\/offsetdruckerei\/\">OFFSETDRUCKEREI<\/a><\/h3>\n<\/div><div class=\"fusion-clearfix\"><\/div><\/div><\/div><div class=\"fusion-layout-column fusion_builder_column fusion-builder-column-5 fusion_builder_column_1_6 1_6 fusion-one-sixth\" style=\"--awb-bg-size:cover;width:13.3333%; margin-right: 4%;\"><div class=\"fusion-column-wrapper fusion-flex-column-wrapper-legacy\"><div class=\"fusion-image-element fusion-image-align-center in-legacy-container\" style=\"text-align:center;--awb-caption-title-font-family:var(--h2_typography-font-family);--awb-caption-title-font-weight:var(--h2_typography-font-weight);--awb-caption-title-font-style:var(--h2_typography-font-style);--awb-caption-title-size:var(--h2_typography-font-size);--awb-caption-title-transform:var(--h2_typography-text-transform);--awb-caption-title-line-height:var(--h2_typography-line-height);--awb-caption-title-letter-spacing:var(--h2_typography-letter-spacing);\"><div class=\"imageframe-align-center\"><span class=\" fusion-imageframe imageframe-none imageframe-5 hover-type-none\"><a class=\"fusion-no-lightbox\" href=\"https:\/\/conint.hu\/de\/dienstleistungen\/display\/\" target=\"_self\" aria-label=\"2szo\"><img decoding=\"async\" width=\"150\" height=\"150\" src=\"https:\/\/conint.hu\/de\/wp-content\/uploads\/2016\/07\/2szo.png\" alt class=\"img-responsive wp-image-825\" srcset=\"https:\/\/conint.hu\/de\/wp-content\/uploads\/2016\/07\/2szo-66x66.png 66w, https:\/\/conint.hu\/de\/wp-content\/uploads\/2016\/07\/2szo.png 150w\" sizes=\"(max-width: 150px) 100vw, 150px\" \/><\/a><\/span><\/div><\/div><div class=\"fusion-sep-clear\"><\/div><div class=\"fusion-separator fusion-full-width-sep\" style=\"margin-left: auto;margin-right: auto;margin-top:0px;margin-bottom:15px;width:100%;\"><\/div><div class=\"fusion-sep-clear\"><\/div><div class=\"fusion-text fusion-text-5\"><h3 style=\"text-align: center;\"><a href=\"https:\/\/conint.hu\/de\/dienstleistungen\/display\/\">DISPLAY<\/a><\/h3>\n<\/div><div class=\"fusion-clearfix\"><\/div><\/div><\/div><div class=\"fusion-layout-column fusion_builder_column fusion-builder-column-6 fusion_builder_column_1_6 1_6 fusion-one-sixth\" style=\"--awb-bg-size:cover;width:13.3333%; margin-right: 4%;\"><div class=\"fusion-column-wrapper fusion-flex-column-wrapper-legacy\"><div class=\"fusion-image-element fusion-image-align-center in-legacy-container\" style=\"text-align:center;--awb-caption-title-font-family:var(--h2_typography-font-family);--awb-caption-title-font-weight:var(--h2_typography-font-weight);--awb-caption-title-font-style:var(--h2_typography-font-style);--awb-caption-title-size:var(--h2_typography-font-size);--awb-caption-title-transform:var(--h2_typography-text-transform);--awb-caption-title-line-height:var(--h2_typography-line-height);--awb-caption-title-letter-spacing:var(--h2_typography-letter-spacing);\"><div class=\"imageframe-align-center\"><span class=\" fusion-imageframe imageframe-none imageframe-6 hover-type-none\"><a class=\"fusion-no-lightbox\" href=\"https:\/\/conint.hu\/de\/dienstleistungen\/ladenwerbungen-werbedekoration\/\" target=\"_self\" aria-label=\"5szo\"><img decoding=\"async\" width=\"150\" height=\"150\" src=\"https:\/\/conint.hu\/de\/wp-content\/uploads\/2016\/07\/5szo.png\" alt class=\"img-responsive wp-image-828\" srcset=\"https:\/\/conint.hu\/de\/wp-content\/uploads\/2016\/07\/5szo-66x66.png 66w, https:\/\/conint.hu\/de\/wp-content\/uploads\/2016\/07\/5szo.png 150w\" sizes=\"(max-width: 150px) 100vw, 150px\" \/><\/a><\/span><\/div><\/div><div class=\"fusion-sep-clear\"><\/div><div class=\"fusion-separator fusion-full-width-sep\" style=\"margin-left: auto;margin-right: auto;margin-top:0px;margin-bottom:15px;width:100%;\"><\/div><div class=\"fusion-sep-clear\"><\/div><div class=\"fusion-text fusion-text-6\"><h3 style=\"text-align: center;\"><a href=\"https:\/\/conint.hu\/de\/dienstleistungen\/ladenwerbungen-werbedekoration\/\">LADENWERBUNGEN WERBEDEKORATION<\/a><\/h3>\n<\/div><div class=\"fusion-clearfix\"><\/div><\/div><\/div><div class=\"fusion-layout-column fusion_builder_column fusion-builder-column-7 fusion_builder_column_1_6 1_6 fusion-one-sixth fusion-column-last\" style=\"--awb-bg-size:cover;width:13.3333%;\"><div class=\"fusion-column-wrapper fusion-flex-column-wrapper-legacy\"><div class=\"fusion-image-element fusion-image-align-center in-legacy-container\" style=\"text-align:center;--awb-caption-title-font-family:var(--h2_typography-font-family);--awb-caption-title-font-weight:var(--h2_typography-font-weight);--awb-caption-title-font-style:var(--h2_typography-font-style);--awb-caption-title-size:var(--h2_typography-font-size);--awb-caption-title-transform:var(--h2_typography-text-transform);--awb-caption-title-line-height:var(--h2_typography-line-height);--awb-caption-title-letter-spacing:var(--h2_typography-letter-spacing);\"><div class=\"imageframe-align-center\"><span class=\" fusion-imageframe imageframe-none imageframe-7 hover-type-none\"><a class=\"fusion-no-lightbox\" href=\"https:\/\/conint.hu\/de\/dienstleistungen\/susser-werbetrick\/\" target=\"_self\" aria-label=\"6szo\"><img decoding=\"async\" width=\"150\" height=\"150\" src=\"https:\/\/conint.hu\/de\/wp-content\/uploads\/2016\/07\/6szo.png\" alt class=\"img-responsive wp-image-829\" srcset=\"https:\/\/conint.hu\/de\/wp-content\/uploads\/2016\/07\/6szo-66x66.png 66w, https:\/\/conint.hu\/de\/wp-content\/uploads\/2016\/07\/6szo.png 150w\" sizes=\"(max-width: 150px) 100vw, 150px\" \/><\/a><\/span><\/div><\/div><div class=\"fusion-sep-clear\"><\/div><div class=\"fusion-separator fusion-full-width-sep\" style=\"margin-left: auto;margin-right: auto;margin-top:0px;margin-bottom:15px;width:100%;\"><\/div><div class=\"fusion-sep-clear\"><\/div><div class=\"fusion-text fusion-text-7\"><h3 style=\"text-align: center;\"><a href=\"https:\/\/conint.hu\/de\/dienstleistungen\/susser-werbetrick\/\">WERBES\u00dcSSIGKEIT<\/a><\/h3>\n<\/div><div class=\"fusion-clearfix\"><\/div><\/div><\/div><\/div><\/div><\/p>\n","protected":false},"excerpt":{"rendered":"","protected":false},"author":1,"featured_media":0,"parent":0,"menu_order":0,"comment_status":"closed","ping_status":"closed","template":"100-width.php","meta":{"footnotes":""},"class_list":["post-11","page","type-page","status-publish","hentry"],"yoast_head":"<!-- This site is optimized with the Yoast SEO plugin v27.3 - https:\/\/yoast.com\/product\/yoast-seo-wordpress\/ -->\n<title>Dienstleistungen - Conint.hu<\/title>\n<meta name=\"robots\" content=\"index, follow, max-snippet:-1, max-image-preview:large, max-video-preview:-1\" \/>\n<link rel=\"canonical\" href=\"https:\/\/conint.hu\/de\/dienstleistungen\/\" \/>\n<meta property=\"og:locale\" content=\"de_DE\" \/>\n<meta property=\"og:type\" content=\"article\" \/>\n<meta property=\"og:title\" content=\"Dienstleistungen - Conint.hu\" \/>\n<meta property=\"og:url\" content=\"https:\/\/conint.hu\/de\/dienstleistungen\/\" \/>\n<meta property=\"og:site_name\" content=\"Conint.hu\" \/>\n<meta property=\"article:modified_time\" content=\"2020-10-15T22:56:33+00:00\" \/>\n<meta property=\"og:image\" content=\"https:\/\/conint.hu\/de\/wp-content\/uploads\/2016\/07\/szolgaltatasok_bg.jpg\" \/>\n<meta name=\"twitter:card\" content=\"summary_large_image\" \/>\n<meta name=\"twitter:label1\" content=\"Gesch\u00e4tzte Lesezeit\" \/>\n\t<meta name=\"twitter:data1\" content=\"8\u00a0Minuten\" \/>\n<script type=\"application\/ld+json\" class=\"yoast-schema-graph\">{\"@context\":\"https:\\\/\\\/schema.org\",\"@graph\":[{\"@type\":\"WebPage\",\"@id\":\"https:\\\/\\\/conint.hu\\\/de\\\/dienstleistungen\\\/\",\"url\":\"https:\\\/\\\/conint.hu\\\/de\\\/dienstleistungen\\\/\",\"name\":\"Dienstleistungen - Conint.hu\",\"isPartOf\":{\"@id\":\"https:\\\/\\\/conint.hu\\\/de\\\/#website\"},\"primaryImageOfPage\":{\"@id\":\"https:\\\/\\\/conint.hu\\\/de\\\/dienstleistungen\\\/#primaryimage\"},\"image\":{\"@id\":\"https:\\\/\\\/conint.hu\\\/de\\\/dienstleistungen\\\/#primaryimage\"},\"thumbnailUrl\":\"https:\\\/\\\/conint.hu\\\/de\\\/wp-content\\\/uploads\\\/2016\\\/07\\\/szolgaltatasok_bg.jpg\",\"datePublished\":\"2016-07-08T12:25:28+00:00\",\"dateModified\":\"2020-10-15T22:56:33+00:00\",\"breadcrumb\":{\"@id\":\"https:\\\/\\\/conint.hu\\\/de\\\/dienstleistungen\\\/#breadcrumb\"},\"inLanguage\":\"de\",\"potentialAction\":[{\"@type\":\"ReadAction\",\"target\":[\"https:\\\/\\\/conint.hu\\\/de\\\/dienstleistungen\\\/\"]}]},{\"@type\":\"ImageObject\",\"inLanguage\":\"de\",\"@id\":\"https:\\\/\\\/conint.hu\\\/de\\\/dienstleistungen\\\/#primaryimage\",\"url\":\"https:\\\/\\\/conint.hu\\\/de\\\/wp-content\\\/uploads\\\/2016\\\/07\\\/szolgaltatasok_bg.jpg\",\"contentUrl\":\"https:\\\/\\\/conint.hu\\\/de\\\/wp-content\\\/uploads\\\/2016\\\/07\\\/szolgaltatasok_bg.jpg\",\"width\":1920,\"height\":725},{\"@type\":\"BreadcrumbList\",\"@id\":\"https:\\\/\\\/conint.hu\\\/de\\\/dienstleistungen\\\/#breadcrumb\",\"itemListElement\":[{\"@type\":\"ListItem\",\"position\":1,\"name\":\"Startseite\",\"item\":\"https:\\\/\\\/conint.hu\\\/de\\\/\"},{\"@type\":\"ListItem\",\"position\":2,\"name\":\"Dienstleistungen\"}]},{\"@type\":\"WebSite\",\"@id\":\"https:\\\/\\\/conint.hu\\\/de\\\/#website\",\"url\":\"https:\\\/\\\/conint.hu\\\/de\\\/\",\"name\":\"Conint.hu\",\"description\":\"\",\"potentialAction\":[{\"@type\":\"SearchAction\",\"target\":{\"@type\":\"EntryPoint\",\"urlTemplate\":\"https:\\\/\\\/conint.hu\\\/de\\\/?s={search_term_string}\"},\"query-input\":{\"@type\":\"PropertyValueSpecification\",\"valueRequired\":true,\"valueName\":\"search_term_string\"}}],\"inLanguage\":\"de\"}]}<\/script>\n<!-- \/ Yoast SEO plugin. -->","yoast_head_json":{"title":"Dienstleistungen - Conint.hu","robots":{"index":"index","follow":"follow","max-snippet":"max-snippet:-1","max-image-preview":"max-image-preview:large","max-video-preview":"max-video-preview:-1"},"canonical":"https:\/\/conint.hu\/de\/dienstleistungen\/","og_locale":"de_DE","og_type":"article","og_title":"Dienstleistungen - Conint.hu","og_url":"https:\/\/conint.hu\/de\/dienstleistungen\/","og_site_name":"Conint.hu","article_modified_time":"2020-10-15T22:56:33+00:00","og_image":[{"url":"https:\/\/conint.hu\/de\/wp-content\/uploads\/2016\/07\/szolgaltatasok_bg.jpg","type":"","width":"","height":""}],"twitter_card":"summary_large_image","twitter_misc":{"Gesch\u00e4tzte Lesezeit":"8\u00a0Minuten"},"schema":{"@context":"https:\/\/schema.org","@graph":[{"@type":"WebPage","@id":"https:\/\/conint.hu\/de\/dienstleistungen\/","url":"https:\/\/conint.hu\/de\/dienstleistungen\/","name":"Dienstleistungen - Conint.hu","isPartOf":{"@id":"https:\/\/conint.hu\/de\/#website"},"primaryImageOfPage":{"@id":"https:\/\/conint.hu\/de\/dienstleistungen\/#primaryimage"},"image":{"@id":"https:\/\/conint.hu\/de\/dienstleistungen\/#primaryimage"},"thumbnailUrl":"https:\/\/conint.hu\/de\/wp-content\/uploads\/2016\/07\/szolgaltatasok_bg.jpg","datePublished":"2016-07-08T12:25:28+00:00","dateModified":"2020-10-15T22:56:33+00:00","breadcrumb":{"@id":"https:\/\/conint.hu\/de\/dienstleistungen\/#breadcrumb"},"inLanguage":"de","potentialAction":[{"@type":"ReadAction","target":["https:\/\/conint.hu\/de\/dienstleistungen\/"]}]},{"@type":"ImageObject","inLanguage":"de","@id":"https:\/\/conint.hu\/de\/dienstleistungen\/#primaryimage","url":"https:\/\/conint.hu\/de\/wp-content\/uploads\/2016\/07\/szolgaltatasok_bg.jpg","contentUrl":"https:\/\/conint.hu\/de\/wp-content\/uploads\/2016\/07\/szolgaltatasok_bg.jpg","width":1920,"height":725},{"@type":"BreadcrumbList","@id":"https:\/\/conint.hu\/de\/dienstleistungen\/#breadcrumb","itemListElement":[{"@type":"ListItem","position":1,"name":"Startseite","item":"https:\/\/conint.hu\/de\/"},{"@type":"ListItem","position":2,"name":"Dienstleistungen"}]},{"@type":"WebSite","@id":"https:\/\/conint.hu\/de\/#website","url":"https:\/\/conint.hu\/de\/","name":"Conint.hu","description":"","potentialAction":[{"@type":"SearchAction","target":{"@type":"EntryPoint","urlTemplate":"https:\/\/conint.hu\/de\/?s={search_term_string}"},"query-input":{"@type":"PropertyValueSpecification","valueRequired":true,"valueName":"search_term_string"}}],"inLanguage":"de"}]}},"_links":{"self":[{"href":"https:\/\/conint.hu\/de\/wp-json\/wp\/v2\/pages\/11","targetHints":{"allow":["GET"]}}],"collection":[{"href":"https:\/\/conint.hu\/de\/wp-json\/wp\/v2\/pages"}],"about":[{"href":"https:\/\/conint.hu\/de\/wp-json\/wp\/v2\/types\/page"}],"author":[{"embeddable":true,"href":"https:\/\/conint.hu\/de\/wp-json\/wp\/v2\/users\/1"}],"replies":[{"embeddable":true,"href":"https:\/\/conint.hu\/de\/wp-json\/wp\/v2\/comments?post=11"}],"version-history":[{"count":26,"href":"https:\/\/conint.hu\/de\/wp-json\/wp\/v2\/pages\/11\/revisions"}],"predecessor-version":[{"id":1441,"href":"https:\/\/conint.hu\/de\/wp-json\/wp\/v2\/pages\/11\/revisions\/1441"}],"wp:attachment":[{"href":"https:\/\/conint.hu\/de\/wp-json\/wp\/v2\/media?parent=11"}],"curies":[{"name":"wp","href":"https:\/\/api.w.org\/{rel}","templated":true}]}}