{"id":132,"date":"2016-07-08T17:10:27","date_gmt":"2016-07-08T17:10:27","guid":{"rendered":"http:\/\/driveonline.hu\/dev\/conint\/?page_id=132"},"modified":"2020-10-15T22:56:35","modified_gmt":"2020-10-15T22:56:35","slug":"roll-up-banners","status":"publish","type":"page","link":"https:\/\/conint.hu\/de\/dienstleistungen\/display\/roll-up-banners\/","title":{"rendered":"Roll-up banners"},"content":{"rendered":"<p><div class=\"fusion-fullwidth fullwidth-box fusion-builder-row-1 nonhundred-percent-fullwidth non-hundred-percent-height-scrolling\" style=\"--awb-background-position:left top;--awb-border-radius-top-left:0px;--awb-border-radius-top-right:0px;--awb-border-radius-bottom-right:0px;--awb-border-radius-bottom-left:0px;--awb-padding-top:40px;--awb-padding-bottom:20px;--awb-border-sizes-top:0px;--awb-border-sizes-bottom:0px;--awb-flex-wrap:wrap;\" ><div class=\"fusion-builder-row fusion-row\"><div class=\"fusion-layout-column fusion_builder_column fusion-builder-column-0 fusion_builder_column_1_1 1_1 fusion-one-full fusion-column-first fusion-column-last fusion-column-no-min-height\" style=\"--awb-bg-size:cover;--awb-margin-bottom:0px;\"><div class=\"fusion-column-wrapper fusion-flex-column-wrapper-legacy\"><div class=\"fusion-text fusion-text-1\"><div class=\"alignCenter\">\n<div class=\"paddingtop_1\">\n<div class=\"content_type\">\n<div class=\"head\">\n<h2>ROLL-UP BANNERS<\/h2>\n<div class=\"line\"><\/div>\n<\/div>\n<\/div>\n<\/div>\n<\/div>\n<\/div><div class=\"fusion-clearfix\"><\/div><\/div><\/div><\/div><\/div><div class=\"fusion-fullwidth fullwidth-box fusion-builder-row-2 nonhundred-percent-fullwidth non-hundred-percent-height-scrolling\" style=\"--awb-background-position:left top;--awb-border-radius-top-left:0px;--awb-border-radius-top-right:0px;--awb-border-radius-bottom-right:0px;--awb-border-radius-bottom-left:0px;--awb-padding-top:40px;--awb-padding-bottom:20px;--awb-border-sizes-top:0px;--awb-border-sizes-bottom:0px;--awb-flex-wrap:wrap;\" ><div class=\"fusion-builder-row fusion-row\"><div class=\"fusion-layout-column fusion_builder_column fusion-builder-column-1 fusion_builder_column_1_1 1_1 fusion-one-full fusion-column-first fusion-column-last fusion-column-no-min-height\" style=\"--awb-bg-size:cover;--awb-margin-bottom:0px;\"><div class=\"fusion-column-wrapper fusion-flex-column-wrapper-legacy\"><div class=\"fusion-text fusion-text-2\"><div class=\"alignCenter\">\n<div class=\"paddingtop_1\">\n<div class=\"content_type\">\n<div class=\"head\">\n<p>Die Roll-Up-Systeme sind wirtschaftliche und elegante Werbetr\u00e4ger. Die Aufstellung geht schnell und unkompliziert. Der Ausdruck rollt sich im Geh\u00e4use automatisch auf, wodurch die Besch\u00e4digungen vermieden werden und auch der Transport einfach wird. Auf unserer Internetseite <a href=\"http:\/\/megallitotabla.hu\/\" target=\"_blank\" rel=\"noopener noreferrer\">megallitotabla.hu<\/a>\u00a0finden Sie eine breite Auswahl an Roll-Up-St\u00e4ndern, von den ganz kleinen bis zu den riesengro\u00dfen, und von einfacher bis zur premium Qualit\u00e4t.<\/p>\n<\/div>\n<\/div>\n<\/div>\n<\/div>\n<\/div><div class=\"fusion-clearfix\"><\/div><\/div><\/div><\/div><\/div><\/p>\n","protected":false},"excerpt":{"rendered":"","protected":false},"author":1,"featured_media":0,"parent":31,"menu_order":0,"comment_status":"closed","ping_status":"closed","template":"100-width.php","meta":{"footnotes":""},"class_list":["post-132","page","type-page","status-publish","hentry"],"yoast_head":"<!-- This site is optimized with the Yoast SEO plugin v27.3 - https:\/\/yoast.com\/product\/yoast-seo-wordpress\/ -->\n<title>Roll-up banners - Conint.hu<\/title>\n<meta name=\"robots\" content=\"index, follow, max-snippet:-1, max-image-preview:large, max-video-preview:-1\" \/>\n<link rel=\"canonical\" href=\"https:\/\/conint.hu\/de\/dienstleistungen\/display\/roll-up-banners\/\" \/>\n<meta property=\"og:locale\" content=\"de_DE\" \/>\n<meta property=\"og:type\" content=\"article\" \/>\n<meta property=\"og:title\" content=\"Roll-up banners - Conint.hu\" \/>\n<meta property=\"og:url\" content=\"https:\/\/conint.hu\/de\/dienstleistungen\/display\/roll-up-banners\/\" \/>\n<meta property=\"og:site_name\" content=\"Conint.hu\" \/>\n<meta property=\"article:modified_time\" content=\"2020-10-15T22:56:35+00:00\" \/>\n<meta name=\"twitter:card\" content=\"summary_large_image\" \/>\n<meta name=\"twitter:label1\" content=\"Gesch\u00e4tzte Lesezeit\" \/>\n\t<meta name=\"twitter:data1\" content=\"2\u00a0Minuten\" \/>\n<script type=\"application\/ld+json\" class=\"yoast-schema-graph\">{\"@context\":\"https:\\\/\\\/schema.org\",\"@graph\":[{\"@type\":\"WebPage\",\"@id\":\"https:\\\/\\\/conint.hu\\\/de\\\/dienstleistungen\\\/display\\\/roll-up-banners\\\/\",\"url\":\"https:\\\/\\\/conint.hu\\\/de\\\/dienstleistungen\\\/display\\\/roll-up-banners\\\/\",\"name\":\"Roll-up banners - Conint.hu\",\"isPartOf\":{\"@id\":\"https:\\\/\\\/conint.hu\\\/de\\\/#website\"},\"datePublished\":\"2016-07-08T17:10:27+00:00\",\"dateModified\":\"2020-10-15T22:56:35+00:00\",\"breadcrumb\":{\"@id\":\"https:\\\/\\\/conint.hu\\\/de\\\/dienstleistungen\\\/display\\\/roll-up-banners\\\/#breadcrumb\"},\"inLanguage\":\"de\",\"potentialAction\":[{\"@type\":\"ReadAction\",\"target\":[\"https:\\\/\\\/conint.hu\\\/de\\\/dienstleistungen\\\/display\\\/roll-up-banners\\\/\"]}]},{\"@type\":\"BreadcrumbList\",\"@id\":\"https:\\\/\\\/conint.hu\\\/de\\\/dienstleistungen\\\/display\\\/roll-up-banners\\\/#breadcrumb\",\"itemListElement\":[{\"@type\":\"ListItem\",\"position\":1,\"name\":\"Startseite\",\"item\":\"https:\\\/\\\/conint.hu\\\/de\\\/\"},{\"@type\":\"ListItem\",\"position\":2,\"name\":\"Dienstleistungen\",\"item\":\"https:\\\/\\\/conint.hu\\\/de\\\/dienstleistungen\\\/\"},{\"@type\":\"ListItem\",\"position\":3,\"name\":\"Display, Promotionsstoffen\",\"item\":\"https:\\\/\\\/conint.hu\\\/de\\\/dienstleistungen\\\/display\\\/\"},{\"@type\":\"ListItem\",\"position\":4,\"name\":\"Roll-up banners\"}]},{\"@type\":\"WebSite\",\"@id\":\"https:\\\/\\\/conint.hu\\\/de\\\/#website\",\"url\":\"https:\\\/\\\/conint.hu\\\/de\\\/\",\"name\":\"Conint.hu\",\"description\":\"\",\"potentialAction\":[{\"@type\":\"SearchAction\",\"target\":{\"@type\":\"EntryPoint\",\"urlTemplate\":\"https:\\\/\\\/conint.hu\\\/de\\\/?s={search_term_string}\"},\"query-input\":{\"@type\":\"PropertyValueSpecification\",\"valueRequired\":true,\"valueName\":\"search_term_string\"}}],\"inLanguage\":\"de\"}]}<\/script>\n<!-- \/ Yoast SEO plugin. -->","yoast_head_json":{"title":"Roll-up banners - Conint.hu","robots":{"index":"index","follow":"follow","max-snippet":"max-snippet:-1","max-image-preview":"max-image-preview:large","max-video-preview":"max-video-preview:-1"},"canonical":"https:\/\/conint.hu\/de\/dienstleistungen\/display\/roll-up-banners\/","og_locale":"de_DE","og_type":"article","og_title":"Roll-up banners - Conint.hu","og_url":"https:\/\/conint.hu\/de\/dienstleistungen\/display\/roll-up-banners\/","og_site_name":"Conint.hu","article_modified_time":"2020-10-15T22:56:35+00:00","twitter_card":"summary_large_image","twitter_misc":{"Gesch\u00e4tzte Lesezeit":"2\u00a0Minuten"},"schema":{"@context":"https:\/\/schema.org","@graph":[{"@type":"WebPage","@id":"https:\/\/conint.hu\/de\/dienstleistungen\/display\/roll-up-banners\/","url":"https:\/\/conint.hu\/de\/dienstleistungen\/display\/roll-up-banners\/","name":"Roll-up banners - Conint.hu","isPartOf":{"@id":"https:\/\/conint.hu\/de\/#website"},"datePublished":"2016-07-08T17:10:27+00:00","dateModified":"2020-10-15T22:56:35+00:00","breadcrumb":{"@id":"https:\/\/conint.hu\/de\/dienstleistungen\/display\/roll-up-banners\/#breadcrumb"},"inLanguage":"de","potentialAction":[{"@type":"ReadAction","target":["https:\/\/conint.hu\/de\/dienstleistungen\/display\/roll-up-banners\/"]}]},{"@type":"BreadcrumbList","@id":"https:\/\/conint.hu\/de\/dienstleistungen\/display\/roll-up-banners\/#breadcrumb","itemListElement":[{"@type":"ListItem","position":1,"name":"Startseite","item":"https:\/\/conint.hu\/de\/"},{"@type":"ListItem","position":2,"name":"Dienstleistungen","item":"https:\/\/conint.hu\/de\/dienstleistungen\/"},{"@type":"ListItem","position":3,"name":"Display, Promotionsstoffen","item":"https:\/\/conint.hu\/de\/dienstleistungen\/display\/"},{"@type":"ListItem","position":4,"name":"Roll-up banners"}]},{"@type":"WebSite","@id":"https:\/\/conint.hu\/de\/#website","url":"https:\/\/conint.hu\/de\/","name":"Conint.hu","description":"","potentialAction":[{"@type":"SearchAction","target":{"@type":"EntryPoint","urlTemplate":"https:\/\/conint.hu\/de\/?s={search_term_string}"},"query-input":{"@type":"PropertyValueSpecification","valueRequired":true,"valueName":"search_term_string"}}],"inLanguage":"de"}]}},"_links":{"self":[{"href":"https:\/\/conint.hu\/de\/wp-json\/wp\/v2\/pages\/132","targetHints":{"allow":["GET"]}}],"collection":[{"href":"https:\/\/conint.hu\/de\/wp-json\/wp\/v2\/pages"}],"about":[{"href":"https:\/\/conint.hu\/de\/wp-json\/wp\/v2\/types\/page"}],"author":[{"embeddable":true,"href":"https:\/\/conint.hu\/de\/wp-json\/wp\/v2\/users\/1"}],"replies":[{"embeddable":true,"href":"https:\/\/conint.hu\/de\/wp-json\/wp\/v2\/comments?post=132"}],"version-history":[{"count":17,"href":"https:\/\/conint.hu\/de\/wp-json\/wp\/v2\/pages\/132\/revisions"}],"predecessor-version":[{"id":1418,"href":"https:\/\/conint.hu\/de\/wp-json\/wp\/v2\/pages\/132\/revisions\/1418"}],"up":[{"embeddable":true,"href":"https:\/\/conint.hu\/de\/wp-json\/wp\/v2\/pages\/31"}],"wp:attachment":[{"href":"https:\/\/conint.hu\/de\/wp-json\/wp\/v2\/media?parent=132"}],"curies":[{"name":"wp","href":"https:\/\/api.w.org\/{rel}","templated":true}]}}