{"id":140,"date":"2016-07-08T17:11:50","date_gmt":"2016-07-08T17:11:50","guid":{"rendered":"http:\/\/driveonline.hu\/dev\/conint\/?page_id=140"},"modified":"2020-10-15T22:56:35","modified_gmt":"2020-10-15T22:56:35","slug":"rahmen-fur-plakatbehalter","status":"publish","type":"page","link":"https:\/\/conint.hu\/de\/dienstleistungen\/rahmen-fur-plakatbehalter\/","title":{"rendered":"Rahmen  f\u00fcr Plakatbehalter"},"content":{"rendered":"<p><div class=\"fusion-fullwidth fullwidth-box fusion-builder-row-1 nonhundred-percent-fullwidth non-hundred-percent-height-scrolling\" style=\"--awb-background-position:left top;--awb-border-radius-top-left:0px;--awb-border-radius-top-right:0px;--awb-border-radius-bottom-right:0px;--awb-border-radius-bottom-left:0px;--awb-padding-top:40px;--awb-padding-bottom:20px;--awb-border-sizes-top:0px;--awb-border-sizes-bottom:0px;--awb-flex-wrap:wrap;\" ><div class=\"fusion-builder-row fusion-row\"><div class=\"fusion-layout-column fusion_builder_column fusion-builder-column-0 fusion_builder_column_1_1 1_1 fusion-one-full fusion-column-first fusion-column-last fusion-column-no-min-height\" style=\"--awb-bg-size:cover;--awb-margin-bottom:0px;\"><div class=\"fusion-column-wrapper fusion-flex-column-wrapper-legacy\"><div class=\"fusion-text fusion-text-1\"><div class=\"alignCenter\">\n<div class=\"paddingtop_1\">\n<div class=\"content_type\">\n<div class=\"head\">\n<h2>RAHMEN F\u00dcR PLAKATBEHALTER<\/h2>\n<div class=\"line\"><\/div>\n<\/div>\n<\/div>\n<\/div>\n<\/div>\n<\/div><div class=\"fusion-clearfix\"><\/div><\/div><\/div><\/div><\/div><div class=\"fusion-fullwidth fullwidth-box fusion-builder-row-2 nonhundred-percent-fullwidth non-hundred-percent-height-scrolling\" style=\"--awb-background-position:left top;--awb-border-radius-top-left:0px;--awb-border-radius-top-right:0px;--awb-border-radius-bottom-right:0px;--awb-border-radius-bottom-left:0px;--awb-padding-top:40px;--awb-padding-bottom:20px;--awb-border-sizes-top:0px;--awb-border-sizes-bottom:0px;--awb-flex-wrap:wrap;\" ><div class=\"fusion-builder-row fusion-row\"><div class=\"fusion-layout-column fusion_builder_column fusion-builder-column-1 fusion_builder_column_1_1 1_1 fusion-one-full fusion-column-first fusion-column-last fusion-column-no-min-height\" style=\"--awb-bg-size:cover;--awb-margin-bottom:0px;\"><div class=\"fusion-column-wrapper fusion-flex-column-wrapper-legacy\"><div class=\"fusion-text fusion-text-2\"><p>Die f\u00fcr das Anbringen von Plakaten geeigneten eloxierten einrastbaren Aluminiumrahmen sind in verschiedenen Gr\u00f6\u00dfen und mit eckigen oder abgerundeten Ecken zu erhalten. Die volle Auswahl finden Sie auf unserer Webseite <a href=\"http:\/\/www.megallitotabla.hu\/plakatkeret\" target=\"_blank\" rel=\"noopener noreferrer\">megallitotabla.hu<\/a>.<\/p>\n<\/div><div class=\"fusion-clearfix\"><\/div><\/div><\/div><\/div><\/div><\/p>\n","protected":false},"excerpt":{"rendered":"","protected":false},"author":1,"featured_media":0,"parent":11,"menu_order":0,"comment_status":"closed","ping_status":"closed","template":"100-width.php","meta":{"footnotes":""},"class_list":["post-140","page","type-page","status-publish","hentry"],"yoast_head":"<!-- This site is optimized with the Yoast SEO plugin v27.3 - https:\/\/yoast.com\/product\/yoast-seo-wordpress\/ -->\n<title>Rahmen f\u00fcr Plakatbehalter - Conint.hu<\/title>\n<meta name=\"robots\" content=\"index, follow, max-snippet:-1, max-image-preview:large, max-video-preview:-1\" \/>\n<link rel=\"canonical\" href=\"https:\/\/conint.hu\/de\/dienstleistungen\/rahmen-fur-plakatbehalter\/\" \/>\n<meta property=\"og:locale\" content=\"de_DE\" \/>\n<meta property=\"og:type\" content=\"article\" \/>\n<meta property=\"og:title\" content=\"Rahmen f\u00fcr Plakatbehalter - Conint.hu\" \/>\n<meta property=\"og:url\" content=\"https:\/\/conint.hu\/de\/dienstleistungen\/rahmen-fur-plakatbehalter\/\" \/>\n<meta property=\"og:site_name\" content=\"Conint.hu\" \/>\n<meta property=\"article:modified_time\" content=\"2020-10-15T22:56:35+00:00\" \/>\n<meta name=\"twitter:card\" content=\"summary_large_image\" \/>\n<meta name=\"twitter:label1\" content=\"Gesch\u00e4tzte Lesezeit\" \/>\n\t<meta name=\"twitter:data1\" content=\"2\u00a0Minuten\" \/>\n<script type=\"application\/ld+json\" class=\"yoast-schema-graph\">{\"@context\":\"https:\\\/\\\/schema.org\",\"@graph\":[{\"@type\":\"WebPage\",\"@id\":\"https:\\\/\\\/conint.hu\\\/de\\\/dienstleistungen\\\/rahmen-fur-plakatbehalter\\\/\",\"url\":\"https:\\\/\\\/conint.hu\\\/de\\\/dienstleistungen\\\/rahmen-fur-plakatbehalter\\\/\",\"name\":\"Rahmen f\u00fcr Plakatbehalter - Conint.hu\",\"isPartOf\":{\"@id\":\"https:\\\/\\\/conint.hu\\\/de\\\/#website\"},\"datePublished\":\"2016-07-08T17:11:50+00:00\",\"dateModified\":\"2020-10-15T22:56:35+00:00\",\"breadcrumb\":{\"@id\":\"https:\\\/\\\/conint.hu\\\/de\\\/dienstleistungen\\\/rahmen-fur-plakatbehalter\\\/#breadcrumb\"},\"inLanguage\":\"de\",\"potentialAction\":[{\"@type\":\"ReadAction\",\"target\":[\"https:\\\/\\\/conint.hu\\\/de\\\/dienstleistungen\\\/rahmen-fur-plakatbehalter\\\/\"]}]},{\"@type\":\"BreadcrumbList\",\"@id\":\"https:\\\/\\\/conint.hu\\\/de\\\/dienstleistungen\\\/rahmen-fur-plakatbehalter\\\/#breadcrumb\",\"itemListElement\":[{\"@type\":\"ListItem\",\"position\":1,\"name\":\"Startseite\",\"item\":\"https:\\\/\\\/conint.hu\\\/de\\\/\"},{\"@type\":\"ListItem\",\"position\":2,\"name\":\"Dienstleistungen\",\"item\":\"https:\\\/\\\/conint.hu\\\/de\\\/dienstleistungen\\\/\"},{\"@type\":\"ListItem\",\"position\":3,\"name\":\"Rahmen f\u00fcr Plakatbehalter\"}]},{\"@type\":\"WebSite\",\"@id\":\"https:\\\/\\\/conint.hu\\\/de\\\/#website\",\"url\":\"https:\\\/\\\/conint.hu\\\/de\\\/\",\"name\":\"Conint.hu\",\"description\":\"\",\"potentialAction\":[{\"@type\":\"SearchAction\",\"target\":{\"@type\":\"EntryPoint\",\"urlTemplate\":\"https:\\\/\\\/conint.hu\\\/de\\\/?s={search_term_string}\"},\"query-input\":{\"@type\":\"PropertyValueSpecification\",\"valueRequired\":true,\"valueName\":\"search_term_string\"}}],\"inLanguage\":\"de\"}]}<\/script>\n<!-- \/ Yoast SEO plugin. -->","yoast_head_json":{"title":"Rahmen f\u00fcr Plakatbehalter - Conint.hu","robots":{"index":"index","follow":"follow","max-snippet":"max-snippet:-1","max-image-preview":"max-image-preview:large","max-video-preview":"max-video-preview:-1"},"canonical":"https:\/\/conint.hu\/de\/dienstleistungen\/rahmen-fur-plakatbehalter\/","og_locale":"de_DE","og_type":"article","og_title":"Rahmen f\u00fcr Plakatbehalter - Conint.hu","og_url":"https:\/\/conint.hu\/de\/dienstleistungen\/rahmen-fur-plakatbehalter\/","og_site_name":"Conint.hu","article_modified_time":"2020-10-15T22:56:35+00:00","twitter_card":"summary_large_image","twitter_misc":{"Gesch\u00e4tzte Lesezeit":"2\u00a0Minuten"},"schema":{"@context":"https:\/\/schema.org","@graph":[{"@type":"WebPage","@id":"https:\/\/conint.hu\/de\/dienstleistungen\/rahmen-fur-plakatbehalter\/","url":"https:\/\/conint.hu\/de\/dienstleistungen\/rahmen-fur-plakatbehalter\/","name":"Rahmen f\u00fcr Plakatbehalter - Conint.hu","isPartOf":{"@id":"https:\/\/conint.hu\/de\/#website"},"datePublished":"2016-07-08T17:11:50+00:00","dateModified":"2020-10-15T22:56:35+00:00","breadcrumb":{"@id":"https:\/\/conint.hu\/de\/dienstleistungen\/rahmen-fur-plakatbehalter\/#breadcrumb"},"inLanguage":"de","potentialAction":[{"@type":"ReadAction","target":["https:\/\/conint.hu\/de\/dienstleistungen\/rahmen-fur-plakatbehalter\/"]}]},{"@type":"BreadcrumbList","@id":"https:\/\/conint.hu\/de\/dienstleistungen\/rahmen-fur-plakatbehalter\/#breadcrumb","itemListElement":[{"@type":"ListItem","position":1,"name":"Startseite","item":"https:\/\/conint.hu\/de\/"},{"@type":"ListItem","position":2,"name":"Dienstleistungen","item":"https:\/\/conint.hu\/de\/dienstleistungen\/"},{"@type":"ListItem","position":3,"name":"Rahmen f\u00fcr Plakatbehalter"}]},{"@type":"WebSite","@id":"https:\/\/conint.hu\/de\/#website","url":"https:\/\/conint.hu\/de\/","name":"Conint.hu","description":"","potentialAction":[{"@type":"SearchAction","target":{"@type":"EntryPoint","urlTemplate":"https:\/\/conint.hu\/de\/?s={search_term_string}"},"query-input":{"@type":"PropertyValueSpecification","valueRequired":true,"valueName":"search_term_string"}}],"inLanguage":"de"}]}},"_links":{"self":[{"href":"https:\/\/conint.hu\/de\/wp-json\/wp\/v2\/pages\/140","targetHints":{"allow":["GET"]}}],"collection":[{"href":"https:\/\/conint.hu\/de\/wp-json\/wp\/v2\/pages"}],"about":[{"href":"https:\/\/conint.hu\/de\/wp-json\/wp\/v2\/types\/page"}],"author":[{"embeddable":true,"href":"https:\/\/conint.hu\/de\/wp-json\/wp\/v2\/users\/1"}],"replies":[{"embeddable":true,"href":"https:\/\/conint.hu\/de\/wp-json\/wp\/v2\/comments?post=140"}],"version-history":[{"count":11,"href":"https:\/\/conint.hu\/de\/wp-json\/wp\/v2\/pages\/140\/revisions"}],"predecessor-version":[{"id":1414,"href":"https:\/\/conint.hu\/de\/wp-json\/wp\/v2\/pages\/140\/revisions\/1414"}],"up":[{"embeddable":true,"href":"https:\/\/conint.hu\/de\/wp-json\/wp\/v2\/pages\/11"}],"wp:attachment":[{"href":"https:\/\/conint.hu\/de\/wp-json\/wp\/v2\/media?parent=140"}],"curies":[{"name":"wp","href":"https:\/\/api.w.org\/{rel}","templated":true}]}}