{"id":15,"date":"2016-07-08T12:25:56","date_gmt":"2016-07-08T12:25:56","guid":{"rendered":"http:\/\/driveonline.hu\/dev\/conint\/?page_id=15"},"modified":"2020-10-15T22:56:32","modified_gmt":"2020-10-15T22:56:32","slug":"nutliczhe-infos","status":"publish","type":"page","link":"https:\/\/conint.hu\/de\/nutliczhe-infos\/","title":{"rendered":"N\u00fctliczhe Infos"},"content":{"rendered":"<p><div class=\"fusion-fullwidth fullwidth-box fusion-builder-row-1 hundred-percent-fullwidth non-hundred-percent-height-scrolling\" style=\"--awb-background-position:left top;--awb-border-radius-top-left:0px;--awb-border-radius-top-right:0px;--awb-border-radius-bottom-right:0px;--awb-border-radius-bottom-left:0px;--awb-padding-top:0px;--awb-padding-right:0px;--awb-padding-bottom:0px;--awb-padding-left:0px;--awb-border-sizes-top:0px;--awb-border-sizes-bottom:0px;--awb-flex-wrap:wrap;\" ><div class=\"fusion-builder-row fusion-row\"><div class=\"fusion-layout-column fusion_builder_column fusion-builder-column-0 fusion_builder_column_1_1 1_1 fusion-one-full fusion-column-first fusion-column-last fusion-column-no-min-height\" style=\"--awb-bg-size:cover;--awb-margin-bottom:0px;\"><div class=\"fusion-column-wrapper fusion-flex-column-wrapper-legacy\"><div class=\"fusion-image-element fusion-image-align-center in-legacy-container\" style=\"text-align:center;--awb-caption-title-font-family:var(--h2_typography-font-family);--awb-caption-title-font-weight:var(--h2_typography-font-weight);--awb-caption-title-font-style:var(--h2_typography-font-style);--awb-caption-title-size:var(--h2_typography-font-size);--awb-caption-title-transform:var(--h2_typography-text-transform);--awb-caption-title-line-height:var(--h2_typography-line-height);--awb-caption-title-letter-spacing:var(--h2_typography-letter-spacing);\"><div class=\"imageframe-align-center\"><span class=\" fusion-imageframe imageframe-none imageframe-1 hover-type-none\"><img decoding=\"async\" width=\"1920\" height=\"591\" title=\"hasznos-infok_bg\" src=\"https:\/\/conint.hu\/de\/wp-content\/uploads\/2016\/07\/hasznos-infok_bg.jpg\" alt class=\"img-responsive wp-image-475\" srcset=\"https:\/\/conint.hu\/de\/wp-content\/uploads\/2016\/07\/hasznos-infok_bg-200x62.jpg 200w, https:\/\/conint.hu\/de\/wp-content\/uploads\/2016\/07\/hasznos-infok_bg-400x123.jpg 400w, https:\/\/conint.hu\/de\/wp-content\/uploads\/2016\/07\/hasznos-infok_bg-600x185.jpg 600w, https:\/\/conint.hu\/de\/wp-content\/uploads\/2016\/07\/hasznos-infok_bg-800x246.jpg 800w, https:\/\/conint.hu\/de\/wp-content\/uploads\/2016\/07\/hasznos-infok_bg-1200x369.jpg 1200w, https:\/\/conint.hu\/de\/wp-content\/uploads\/2016\/07\/hasznos-infok_bg.jpg 1920w\" sizes=\"(max-width: 800px) 100vw, 1920px\" \/><\/span><\/div><\/div><div class=\"fusion-clearfix\"><\/div><\/div><\/div><\/div><\/div><div class=\"fusion-fullwidth fullwidth-box fusion-builder-row-2 nonhundred-percent-fullwidth non-hundred-percent-height-scrolling\" style=\"--awb-background-position:left top;--awb-border-radius-top-left:0px;--awb-border-radius-top-right:0px;--awb-border-radius-bottom-right:0px;--awb-border-radius-bottom-left:0px;--awb-padding-top:60px;--awb-padding-bottom:20px;--awb-border-sizes-top:0px;--awb-border-sizes-bottom:0px;--awb-flex-wrap:wrap;\" ><div class=\"fusion-builder-row fusion-row\"><div class=\"fusion-layout-column fusion_builder_column fusion-builder-column-1 fusion_builder_column_1_1 1_1 fusion-one-full fusion-column-first fusion-column-last fusion-column-no-min-height\" style=\"--awb-bg-size:cover;--awb-margin-bottom:0px;\"><div class=\"fusion-column-wrapper fusion-flex-column-wrapper-legacy\"><div class=\"fusion-text fusion-text-1\"><div class=\"alignCenter\">\n<div class=\"paddingtop_1\">\n<div class=\"content_type\">\n<div class=\"head\">\n<h2>N\u00dcTLICZHE INFOS<\/h2>\n<div class=\"normal_content\">\n<p>Hier finden Sie Antworten auf alle Fragen, die w\u00e4hrend der Fertigstellung eines Druckproduktes entstehen k\u00f6nnen.<\/p>\n<p>Wie geben Ihnen genaue Informationen \u00fcber die Druckdaten, Sie lernen \u00fcber die Bedeutung der wichtigen Fachbegriffe kennen, Sie k\u00f6nnen aus den vorhandenen Stanzformen w\u00e4hlen. Sie k\u00f6nnen \u00fcber unsere allgemeinen Bedingungen des Vertrags und der aktuellen Produktgeb\u00fchren informiert werden.<\/p>\n<p>Wir helfen Ihnen um durch die Welt der Verlags einfacher zu navigieren.<\/p>\n<p>Wenn Sie weitere Fragen h\u00c4tten kontaktieren Sie bitte unsere Experten in 06-1-488-4660 Telefonnummer!<\/p>\n<\/div>\n<\/div>\n<\/div>\n<\/div>\n<\/div>\n<\/div><div class=\"fusion-clearfix\"><\/div><\/div><\/div><\/div><\/div><div class=\"fusion-fullwidth fullwidth-box fusion-builder-row-3 nonhundred-percent-fullwidth non-hundred-percent-height-scrolling flipping\" style=\"--awb-background-position:left top;--awb-border-radius-top-left:0px;--awb-border-radius-top-right:0px;--awb-border-radius-bottom-right:0px;--awb-border-radius-bottom-left:0px;--awb-padding-top:20px;--awb-padding-bottom:20px;--awb-border-sizes-top:0px;--awb-border-sizes-bottom:0px;--awb-flex-wrap:wrap;\" ><div class=\"fusion-builder-row fusion-row\"><div class=\"fusion-layout-column fusion_builder_column fusion-builder-column-2 fusion_builder_column_1_3 1_3 fusion-one-third fusion-column-first\" style=\"--awb-bg-size:cover;width:30.6666%; margin-right: 4%;\"><div class=\"fusion-column-wrapper fusion-flex-column-wrapper-legacy\"><div class=\"fusion-image-element fusion-image-align-center in-legacy-container\" style=\"text-align:center;--awb-caption-title-font-family:var(--h2_typography-font-family);--awb-caption-title-font-weight:var(--h2_typography-font-weight);--awb-caption-title-font-style:var(--h2_typography-font-style);--awb-caption-title-size:var(--h2_typography-font-size);--awb-caption-title-transform:var(--h2_typography-text-transform);--awb-caption-title-line-height:var(--h2_typography-line-height);--awb-caption-title-letter-spacing:var(--h2_typography-letter-spacing);\"><div class=\"imageframe-align-center\"><span class=\" fusion-imageframe imageframe-none imageframe-2 hover-type-none\"><a class=\"fusion-no-lightbox\" href=\"https:\/\/conint.hu\/de\/nutliczhe-infos\/druckdaten\/\" target=\"_self\" aria-label=\"3hasz\"><img decoding=\"async\" width=\"150\" height=\"150\" src=\"https:\/\/conint.hu\/de\/wp-content\/uploads\/2016\/07\/3hasz.png\" alt class=\"img-responsive wp-image-839\" srcset=\"https:\/\/conint.hu\/de\/wp-content\/uploads\/2016\/07\/3hasz-66x66.png 66w, https:\/\/conint.hu\/de\/wp-content\/uploads\/2016\/07\/3hasz.png 150w\" sizes=\"(max-width: 150px) 100vw, 150px\" \/><\/a><\/span><\/div><\/div><div class=\"fusion-sep-clear\"><\/div><div class=\"fusion-separator fusion-full-width-sep\" style=\"margin-left: auto;margin-right: auto;margin-top:0px;margin-bottom:15px;width:100%;\"><\/div><div class=\"fusion-sep-clear\"><\/div><div class=\"fusion-text fusion-text-2\"><h3 style=\"text-align: center;\"><a href=\"https:\/\/conint.hu\/de\/nutliczhe-infos\/druckdaten\/\">DRUCKDATEN<\/a><\/h3>\n<\/div><div class=\"fusion-clearfix\"><\/div><\/div><\/div><div class=\"fusion-layout-column fusion_builder_column fusion-builder-column-3 fusion_builder_column_1_3 1_3 fusion-one-third\" style=\"--awb-bg-size:cover;width:30.6666%; margin-right: 4%;\"><div class=\"fusion-column-wrapper fusion-flex-column-wrapper-legacy\"><div class=\"fusion-image-element fusion-image-align-center in-legacy-container\" style=\"text-align:center;--awb-caption-title-font-family:var(--h2_typography-font-family);--awb-caption-title-font-weight:var(--h2_typography-font-weight);--awb-caption-title-font-style:var(--h2_typography-font-style);--awb-caption-title-size:var(--h2_typography-font-size);--awb-caption-title-transform:var(--h2_typography-text-transform);--awb-caption-title-line-height:var(--h2_typography-line-height);--awb-caption-title-letter-spacing:var(--h2_typography-letter-spacing);\"><div class=\"imageframe-align-center\"><span class=\" fusion-imageframe imageframe-none imageframe-3 hover-type-none\"><a class=\"fusion-no-lightbox\" href=\"https:\/\/conint.hu\/de\/nutliczhe-infos\/stanzformen\/\" target=\"_self\" aria-label=\"4hasz\"><img decoding=\"async\" width=\"150\" height=\"150\" src=\"https:\/\/conint.hu\/de\/wp-content\/uploads\/2016\/07\/4hasz.png\" alt class=\"img-responsive wp-image-840\" srcset=\"https:\/\/conint.hu\/de\/wp-content\/uploads\/2016\/07\/4hasz-66x66.png 66w, https:\/\/conint.hu\/de\/wp-content\/uploads\/2016\/07\/4hasz.png 150w\" sizes=\"(max-width: 150px) 100vw, 150px\" \/><\/a><\/span><\/div><\/div><div class=\"fusion-sep-clear\"><\/div><div class=\"fusion-separator fusion-full-width-sep\" style=\"margin-left: auto;margin-right: auto;margin-top:0px;margin-bottom:15px;width:100%;\"><\/div><div class=\"fusion-sep-clear\"><\/div><div class=\"fusion-text fusion-text-3\"><h3 style=\"text-align: center;\"><a href=\"https:\/\/conint.hu\/de\/nutliczhe-infos\/stanzformen\/\">STANZFORMEN<\/a><\/h3>\n<\/div><div class=\"fusion-clearfix\"><\/div><\/div><\/div><div class=\"fusion-layout-column fusion_builder_column fusion-builder-column-4 fusion_builder_column_1_3 1_3 fusion-one-third fusion-column-last\" style=\"--awb-bg-size:cover;width:30.6666%;\"><div class=\"fusion-column-wrapper fusion-flex-column-wrapper-legacy\"><div class=\"fusion-image-element fusion-image-align-center in-legacy-container\" style=\"text-align:center;--awb-caption-title-font-family:var(--h2_typography-font-family);--awb-caption-title-font-weight:var(--h2_typography-font-weight);--awb-caption-title-font-style:var(--h2_typography-font-style);--awb-caption-title-size:var(--h2_typography-font-size);--awb-caption-title-transform:var(--h2_typography-text-transform);--awb-caption-title-line-height:var(--h2_typography-line-height);--awb-caption-title-letter-spacing:var(--h2_typography-letter-spacing);\"><div class=\"imageframe-align-center\"><span class=\" fusion-imageframe imageframe-none imageframe-4 hover-type-none\"><a class=\"fusion-no-lightbox\" href=\"https:\/\/conint.hu\/de\/nutliczhe-infos\/papiergrossen\/\" target=\"_self\" aria-label=\"5hasz\"><img decoding=\"async\" width=\"150\" height=\"150\" src=\"https:\/\/conint.hu\/de\/wp-content\/uploads\/2016\/07\/5hasz.png\" alt class=\"img-responsive wp-image-841\" srcset=\"https:\/\/conint.hu\/de\/wp-content\/uploads\/2016\/07\/5hasz-66x66.png 66w, https:\/\/conint.hu\/de\/wp-content\/uploads\/2016\/07\/5hasz.png 150w\" sizes=\"(max-width: 150px) 100vw, 150px\" \/><\/a><\/span><\/div><\/div><div class=\"fusion-sep-clear\"><\/div><div class=\"fusion-separator fusion-full-width-sep\" style=\"margin-left: auto;margin-right: auto;margin-top:0px;margin-bottom:15px;width:100%;\"><\/div><div class=\"fusion-sep-clear\"><\/div><div class=\"fusion-text fusion-text-4\"><h3 style=\"text-align: center;\"><a href=\"https:\/\/conint.hu\/de\/nutliczhe-infos\/papiergrossen\/\">PAPIERGR\u00d6SSEN<\/a><\/h3>\n<\/div><div class=\"fusion-clearfix\"><\/div><\/div><\/div><\/div><\/div><\/p>\n","protected":false},"excerpt":{"rendered":"","protected":false},"author":1,"featured_media":0,"parent":0,"menu_order":0,"comment_status":"closed","ping_status":"closed","template":"100-width.php","meta":{"footnotes":""},"class_list":["post-15","page","type-page","status-publish","hentry"],"yoast_head":"<!-- This site is optimized with the Yoast SEO plugin v27.3 - https:\/\/yoast.com\/product\/yoast-seo-wordpress\/ -->\n<title>N\u00fctliczhe Infos - Conint.hu<\/title>\n<meta name=\"robots\" content=\"index, follow, max-snippet:-1, max-image-preview:large, max-video-preview:-1\" \/>\n<link rel=\"canonical\" href=\"https:\/\/conint.hu\/de\/nutliczhe-infos\/\" \/>\n<meta property=\"og:locale\" content=\"de_DE\" \/>\n<meta property=\"og:type\" content=\"article\" \/>\n<meta property=\"og:title\" content=\"N\u00fctliczhe Infos - Conint.hu\" \/>\n<meta property=\"og:url\" content=\"https:\/\/conint.hu\/de\/nutliczhe-infos\/\" \/>\n<meta property=\"og:site_name\" content=\"Conint.hu\" \/>\n<meta property=\"article:modified_time\" content=\"2020-10-15T22:56:32+00:00\" \/>\n<meta property=\"og:image\" content=\"https:\/\/conint.hu\/de\/wp-content\/uploads\/2016\/07\/hasznos-infok_bg.jpg\" \/>\n<meta name=\"twitter:card\" content=\"summary_large_image\" \/>\n<meta name=\"twitter:label1\" content=\"Gesch\u00e4tzte Lesezeit\" \/>\n\t<meta name=\"twitter:data1\" content=\"5\u00a0Minuten\" \/>\n<script type=\"application\/ld+json\" class=\"yoast-schema-graph\">{\"@context\":\"https:\\\/\\\/schema.org\",\"@graph\":[{\"@type\":\"WebPage\",\"@id\":\"https:\\\/\\\/conint.hu\\\/de\\\/nutliczhe-infos\\\/\",\"url\":\"https:\\\/\\\/conint.hu\\\/de\\\/nutliczhe-infos\\\/\",\"name\":\"N\u00fctliczhe Infos - Conint.hu\",\"isPartOf\":{\"@id\":\"https:\\\/\\\/conint.hu\\\/de\\\/#website\"},\"primaryImageOfPage\":{\"@id\":\"https:\\\/\\\/conint.hu\\\/de\\\/nutliczhe-infos\\\/#primaryimage\"},\"image\":{\"@id\":\"https:\\\/\\\/conint.hu\\\/de\\\/nutliczhe-infos\\\/#primaryimage\"},\"thumbnailUrl\":\"https:\\\/\\\/conint.hu\\\/de\\\/wp-content\\\/uploads\\\/2016\\\/07\\\/hasznos-infok_bg.jpg\",\"datePublished\":\"2016-07-08T12:25:56+00:00\",\"dateModified\":\"2020-10-15T22:56:32+00:00\",\"breadcrumb\":{\"@id\":\"https:\\\/\\\/conint.hu\\\/de\\\/nutliczhe-infos\\\/#breadcrumb\"},\"inLanguage\":\"de\",\"potentialAction\":[{\"@type\":\"ReadAction\",\"target\":[\"https:\\\/\\\/conint.hu\\\/de\\\/nutliczhe-infos\\\/\"]}]},{\"@type\":\"ImageObject\",\"inLanguage\":\"de\",\"@id\":\"https:\\\/\\\/conint.hu\\\/de\\\/nutliczhe-infos\\\/#primaryimage\",\"url\":\"https:\\\/\\\/conint.hu\\\/de\\\/wp-content\\\/uploads\\\/2016\\\/07\\\/hasznos-infok_bg.jpg\",\"contentUrl\":\"https:\\\/\\\/conint.hu\\\/de\\\/wp-content\\\/uploads\\\/2016\\\/07\\\/hasznos-infok_bg.jpg\",\"width\":1920,\"height\":591},{\"@type\":\"BreadcrumbList\",\"@id\":\"https:\\\/\\\/conint.hu\\\/de\\\/nutliczhe-infos\\\/#breadcrumb\",\"itemListElement\":[{\"@type\":\"ListItem\",\"position\":1,\"name\":\"Startseite\",\"item\":\"https:\\\/\\\/conint.hu\\\/de\\\/\"},{\"@type\":\"ListItem\",\"position\":2,\"name\":\"N\u00fctliczhe Infos\"}]},{\"@type\":\"WebSite\",\"@id\":\"https:\\\/\\\/conint.hu\\\/de\\\/#website\",\"url\":\"https:\\\/\\\/conint.hu\\\/de\\\/\",\"name\":\"Conint.hu\",\"description\":\"\",\"potentialAction\":[{\"@type\":\"SearchAction\",\"target\":{\"@type\":\"EntryPoint\",\"urlTemplate\":\"https:\\\/\\\/conint.hu\\\/de\\\/?s={search_term_string}\"},\"query-input\":{\"@type\":\"PropertyValueSpecification\",\"valueRequired\":true,\"valueName\":\"search_term_string\"}}],\"inLanguage\":\"de\"}]}<\/script>\n<!-- \/ Yoast SEO plugin. -->","yoast_head_json":{"title":"N\u00fctliczhe Infos - Conint.hu","robots":{"index":"index","follow":"follow","max-snippet":"max-snippet:-1","max-image-preview":"max-image-preview:large","max-video-preview":"max-video-preview:-1"},"canonical":"https:\/\/conint.hu\/de\/nutliczhe-infos\/","og_locale":"de_DE","og_type":"article","og_title":"N\u00fctliczhe Infos - Conint.hu","og_url":"https:\/\/conint.hu\/de\/nutliczhe-infos\/","og_site_name":"Conint.hu","article_modified_time":"2020-10-15T22:56:32+00:00","og_image":[{"url":"https:\/\/conint.hu\/de\/wp-content\/uploads\/2016\/07\/hasznos-infok_bg.jpg","type":"","width":"","height":""}],"twitter_card":"summary_large_image","twitter_misc":{"Gesch\u00e4tzte Lesezeit":"5\u00a0Minuten"},"schema":{"@context":"https:\/\/schema.org","@graph":[{"@type":"WebPage","@id":"https:\/\/conint.hu\/de\/nutliczhe-infos\/","url":"https:\/\/conint.hu\/de\/nutliczhe-infos\/","name":"N\u00fctliczhe Infos - Conint.hu","isPartOf":{"@id":"https:\/\/conint.hu\/de\/#website"},"primaryImageOfPage":{"@id":"https:\/\/conint.hu\/de\/nutliczhe-infos\/#primaryimage"},"image":{"@id":"https:\/\/conint.hu\/de\/nutliczhe-infos\/#primaryimage"},"thumbnailUrl":"https:\/\/conint.hu\/de\/wp-content\/uploads\/2016\/07\/hasznos-infok_bg.jpg","datePublished":"2016-07-08T12:25:56+00:00","dateModified":"2020-10-15T22:56:32+00:00","breadcrumb":{"@id":"https:\/\/conint.hu\/de\/nutliczhe-infos\/#breadcrumb"},"inLanguage":"de","potentialAction":[{"@type":"ReadAction","target":["https:\/\/conint.hu\/de\/nutliczhe-infos\/"]}]},{"@type":"ImageObject","inLanguage":"de","@id":"https:\/\/conint.hu\/de\/nutliczhe-infos\/#primaryimage","url":"https:\/\/conint.hu\/de\/wp-content\/uploads\/2016\/07\/hasznos-infok_bg.jpg","contentUrl":"https:\/\/conint.hu\/de\/wp-content\/uploads\/2016\/07\/hasznos-infok_bg.jpg","width":1920,"height":591},{"@type":"BreadcrumbList","@id":"https:\/\/conint.hu\/de\/nutliczhe-infos\/#breadcrumb","itemListElement":[{"@type":"ListItem","position":1,"name":"Startseite","item":"https:\/\/conint.hu\/de\/"},{"@type":"ListItem","position":2,"name":"N\u00fctliczhe Infos"}]},{"@type":"WebSite","@id":"https:\/\/conint.hu\/de\/#website","url":"https:\/\/conint.hu\/de\/","name":"Conint.hu","description":"","potentialAction":[{"@type":"SearchAction","target":{"@type":"EntryPoint","urlTemplate":"https:\/\/conint.hu\/de\/?s={search_term_string}"},"query-input":{"@type":"PropertyValueSpecification","valueRequired":true,"valueName":"search_term_string"}}],"inLanguage":"de"}]}},"_links":{"self":[{"href":"https:\/\/conint.hu\/de\/wp-json\/wp\/v2\/pages\/15","targetHints":{"allow":["GET"]}}],"collection":[{"href":"https:\/\/conint.hu\/de\/wp-json\/wp\/v2\/pages"}],"about":[{"href":"https:\/\/conint.hu\/de\/wp-json\/wp\/v2\/types\/page"}],"author":[{"embeddable":true,"href":"https:\/\/conint.hu\/de\/wp-json\/wp\/v2\/users\/1"}],"replies":[{"embeddable":true,"href":"https:\/\/conint.hu\/de\/wp-json\/wp\/v2\/comments?post=15"}],"version-history":[{"count":15,"href":"https:\/\/conint.hu\/de\/wp-json\/wp\/v2\/pages\/15\/revisions"}],"predecessor-version":[{"id":1439,"href":"https:\/\/conint.hu\/de\/wp-json\/wp\/v2\/pages\/15\/revisions\/1439"}],"wp:attachment":[{"href":"https:\/\/conint.hu\/de\/wp-json\/wp\/v2\/media?parent=15"}],"curies":[{"name":"wp","href":"https:\/\/api.w.org\/{rel}","templated":true}]}}