{"id":29,"date":"2016-07-08T12:27:48","date_gmt":"2016-07-08T12:27:48","guid":{"rendered":"http:\/\/driveonline.hu\/dev\/conint\/?page_id=29"},"modified":"2020-10-15T22:56:31","modified_gmt":"2020-10-15T22:56:31","slug":"offsetdruckerei","status":"publish","type":"page","link":"https:\/\/conint.hu\/de\/dienstleistungen\/offsetdruckerei\/","title":{"rendered":"Offsetdruckerei &#8211; Budapest, Flyer, Plakate, Prospekte"},"content":{"rendered":"<p><div class=\"fusion-fullwidth fullwidth-box fusion-builder-row-1 hundred-percent-fullwidth non-hundred-percent-height-scrolling\" style=\"--awb-background-position:left top;--awb-border-radius-top-left:0px;--awb-border-radius-top-right:0px;--awb-border-radius-bottom-right:0px;--awb-border-radius-bottom-left:0px;--awb-padding-top:0px;--awb-padding-right:0px;--awb-padding-bottom:0px;--awb-padding-left:0px;--awb-border-sizes-top:0px;--awb-border-sizes-bottom:0px;--awb-flex-wrap:wrap;\" ><div class=\"fusion-builder-row fusion-row\"><div class=\"fusion-layout-column fusion_builder_column fusion-builder-column-0 fusion_builder_column_1_1 1_1 fusion-one-full fusion-column-first fusion-column-last fusion-column-no-min-height\" style=\"--awb-bg-size:cover;--awb-margin-bottom:0px;\"><div class=\"fusion-column-wrapper fusion-flex-column-wrapper-legacy\"><div class=\"fusion-image-element fusion-image-align-center in-legacy-container\" style=\"text-align:center;--awb-caption-title-font-family:var(--h2_typography-font-family);--awb-caption-title-font-weight:var(--h2_typography-font-weight);--awb-caption-title-font-style:var(--h2_typography-font-style);--awb-caption-title-size:var(--h2_typography-font-size);--awb-caption-title-transform:var(--h2_typography-text-transform);--awb-caption-title-line-height:var(--h2_typography-line-height);--awb-caption-title-letter-spacing:var(--h2_typography-letter-spacing);\"><div class=\"imageframe-align-center\"><span class=\" fusion-imageframe imageframe-none imageframe-1 hover-type-none\"><img decoding=\"async\" width=\"1920\" height=\"591\" title=\"nyomda_bg\" src=\"https:\/\/conint.hu\/de\/wp-content\/uploads\/2016\/07\/nyomda_bg.jpg\" alt class=\"img-responsive wp-image-602\" srcset=\"https:\/\/conint.hu\/de\/wp-content\/uploads\/2016\/07\/nyomda_bg-200x62.jpg 200w, https:\/\/conint.hu\/de\/wp-content\/uploads\/2016\/07\/nyomda_bg-400x123.jpg 400w, https:\/\/conint.hu\/de\/wp-content\/uploads\/2016\/07\/nyomda_bg-600x185.jpg 600w, https:\/\/conint.hu\/de\/wp-content\/uploads\/2016\/07\/nyomda_bg-800x246.jpg 800w, https:\/\/conint.hu\/de\/wp-content\/uploads\/2016\/07\/nyomda_bg-1200x369.jpg 1200w, https:\/\/conint.hu\/de\/wp-content\/uploads\/2016\/07\/nyomda_bg.jpg 1920w\" sizes=\"(max-width: 800px) 100vw, 1920px\" \/><\/span><\/div><\/div><div class=\"fusion-clearfix\"><\/div><\/div><\/div><\/div><\/div><div class=\"fusion-fullwidth fullwidth-box fusion-builder-row-2 nonhundred-percent-fullwidth non-hundred-percent-height-scrolling\" style=\"--awb-background-position:left top;--awb-border-radius-top-left:0px;--awb-border-radius-top-right:0px;--awb-border-radius-bottom-right:0px;--awb-border-radius-bottom-left:0px;--awb-padding-top:60px;--awb-padding-bottom:20px;--awb-border-sizes-top:0px;--awb-border-sizes-bottom:0px;--awb-flex-wrap:wrap;\" ><div class=\"fusion-builder-row fusion-row\"><div class=\"fusion-layout-column fusion_builder_column fusion-builder-column-1 fusion_builder_column_1_1 1_1 fusion-one-full fusion-column-first fusion-column-last fusion-column-no-min-height\" style=\"--awb-bg-size:cover;--awb-margin-bottom:0px;\"><div class=\"fusion-column-wrapper fusion-flex-column-wrapper-legacy\"><div class=\"fusion-text fusion-text-1\"><div class=\"alignCenter\">\n<div class=\"paddingtop_1\">\n<div class=\"content_type\">\n<div class=\"head\">\n<h2>OFFSETDRUCKEREI<\/h2>\n<p>W\u00fcnschen Sie sich einen Prospekt, wissen aber nicht, welches Papier daf\u00fcr geeignet ist und wie er \u00fcberhaupt gedruckt werden kann?<br \/>\nDie Fachleute in unserem Kundendienst geben Ihnen gerne Auskunft \u00fcber die Fragen in Bezug auf Ausf\u00fchrung, damit das Druckprodukt in der Tat nach Ihren W\u00fcnschen angefertigt werden kann.<br \/>\nFlyer, Plakate, Prospekte oder Kataloge sind die meistgefragten Druckprodukte, wir erarbeiten Ihnen bereitwillig aber praktisch alles nach Wusch, nach kreativen Vorstellungen oder aufgrund besonderen Designs, was aus Papier gemacht werden kann.<br \/>\nBrauchen Sie schnell ein Preisangebot?<br \/>\nSchicken Sie Ihre Anfrage jetzt an die E-Mail-Adresse nyomda@conint.hu und in h\u00f6chstens 24 Stunden erhalten Sie unser Angebot!<br \/>\nAlle Arbeitsg\u00e4nge werden bereits von Ihrer Anfrage an in unserem Computersystem gespeichert, so kann eine gegebene Herstellung jederzeit verfolgt und nachgesucht werden.<br \/>\nAufgrund der CTP- (Computer to plate) Technologie wird sofort, im ersten Arbeitsschnitt der Drucktiegel mit dem neuesten, chemiefreien, umweltfreundlichen Verfahren verfertigt.<br \/>\nWarum sei es von Vorteil f\u00fcr Sie?<br \/>\nEs gibt keine Bildeinstellung, es ist nicht mehr n\u00f6tig, zuerst einen Film herzustellen.<br \/>\nDas bedeutet ein mehr farbechtes Fertigprodukt,\u00a0weniger Sorge und Kosten f\u00fcr Sie!<\/p>\n<p>Ihre Arbeiten werden an den neuesten Heidelberg B2 und Ryobi A1 Druckmaschinen mit kurzer Zeitfrist und in vollkommener Qualit\u00e4t verfertigt! In der Druckindustrie verk\u00f6rpert der Name Heidelberg die deutsche Genauigkeit und Subtilit\u00e4t, in der Wagenkategorie dem Porsche \u00e4hnlich. Ryobi brachte die japanische Pr\u00e4zision in die Druckindustrie.<br \/>\nDie modernsten Druckmaschinen und die fortdauernde Qualit\u00e4tskontrolle erm\u00f6glichen die Ausf\u00fchrung der am meisten anspruchsvollen Auftr\u00e4ge. Die Binderei sichert die individuelle Gestaltung der Druckprodukte durch Formen wie Falzen, Spicken, Biegen, sowie exklusive Formschneiden, Foliieren, UV-Lackieren\u00a0Dar\u00fcber hinaus \u00fcbernehmen wir Handbearbeitungs-, Einklebe-und Einklemmungsauftr\u00e4ge, sowie Arbeiten mit Umschl\u00e4gen oder produktensortiertes Verpacken auch.<\/p>\n<p>Falls Sie Fragen haben, rufen Sie unsere Mitarbeiter unter der Nummer +36-1-481-4663 an!<\/p>\n<p>Eine praktische Idee: Im Falle eines mehrfach gefalteten und \/ oder geklebten Produktes bitten Sie uns vor der Herstellung\u00a0-falls es unsere Mitarbeiter zu empfehlen vergessen w\u00fcrden-\u00a0um eine Attrappe! Sie sparen dadurch enorm sowohl sich selbst, als auch der Druckerei viel Zeit, Geld und \u00c4rger!<\/p>\n<\/div>\n<\/div>\n<\/div>\n<\/div>\n<\/div><div class=\"fusion-clearfix\"><\/div><\/div><\/div><\/div><\/div><div class=\"fusion-fullwidth fullwidth-box fusion-builder-row-3 nonhundred-percent-fullwidth non-hundred-percent-height-scrolling\" style=\"--awb-background-position:left top;--awb-border-radius-top-left:0px;--awb-border-radius-top-right:0px;--awb-border-radius-bottom-right:0px;--awb-border-radius-bottom-left:0px;--awb-padding-top:20px;--awb-padding-bottom:20px;--awb-border-sizes-top:0px;--awb-border-sizes-bottom:0px;--awb-flex-wrap:wrap;\" ><div class=\"fusion-builder-row fusion-row\"><div class=\"fusion-layout-column fusion_builder_column fusion-builder-column-2 fusion_builder_column_1_1 1_1 fusion-one-full fusion-column-first fusion-column-last fusion-column-no-min-height\" style=\"--awb-bg-size:cover;--awb-margin-bottom:0px;\"><div class=\"fusion-column-wrapper fusion-flex-column-wrapper-legacy\"><div class=\"fusion-image-carousel fusion-image-carousel-auto fusion-image-carousel-1 lightbox-enabled heightcontrol\"><div class=\"awb-carousel awb-swiper awb-swiper-carousel awb-carousel--carousel awb-swiper-dots-position-bottom\" data-layout=\"carousel\" data-autoplay=\"no\" data-autoplayspeed=\"2500\" data-autoplaypause=\"no\" data-columns=\"3\" data-columnsmedium=\"1\" data-columnssmall=\"1\" data-itemmargin=\"13\" data-itemwidth=\"180\" data-touchscroll=\"no\" data-freemode=\"no\" data-imagesize=\"auto\" data-scrollitems=\"0\" data-centeredslides=\"no\" data-rotationangle=\"50\" data-depth=\"100\" data-speed=\"500\" data-shadow=\"no\" data-pagination=\"bullets\" style=\"--awb-columns:3;\"><div class=\"swiper-wrapper awb-image-carousel-wrapper fusion-flex-align-items-center\"><div class=\"swiper-slide\"><div class=\"fusion-carousel-item-wrapper\"><div class=\"fusion-image-wrapper hover-type-none\"><a data-rel=\"iLightbox[image_carousel_1]\" data-title=\"12_pic8_n\" aria-label=\"12_pic8_n\" href=\"https:\/\/conint.hu\/de\/wp-content\/uploads\/2016\/08\/12_pic8_n.jpg\" target=\"_self\"><img decoding=\"async\" width=\"1024\" height=\"635\" src=\"https:\/\/conint.hu\/de\/wp-content\/uploads\/2016\/08\/12_pic8_n.jpg\" class=\"attachment-full size-full\" alt=\"\" srcset=\"https:\/\/conint.hu\/de\/wp-content\/uploads\/2016\/08\/12_pic8_n-200x124.jpg 200w, https:\/\/conint.hu\/de\/wp-content\/uploads\/2016\/08\/12_pic8_n-400x248.jpg 400w, https:\/\/conint.hu\/de\/wp-content\/uploads\/2016\/08\/12_pic8_n-600x372.jpg 600w, https:\/\/conint.hu\/de\/wp-content\/uploads\/2016\/08\/12_pic8_n-800x496.jpg 800w, https:\/\/conint.hu\/de\/wp-content\/uploads\/2016\/08\/12_pic8_n.jpg 1024w\" sizes=\"(min-width: 2200px) 100vw, (min-width: 784px) 391px, (min-width: 712px) 587px, (min-width: 640px) 712px, \" \/><\/a><\/div><\/div><\/div><div class=\"swiper-slide\"><div class=\"fusion-carousel-item-wrapper\"><div class=\"fusion-image-wrapper hover-type-none\"><a data-rel=\"iLightbox[image_carousel_1]\" data-title=\"12_pic1_n\" aria-label=\"12_pic1_n\" href=\"https:\/\/conint.hu\/de\/wp-content\/uploads\/2016\/08\/12_pic1_n.jpg\" target=\"_self\"><img decoding=\"async\" width=\"640\" height=\"892\" src=\"https:\/\/conint.hu\/de\/wp-content\/uploads\/2016\/08\/12_pic1_n.jpg\" class=\"attachment-full size-full\" alt=\"\" srcset=\"https:\/\/conint.hu\/de\/wp-content\/uploads\/2016\/08\/12_pic1_n-200x279.jpg 200w, https:\/\/conint.hu\/de\/wp-content\/uploads\/2016\/08\/12_pic1_n-400x558.jpg 400w, https:\/\/conint.hu\/de\/wp-content\/uploads\/2016\/08\/12_pic1_n-600x836.jpg 600w, https:\/\/conint.hu\/de\/wp-content\/uploads\/2016\/08\/12_pic1_n.jpg 640w\" sizes=\"(min-width: 2200px) 100vw, (min-width: 784px) 391px, (min-width: 712px) 587px, (min-width: 640px) 712px, \" \/><\/a><\/div><\/div><\/div><div class=\"swiper-slide\"><div class=\"fusion-carousel-item-wrapper\"><div class=\"fusion-image-wrapper hover-type-none\"><a data-rel=\"iLightbox[image_carousel_1]\" data-title=\"12_pic2_n\" aria-label=\"12_pic2_n\" href=\"https:\/\/conint.hu\/de\/wp-content\/uploads\/2016\/08\/12_pic2_n.jpg\" target=\"_self\"><img decoding=\"async\" width=\"835\" height=\"640\" src=\"https:\/\/conint.hu\/de\/wp-content\/uploads\/2016\/08\/12_pic2_n.jpg\" class=\"attachment-full size-full\" alt=\"\" srcset=\"https:\/\/conint.hu\/de\/wp-content\/uploads\/2016\/08\/12_pic2_n-200x153.jpg 200w, https:\/\/conint.hu\/de\/wp-content\/uploads\/2016\/08\/12_pic2_n-400x307.jpg 400w, https:\/\/conint.hu\/de\/wp-content\/uploads\/2016\/08\/12_pic2_n-600x460.jpg 600w, https:\/\/conint.hu\/de\/wp-content\/uploads\/2016\/08\/12_pic2_n-800x613.jpg 800w, https:\/\/conint.hu\/de\/wp-content\/uploads\/2016\/08\/12_pic2_n.jpg 835w\" sizes=\"(min-width: 2200px) 100vw, (min-width: 784px) 391px, (min-width: 712px) 587px, (min-width: 640px) 712px, \" \/><\/a><\/div><\/div><\/div><div class=\"swiper-slide\"><div class=\"fusion-carousel-item-wrapper\"><div class=\"fusion-image-wrapper hover-type-none\"><a data-rel=\"iLightbox[image_carousel_1]\" data-title=\"12_pic3_n\" aria-label=\"12_pic3_n\" href=\"https:\/\/conint.hu\/de\/wp-content\/uploads\/2016\/08\/12_pic3_n.jpg\" target=\"_self\"><img decoding=\"async\" width=\"886\" height=\"912\" src=\"https:\/\/conint.hu\/de\/wp-content\/uploads\/2016\/08\/12_pic3_n.jpg\" class=\"attachment-full size-full\" alt=\"\" srcset=\"https:\/\/conint.hu\/de\/wp-content\/uploads\/2016\/08\/12_pic3_n-200x206.jpg 200w, https:\/\/conint.hu\/de\/wp-content\/uploads\/2016\/08\/12_pic3_n-400x412.jpg 400w, https:\/\/conint.hu\/de\/wp-content\/uploads\/2016\/08\/12_pic3_n-600x618.jpg 600w, https:\/\/conint.hu\/de\/wp-content\/uploads\/2016\/08\/12_pic3_n-800x823.jpg 800w, https:\/\/conint.hu\/de\/wp-content\/uploads\/2016\/08\/12_pic3_n.jpg 886w\" sizes=\"(min-width: 2200px) 100vw, (min-width: 784px) 391px, (min-width: 712px) 587px, (min-width: 640px) 712px, \" \/><\/a><\/div><\/div><\/div><div class=\"swiper-slide\"><div class=\"fusion-carousel-item-wrapper\"><div class=\"fusion-image-wrapper hover-type-none\"><a data-rel=\"iLightbox[image_carousel_1]\" data-title=\"12_pic4_n\" aria-label=\"12_pic4_n\" href=\"https:\/\/conint.hu\/de\/wp-content\/uploads\/2016\/08\/12_pic4_n.jpg\" target=\"_self\"><img decoding=\"async\" width=\"886\" height=\"912\" src=\"https:\/\/conint.hu\/de\/wp-content\/uploads\/2016\/08\/12_pic4_n.jpg\" class=\"attachment-full size-full\" alt=\"\" srcset=\"https:\/\/conint.hu\/de\/wp-content\/uploads\/2016\/08\/12_pic4_n-200x206.jpg 200w, https:\/\/conint.hu\/de\/wp-content\/uploads\/2016\/08\/12_pic4_n-400x412.jpg 400w, https:\/\/conint.hu\/de\/wp-content\/uploads\/2016\/08\/12_pic4_n-600x618.jpg 600w, https:\/\/conint.hu\/de\/wp-content\/uploads\/2016\/08\/12_pic4_n-800x823.jpg 800w, https:\/\/conint.hu\/de\/wp-content\/uploads\/2016\/08\/12_pic4_n.jpg 886w\" sizes=\"(min-width: 2200px) 100vw, (min-width: 784px) 391px, (min-width: 712px) 587px, (min-width: 640px) 712px, \" \/><\/a><\/div><\/div><\/div><div class=\"swiper-slide\"><div class=\"fusion-carousel-item-wrapper\"><div class=\"fusion-image-wrapper hover-type-none\"><a data-rel=\"iLightbox[image_carousel_1]\" target=\"_self\"><img decoding=\"async\" src=\"\" alt=\"\"\/><\/a><\/div><\/div><\/div><div class=\"swiper-slide\"><div class=\"fusion-carousel-item-wrapper\"><div class=\"fusion-image-wrapper hover-type-none\"><a data-rel=\"iLightbox[image_carousel_1]\" data-title=\"12_pic6_n\" aria-label=\"12_pic6_n\" href=\"https:\/\/conint.hu\/de\/wp-content\/uploads\/2016\/07\/12_pic6_n.jpg\" target=\"_self\"><img decoding=\"async\" width=\"1024\" height=\"682\" src=\"https:\/\/conint.hu\/de\/wp-content\/uploads\/2016\/07\/12_pic6_n.jpg\" class=\"attachment-full size-full\" alt=\"\" srcset=\"https:\/\/conint.hu\/de\/wp-content\/uploads\/2016\/07\/12_pic6_n-200x133.jpg 200w, https:\/\/conint.hu\/de\/wp-content\/uploads\/2016\/07\/12_pic6_n-400x266.jpg 400w, https:\/\/conint.hu\/de\/wp-content\/uploads\/2016\/07\/12_pic6_n-600x400.jpg 600w, https:\/\/conint.hu\/de\/wp-content\/uploads\/2016\/07\/12_pic6_n-800x533.jpg 800w, https:\/\/conint.hu\/de\/wp-content\/uploads\/2016\/07\/12_pic6_n.jpg 1024w\" sizes=\"(min-width: 2200px) 100vw, (min-width: 784px) 391px, (min-width: 712px) 587px, (min-width: 640px) 712px, \" \/><\/a><\/div><\/div><\/div><div class=\"swiper-slide\"><div class=\"fusion-carousel-item-wrapper\"><div class=\"fusion-image-wrapper hover-type-none\"><a data-rel=\"iLightbox[image_carousel_1]\" data-title=\"12_pic7_n\" aria-label=\"12_pic7_n\" href=\"https:\/\/conint.hu\/de\/wp-content\/uploads\/2016\/07\/12_pic7_n.jpg\" target=\"_self\"><img decoding=\"async\" width=\"1024\" height=\"682\" src=\"https:\/\/conint.hu\/de\/wp-content\/uploads\/2016\/07\/12_pic7_n.jpg\" class=\"attachment-full size-full\" alt=\"\" srcset=\"https:\/\/conint.hu\/de\/wp-content\/uploads\/2016\/07\/12_pic7_n-200x133.jpg 200w, https:\/\/conint.hu\/de\/wp-content\/uploads\/2016\/07\/12_pic7_n-400x266.jpg 400w, https:\/\/conint.hu\/de\/wp-content\/uploads\/2016\/07\/12_pic7_n-600x400.jpg 600w, https:\/\/conint.hu\/de\/wp-content\/uploads\/2016\/07\/12_pic7_n-800x533.jpg 800w, https:\/\/conint.hu\/de\/wp-content\/uploads\/2016\/07\/12_pic7_n.jpg 1024w\" sizes=\"(min-width: 2200px) 100vw, (min-width: 784px) 391px, (min-width: 712px) 587px, (min-width: 640px) 712px, \" \/><\/a><\/div><\/div><\/div><\/div><div class=\"awb-swiper-button awb-swiper-button-prev\"><i class=\"awb-icon-angle-left\" aria-hidden=\"true\"><\/i><\/div><div class=\"awb-swiper-button awb-swiper-button-next\"><i class=\"awb-icon-angle-right\" aria-hidden=\"true\"><\/i><\/div><\/div><\/div><div class=\"fusion-clearfix\"><\/div><\/div><\/div><\/div><\/div><\/p>\n","protected":false},"excerpt":{"rendered":"","protected":false},"author":1,"featured_media":0,"parent":11,"menu_order":0,"comment_status":"closed","ping_status":"closed","template":"100-width.php","meta":{"footnotes":""},"class_list":["post-29","page","type-page","status-publish","hentry"],"yoast_head":"<!-- This site is optimized with the Yoast SEO plugin v27.3 - https:\/\/yoast.com\/product\/yoast-seo-wordpress\/ -->\n<title>Offsetdruckerei - Budapest, Flyer, Plakate, Prospekte<\/title>\n<meta name=\"robots\" content=\"index, follow, max-snippet:-1, max-image-preview:large, max-video-preview:-1\" \/>\n<link rel=\"canonical\" href=\"https:\/\/conint.hu\/de\/dienstleistungen\/offsetdruckerei\/\" \/>\n<meta property=\"og:locale\" content=\"de_DE\" \/>\n<meta property=\"og:type\" content=\"article\" \/>\n<meta property=\"og:title\" content=\"Offsetdruckerei - Budapest, Flyer, Plakate, Prospekte\" \/>\n<meta property=\"og:url\" content=\"https:\/\/conint.hu\/de\/dienstleistungen\/offsetdruckerei\/\" \/>\n<meta property=\"og:site_name\" content=\"Conint.hu\" \/>\n<meta property=\"article:modified_time\" content=\"2020-10-15T22:56:31+00:00\" \/>\n<meta property=\"og:image\" content=\"https:\/\/conint.hu\/de\/wp-content\/uploads\/2016\/07\/nyomda_bg.jpg\" \/>\n<meta name=\"twitter:card\" content=\"summary_large_image\" \/>\n<meta name=\"twitter:label1\" content=\"Gesch\u00e4tzte Lesezeit\" \/>\n\t<meta name=\"twitter:data1\" content=\"5\u00a0Minuten\" \/>\n<script type=\"application\/ld+json\" class=\"yoast-schema-graph\">{\"@context\":\"https:\\\/\\\/schema.org\",\"@graph\":[{\"@type\":\"WebPage\",\"@id\":\"https:\\\/\\\/conint.hu\\\/de\\\/dienstleistungen\\\/offsetdruckerei\\\/\",\"url\":\"https:\\\/\\\/conint.hu\\\/de\\\/dienstleistungen\\\/offsetdruckerei\\\/\",\"name\":\"Offsetdruckerei - Budapest, Flyer, Plakate, Prospekte\",\"isPartOf\":{\"@id\":\"https:\\\/\\\/conint.hu\\\/de\\\/#website\"},\"primaryImageOfPage\":{\"@id\":\"https:\\\/\\\/conint.hu\\\/de\\\/dienstleistungen\\\/offsetdruckerei\\\/#primaryimage\"},\"image\":{\"@id\":\"https:\\\/\\\/conint.hu\\\/de\\\/dienstleistungen\\\/offsetdruckerei\\\/#primaryimage\"},\"thumbnailUrl\":\"https:\\\/\\\/conint.hu\\\/de\\\/wp-content\\\/uploads\\\/2016\\\/07\\\/nyomda_bg.jpg\",\"datePublished\":\"2016-07-08T12:27:48+00:00\",\"dateModified\":\"2020-10-15T22:56:31+00:00\",\"breadcrumb\":{\"@id\":\"https:\\\/\\\/conint.hu\\\/de\\\/dienstleistungen\\\/offsetdruckerei\\\/#breadcrumb\"},\"inLanguage\":\"de\",\"potentialAction\":[{\"@type\":\"ReadAction\",\"target\":[\"https:\\\/\\\/conint.hu\\\/de\\\/dienstleistungen\\\/offsetdruckerei\\\/\"]}]},{\"@type\":\"ImageObject\",\"inLanguage\":\"de\",\"@id\":\"https:\\\/\\\/conint.hu\\\/de\\\/dienstleistungen\\\/offsetdruckerei\\\/#primaryimage\",\"url\":\"https:\\\/\\\/conint.hu\\\/de\\\/wp-content\\\/uploads\\\/2016\\\/07\\\/nyomda_bg.jpg\",\"contentUrl\":\"https:\\\/\\\/conint.hu\\\/de\\\/wp-content\\\/uploads\\\/2016\\\/07\\\/nyomda_bg.jpg\",\"width\":1920,\"height\":591},{\"@type\":\"BreadcrumbList\",\"@id\":\"https:\\\/\\\/conint.hu\\\/de\\\/dienstleistungen\\\/offsetdruckerei\\\/#breadcrumb\",\"itemListElement\":[{\"@type\":\"ListItem\",\"position\":1,\"name\":\"Startseite\",\"item\":\"https:\\\/\\\/conint.hu\\\/de\\\/\"},{\"@type\":\"ListItem\",\"position\":2,\"name\":\"Dienstleistungen\",\"item\":\"https:\\\/\\\/conint.hu\\\/de\\\/dienstleistungen\\\/\"},{\"@type\":\"ListItem\",\"position\":3,\"name\":\"Offsetdruckerei &#8211; Budapest, Flyer, Plakate, Prospekte\"}]},{\"@type\":\"WebSite\",\"@id\":\"https:\\\/\\\/conint.hu\\\/de\\\/#website\",\"url\":\"https:\\\/\\\/conint.hu\\\/de\\\/\",\"name\":\"Conint.hu\",\"description\":\"\",\"potentialAction\":[{\"@type\":\"SearchAction\",\"target\":{\"@type\":\"EntryPoint\",\"urlTemplate\":\"https:\\\/\\\/conint.hu\\\/de\\\/?s={search_term_string}\"},\"query-input\":{\"@type\":\"PropertyValueSpecification\",\"valueRequired\":true,\"valueName\":\"search_term_string\"}}],\"inLanguage\":\"de\"}]}<\/script>\n<!-- \/ Yoast SEO plugin. -->","yoast_head_json":{"title":"Offsetdruckerei - Budapest, Flyer, Plakate, Prospekte","robots":{"index":"index","follow":"follow","max-snippet":"max-snippet:-1","max-image-preview":"max-image-preview:large","max-video-preview":"max-video-preview:-1"},"canonical":"https:\/\/conint.hu\/de\/dienstleistungen\/offsetdruckerei\/","og_locale":"de_DE","og_type":"article","og_title":"Offsetdruckerei - Budapest, Flyer, Plakate, Prospekte","og_url":"https:\/\/conint.hu\/de\/dienstleistungen\/offsetdruckerei\/","og_site_name":"Conint.hu","article_modified_time":"2020-10-15T22:56:31+00:00","og_image":[{"url":"https:\/\/conint.hu\/de\/wp-content\/uploads\/2016\/07\/nyomda_bg.jpg","type":"","width":"","height":""}],"twitter_card":"summary_large_image","twitter_misc":{"Gesch\u00e4tzte Lesezeit":"5\u00a0Minuten"},"schema":{"@context":"https:\/\/schema.org","@graph":[{"@type":"WebPage","@id":"https:\/\/conint.hu\/de\/dienstleistungen\/offsetdruckerei\/","url":"https:\/\/conint.hu\/de\/dienstleistungen\/offsetdruckerei\/","name":"Offsetdruckerei - Budapest, Flyer, Plakate, Prospekte","isPartOf":{"@id":"https:\/\/conint.hu\/de\/#website"},"primaryImageOfPage":{"@id":"https:\/\/conint.hu\/de\/dienstleistungen\/offsetdruckerei\/#primaryimage"},"image":{"@id":"https:\/\/conint.hu\/de\/dienstleistungen\/offsetdruckerei\/#primaryimage"},"thumbnailUrl":"https:\/\/conint.hu\/de\/wp-content\/uploads\/2016\/07\/nyomda_bg.jpg","datePublished":"2016-07-08T12:27:48+00:00","dateModified":"2020-10-15T22:56:31+00:00","breadcrumb":{"@id":"https:\/\/conint.hu\/de\/dienstleistungen\/offsetdruckerei\/#breadcrumb"},"inLanguage":"de","potentialAction":[{"@type":"ReadAction","target":["https:\/\/conint.hu\/de\/dienstleistungen\/offsetdruckerei\/"]}]},{"@type":"ImageObject","inLanguage":"de","@id":"https:\/\/conint.hu\/de\/dienstleistungen\/offsetdruckerei\/#primaryimage","url":"https:\/\/conint.hu\/de\/wp-content\/uploads\/2016\/07\/nyomda_bg.jpg","contentUrl":"https:\/\/conint.hu\/de\/wp-content\/uploads\/2016\/07\/nyomda_bg.jpg","width":1920,"height":591},{"@type":"BreadcrumbList","@id":"https:\/\/conint.hu\/de\/dienstleistungen\/offsetdruckerei\/#breadcrumb","itemListElement":[{"@type":"ListItem","position":1,"name":"Startseite","item":"https:\/\/conint.hu\/de\/"},{"@type":"ListItem","position":2,"name":"Dienstleistungen","item":"https:\/\/conint.hu\/de\/dienstleistungen\/"},{"@type":"ListItem","position":3,"name":"Offsetdruckerei &#8211; Budapest, Flyer, Plakate, Prospekte"}]},{"@type":"WebSite","@id":"https:\/\/conint.hu\/de\/#website","url":"https:\/\/conint.hu\/de\/","name":"Conint.hu","description":"","potentialAction":[{"@type":"SearchAction","target":{"@type":"EntryPoint","urlTemplate":"https:\/\/conint.hu\/de\/?s={search_term_string}"},"query-input":{"@type":"PropertyValueSpecification","valueRequired":true,"valueName":"search_term_string"}}],"inLanguage":"de"}]}},"_links":{"self":[{"href":"https:\/\/conint.hu\/de\/wp-json\/wp\/v2\/pages\/29","targetHints":{"allow":["GET"]}}],"collection":[{"href":"https:\/\/conint.hu\/de\/wp-json\/wp\/v2\/pages"}],"about":[{"href":"https:\/\/conint.hu\/de\/wp-json\/wp\/v2\/types\/page"}],"author":[{"embeddable":true,"href":"https:\/\/conint.hu\/de\/wp-json\/wp\/v2\/users\/1"}],"replies":[{"embeddable":true,"href":"https:\/\/conint.hu\/de\/wp-json\/wp\/v2\/comments?post=29"}],"version-history":[{"count":44,"href":"https:\/\/conint.hu\/de\/wp-json\/wp\/v2\/pages\/29\/revisions"}],"predecessor-version":[{"id":1432,"href":"https:\/\/conint.hu\/de\/wp-json\/wp\/v2\/pages\/29\/revisions\/1432"}],"up":[{"embeddable":true,"href":"https:\/\/conint.hu\/de\/wp-json\/wp\/v2\/pages\/11"}],"wp:attachment":[{"href":"https:\/\/conint.hu\/de\/wp-json\/wp\/v2\/media?parent=29"}],"curies":[{"name":"wp","href":"https:\/\/api.w.org\/{rel}","templated":true}]}}