{"id":33,"date":"2016-07-08T12:28:18","date_gmt":"2016-07-08T12:28:18","guid":{"rendered":"http:\/\/driveonline.hu\/dev\/conint\/?page_id=33"},"modified":"2020-10-15T22:56:31","modified_gmt":"2020-10-15T22:56:31","slug":"graphische-planung","status":"publish","type":"page","link":"https:\/\/conint.hu\/de\/dienstleistungen\/graphische-planung\/","title":{"rendered":"Graphische Planung, Desing"},"content":{"rendered":"<p><div class=\"fusion-fullwidth fullwidth-box fusion-builder-row-1 hundred-percent-fullwidth non-hundred-percent-height-scrolling\" style=\"--awb-background-position:left top;--awb-border-radius-top-left:0px;--awb-border-radius-top-right:0px;--awb-border-radius-bottom-right:0px;--awb-border-radius-bottom-left:0px;--awb-padding-top:0px;--awb-padding-right:0px;--awb-padding-bottom:0px;--awb-padding-left:0px;--awb-border-sizes-top:0px;--awb-border-sizes-bottom:0px;--awb-flex-wrap:wrap;\" ><div class=\"fusion-builder-row fusion-row\"><div class=\"fusion-layout-column fusion_builder_column fusion-builder-column-0 fusion_builder_column_1_1 1_1 fusion-one-full fusion-column-first fusion-column-last fusion-column-no-min-height\" style=\"--awb-bg-size:cover;--awb-margin-bottom:0px;\"><div class=\"fusion-column-wrapper fusion-flex-column-wrapper-legacy\"><div class=\"fusion-image-element fusion-image-align-center in-legacy-container\" style=\"text-align:center;--awb-caption-title-font-family:var(--h2_typography-font-family);--awb-caption-title-font-weight:var(--h2_typography-font-weight);--awb-caption-title-font-style:var(--h2_typography-font-style);--awb-caption-title-size:var(--h2_typography-font-size);--awb-caption-title-transform:var(--h2_typography-text-transform);--awb-caption-title-line-height:var(--h2_typography-line-height);--awb-caption-title-letter-spacing:var(--h2_typography-letter-spacing);\"><div class=\"imageframe-align-center\"><span class=\" fusion-imageframe imageframe-none imageframe-1 hover-type-none\"><img decoding=\"async\" width=\"1920\" height=\"591\" title=\"grafikai_tervezes_bg\" src=\"https:\/\/conint.hu\/de\/wp-content\/uploads\/2016\/07\/grafikai_tervezes_bg.jpg\" alt class=\"img-responsive wp-image-626\" srcset=\"https:\/\/conint.hu\/de\/wp-content\/uploads\/2016\/07\/grafikai_tervezes_bg-200x62.jpg 200w, https:\/\/conint.hu\/de\/wp-content\/uploads\/2016\/07\/grafikai_tervezes_bg-400x123.jpg 400w, https:\/\/conint.hu\/de\/wp-content\/uploads\/2016\/07\/grafikai_tervezes_bg-600x185.jpg 600w, https:\/\/conint.hu\/de\/wp-content\/uploads\/2016\/07\/grafikai_tervezes_bg-800x246.jpg 800w, https:\/\/conint.hu\/de\/wp-content\/uploads\/2016\/07\/grafikai_tervezes_bg-1200x369.jpg 1200w, https:\/\/conint.hu\/de\/wp-content\/uploads\/2016\/07\/grafikai_tervezes_bg.jpg 1920w\" sizes=\"(max-width: 800px) 100vw, 1920px\" \/><\/span><\/div><\/div><div class=\"fusion-clearfix\"><\/div><\/div><\/div><\/div><\/div><div class=\"fusion-fullwidth fullwidth-box fusion-builder-row-2 nonhundred-percent-fullwidth non-hundred-percent-height-scrolling\" style=\"--awb-background-position:left top;--awb-border-radius-top-left:0px;--awb-border-radius-top-right:0px;--awb-border-radius-bottom-right:0px;--awb-border-radius-bottom-left:0px;--awb-padding-top:80px;--awb-padding-bottom:20px;--awb-border-sizes-top:0px;--awb-border-sizes-bottom:0px;--awb-flex-wrap:wrap;\" ><div class=\"fusion-builder-row fusion-row\"><div class=\"fusion-layout-column fusion_builder_column fusion-builder-column-1 fusion_builder_column_1_1 1_1 fusion-one-full fusion-column-first fusion-column-last fusion-column-no-min-height\" style=\"--awb-bg-size:cover;--awb-margin-bottom:0px;\"><div class=\"fusion-column-wrapper fusion-flex-column-wrapper-legacy\"><div class=\"fusion-text fusion-text-1\"><div class=\"alignCenter\">\n<div class=\"paddingtop_1\">\n<div class=\"content_type\">\n<div class=\"head\">\n<h2>GRAPHISCHE PLANUNG<\/h2>\n<p>Die Grundlage f\u00fcr Ihr vollkommenes Druckprodukt bildet die entsprechende graphische Planung. In unserem graphischen Studio werden die Vollplanung und die Druckvorbereitung durchgef\u00fchrt. Textumbruch, Photoschneiden und \u2013Retusche, die Design-Gestaltung findet an einem Ort statt, so ist die Qualit\u00e4tsdruck und die kurze Zeitfrist garantiert.<br \/>\nSenden Sie Ihre Bilder und Texte unserem FTP-Server schnell und einfach zu! Geben Sie Ihre Daten unter der Adresse grafika@conint.hu an und in einem Antwort-E-Mail erhalten Sie Ihren Benutzernamen und Passwort zugeschickt.<br \/>\nErkl\u00e4ren Sie unserem Graphiker Ihre Vorstellungen und Ihr Flyer oder Prospekt wird geplant! Der angefertigte Entwurf wird zun\u00e4chst per E-Mail Ihnen zugeschickt und die Graphik nach einer eventuellen Korrektur in ihre endg\u00fcltige Form gebracht.<\/p>\n<p>Die Vorbereitung erfolgt mit Hilfe professioneller Desktoppublishing-Programme an Macintosh-Computern. Auf Wunsch schreiben wir die fertigen Ergebnisse auf CD oder DVD aus.<br \/>\nVor dem Druck l\u00e4sst sich die Farbenechtheit dank dem digitalen (proofon) Probedruck kontrollieren.<\/p>\n<p>Eine praktische Idee: Die Bildaufl\u00f6sung der Photos auf dem Internet betr\u00e4gt 72 dpi. Zu einem Qualit\u00e4tsdruck werden 300 dpi ben\u00f6tigt, ist diese Zahl niedriger, bekommt man \u201egew\u00fcrfelte\u201c Bilder.<br \/>\nDpi bezeichnet die Anzahl der Bildpunkte, die auf 2,54 Zentimeter fallen.<br \/>\nDie Bildaufl\u00f6sung wird durch eine Vergr\u00f6\u00dferung niedriger. Ein 300 dpi-Bild von 10&#215;10 Zentimetern<br \/>\nhat bei einer Vergr\u00f6\u00dferung auf 50&#215;50 Zentimeter blo\u00df 60 dpi.<\/p>\n<\/div>\n<\/div>\n<\/div>\n<\/div>\n<\/div><div class=\"fusion-clearfix\"><\/div><\/div><\/div><\/div><\/div><div class=\"fusion-fullwidth fullwidth-box fusion-builder-row-3 nonhundred-percent-fullwidth non-hundred-percent-height-scrolling\" style=\"--awb-background-position:left top;--awb-border-radius-top-left:0px;--awb-border-radius-top-right:0px;--awb-border-radius-bottom-right:0px;--awb-border-radius-bottom-left:0px;--awb-padding-top:20px;--awb-padding-bottom:20px;--awb-border-sizes-top:0px;--awb-border-sizes-bottom:0px;--awb-flex-wrap:wrap;\" ><div class=\"fusion-builder-row fusion-row\"><div class=\"fusion-layout-column fusion_builder_column fusion-builder-column-2 fusion_builder_column_1_1 1_1 fusion-one-full fusion-column-first fusion-column-last fusion-column-no-min-height\" style=\"--awb-bg-size:cover;--awb-margin-bottom:0px;\"><div class=\"fusion-column-wrapper fusion-flex-column-wrapper-legacy\"><div class=\"fusion-image-carousel fusion-image-carousel-auto fusion-image-carousel-1 lightbox-enabled heightcontrol\"><div class=\"awb-carousel awb-swiper awb-swiper-carousel awb-carousel--carousel awb-swiper-dots-position-bottom\" data-layout=\"carousel\" data-autoplay=\"no\" data-autoplayspeed=\"2500\" data-autoplaypause=\"no\" data-columns=\"4\" data-columnsmedium=\"1\" data-columnssmall=\"1\" data-itemmargin=\"13\" data-itemwidth=\"180\" data-touchscroll=\"no\" data-freemode=\"no\" data-imagesize=\"auto\" data-scrollitems=\"0\" data-centeredslides=\"no\" data-rotationangle=\"50\" data-depth=\"100\" data-speed=\"500\" data-shadow=\"no\" data-pagination=\"bullets\" style=\"--awb-columns:4;\"><div class=\"swiper-wrapper awb-image-carousel-wrapper fusion-flex-align-items-center\"><div class=\"swiper-slide\"><div class=\"fusion-carousel-item-wrapper\"><div class=\"fusion-image-wrapper hover-type-none\"><a data-rel=\"iLightbox[image_carousel_1]\" data-title=\"15_pic5_n\" aria-label=\"15_pic5_n\" href=\"https:\/\/conint.hu\/de\/wp-content\/uploads\/2016\/07\/15_pic5_n.jpg\" target=\"_self\"><img decoding=\"async\" width=\"591\" height=\"592\" src=\"https:\/\/conint.hu\/de\/wp-content\/uploads\/2016\/07\/15_pic5_n.jpg\" class=\"attachment-full size-full\" alt=\"\" srcset=\"https:\/\/conint.hu\/de\/wp-content\/uploads\/2016\/07\/15_pic5_n-200x200.jpg 200w, https:\/\/conint.hu\/de\/wp-content\/uploads\/2016\/07\/15_pic5_n-400x401.jpg 400w, https:\/\/conint.hu\/de\/wp-content\/uploads\/2016\/07\/15_pic5_n.jpg 591w\" sizes=\"(min-width: 2200px) 100vw, (min-width: 856px) 290px, (min-width: 784px) 387px, (min-width: 712px) 581px, (min-width: 640px) 712px, \" \/><\/a><\/div><\/div><\/div><div class=\"swiper-slide\"><div class=\"fusion-carousel-item-wrapper\"><div class=\"fusion-image-wrapper hover-type-none\"><a data-rel=\"iLightbox[image_carousel_1]\" data-title=\"15_pic6_n\" aria-label=\"15_pic6_n\" href=\"https:\/\/conint.hu\/de\/wp-content\/uploads\/2016\/07\/15_pic6_n.jpg\" target=\"_self\"><img decoding=\"async\" width=\"591\" height=\"592\" src=\"https:\/\/conint.hu\/de\/wp-content\/uploads\/2016\/07\/15_pic6_n.jpg\" class=\"attachment-full size-full\" alt=\"\" srcset=\"https:\/\/conint.hu\/de\/wp-content\/uploads\/2016\/07\/15_pic6_n-200x200.jpg 200w, https:\/\/conint.hu\/de\/wp-content\/uploads\/2016\/07\/15_pic6_n-400x401.jpg 400w, https:\/\/conint.hu\/de\/wp-content\/uploads\/2016\/07\/15_pic6_n.jpg 591w\" sizes=\"(min-width: 2200px) 100vw, (min-width: 856px) 290px, (min-width: 784px) 387px, (min-width: 712px) 581px, (min-width: 640px) 712px, \" \/><\/a><\/div><\/div><\/div><div class=\"swiper-slide\"><div class=\"fusion-carousel-item-wrapper\"><div class=\"fusion-image-wrapper hover-type-none\"><a data-rel=\"iLightbox[image_carousel_1]\" data-title=\"15_pic4_n\" aria-label=\"15_pic4_n\" href=\"https:\/\/conint.hu\/de\/wp-content\/uploads\/2016\/07\/15_pic4_n.jpg\" target=\"_self\"><img decoding=\"async\" width=\"591\" height=\"592\" src=\"https:\/\/conint.hu\/de\/wp-content\/uploads\/2016\/07\/15_pic4_n.jpg\" class=\"attachment-full size-full\" alt=\"\" srcset=\"https:\/\/conint.hu\/de\/wp-content\/uploads\/2016\/07\/15_pic4_n-200x200.jpg 200w, https:\/\/conint.hu\/de\/wp-content\/uploads\/2016\/07\/15_pic4_n-400x401.jpg 400w, https:\/\/conint.hu\/de\/wp-content\/uploads\/2016\/07\/15_pic4_n.jpg 591w\" sizes=\"(min-width: 2200px) 100vw, (min-width: 856px) 290px, (min-width: 784px) 387px, (min-width: 712px) 581px, (min-width: 640px) 712px, \" \/><\/a><\/div><\/div><\/div><div class=\"swiper-slide\"><div class=\"fusion-carousel-item-wrapper\"><div class=\"fusion-image-wrapper hover-type-none\"><a data-rel=\"iLightbox[image_carousel_1]\" data-title=\"15_pic3_n\" aria-label=\"15_pic3_n\" href=\"https:\/\/conint.hu\/de\/wp-content\/uploads\/2016\/07\/15_pic3_n.jpg\" target=\"_self\"><img decoding=\"async\" width=\"591\" height=\"592\" src=\"https:\/\/conint.hu\/de\/wp-content\/uploads\/2016\/07\/15_pic3_n.jpg\" class=\"attachment-full size-full\" alt=\"\" srcset=\"https:\/\/conint.hu\/de\/wp-content\/uploads\/2016\/07\/15_pic3_n-200x200.jpg 200w, https:\/\/conint.hu\/de\/wp-content\/uploads\/2016\/07\/15_pic3_n-400x401.jpg 400w, https:\/\/conint.hu\/de\/wp-content\/uploads\/2016\/07\/15_pic3_n.jpg 591w\" sizes=\"(min-width: 2200px) 100vw, (min-width: 856px) 290px, (min-width: 784px) 387px, (min-width: 712px) 581px, (min-width: 640px) 712px, \" \/><\/a><\/div><\/div><\/div><div class=\"swiper-slide\"><div class=\"fusion-carousel-item-wrapper\"><div class=\"fusion-image-wrapper hover-type-none\"><a data-rel=\"iLightbox[image_carousel_1]\" data-title=\"15_pic2_n\" aria-label=\"15_pic2_n\" href=\"https:\/\/conint.hu\/de\/wp-content\/uploads\/2016\/07\/15_pic2_n.jpg\" target=\"_self\"><img decoding=\"async\" width=\"591\" height=\"592\" src=\"https:\/\/conint.hu\/de\/wp-content\/uploads\/2016\/07\/15_pic2_n.jpg\" class=\"attachment-full size-full\" alt=\"\" srcset=\"https:\/\/conint.hu\/de\/wp-content\/uploads\/2016\/07\/15_pic2_n-200x200.jpg 200w, https:\/\/conint.hu\/de\/wp-content\/uploads\/2016\/07\/15_pic2_n-400x401.jpg 400w, https:\/\/conint.hu\/de\/wp-content\/uploads\/2016\/07\/15_pic2_n.jpg 591w\" sizes=\"(min-width: 2200px) 100vw, (min-width: 856px) 290px, (min-width: 784px) 387px, (min-width: 712px) 581px, (min-width: 640px) 712px, \" \/><\/a><\/div><\/div><\/div><div class=\"swiper-slide\"><div class=\"fusion-carousel-item-wrapper\"><div class=\"fusion-image-wrapper hover-type-none\"><a data-rel=\"iLightbox[image_carousel_1]\" data-title=\"15_pic1_n\" aria-label=\"15_pic1_n\" href=\"https:\/\/conint.hu\/de\/wp-content\/uploads\/2016\/07\/15_pic1_n.jpg\" target=\"_self\"><img decoding=\"async\" width=\"591\" height=\"592\" src=\"https:\/\/conint.hu\/de\/wp-content\/uploads\/2016\/07\/15_pic1_n.jpg\" class=\"attachment-full size-full\" alt=\"\" srcset=\"https:\/\/conint.hu\/de\/wp-content\/uploads\/2016\/07\/15_pic1_n-200x200.jpg 200w, https:\/\/conint.hu\/de\/wp-content\/uploads\/2016\/07\/15_pic1_n-400x401.jpg 400w, https:\/\/conint.hu\/de\/wp-content\/uploads\/2016\/07\/15_pic1_n.jpg 591w\" sizes=\"(min-width: 2200px) 100vw, (min-width: 856px) 290px, (min-width: 784px) 387px, (min-width: 712px) 581px, (min-width: 640px) 712px, \" \/><\/a><\/div><\/div><\/div><\/div><div class=\"awb-swiper-button awb-swiper-button-prev\"><i class=\"awb-icon-angle-left\" aria-hidden=\"true\"><\/i><\/div><div class=\"awb-swiper-button awb-swiper-button-next\"><i class=\"awb-icon-angle-right\" aria-hidden=\"true\"><\/i><\/div><\/div><\/div><div class=\"fusion-clearfix\"><\/div><\/div><\/div><\/div><\/div><\/p>\n","protected":false},"excerpt":{"rendered":"","protected":false},"author":1,"featured_media":0,"parent":11,"menu_order":0,"comment_status":"closed","ping_status":"closed","template":"100-width.php","meta":{"footnotes":""},"class_list":["post-33","page","type-page","status-publish","hentry"],"yoast_head":"<!-- This site is optimized with the Yoast SEO plugin v27.3 - https:\/\/yoast.com\/product\/yoast-seo-wordpress\/ -->\n<title>Graphische Planung, Desing - Conint.hu<\/title>\n<meta name=\"robots\" content=\"index, follow, max-snippet:-1, max-image-preview:large, max-video-preview:-1\" \/>\n<link rel=\"canonical\" href=\"https:\/\/conint.hu\/de\/dienstleistungen\/graphische-planung\/\" \/>\n<meta property=\"og:locale\" content=\"de_DE\" \/>\n<meta property=\"og:type\" content=\"article\" \/>\n<meta property=\"og:title\" content=\"Graphische Planung, Desing - Conint.hu\" \/>\n<meta property=\"og:url\" content=\"https:\/\/conint.hu\/de\/dienstleistungen\/graphische-planung\/\" \/>\n<meta property=\"og:site_name\" content=\"Conint.hu\" \/>\n<meta property=\"article:modified_time\" content=\"2020-10-15T22:56:31+00:00\" \/>\n<meta property=\"og:image\" content=\"https:\/\/conint.hu\/de\/wp-content\/uploads\/2016\/07\/grafikai_tervezes_bg.jpg\" \/>\n<meta name=\"twitter:card\" content=\"summary_large_image\" \/>\n<meta name=\"twitter:label1\" content=\"Gesch\u00e4tzte Lesezeit\" \/>\n\t<meta name=\"twitter:data1\" content=\"4\u00a0Minuten\" \/>\n<script type=\"application\/ld+json\" class=\"yoast-schema-graph\">{\"@context\":\"https:\\\/\\\/schema.org\",\"@graph\":[{\"@type\":\"WebPage\",\"@id\":\"https:\\\/\\\/conint.hu\\\/de\\\/dienstleistungen\\\/graphische-planung\\\/\",\"url\":\"https:\\\/\\\/conint.hu\\\/de\\\/dienstleistungen\\\/graphische-planung\\\/\",\"name\":\"Graphische Planung, Desing - Conint.hu\",\"isPartOf\":{\"@id\":\"https:\\\/\\\/conint.hu\\\/de\\\/#website\"},\"primaryImageOfPage\":{\"@id\":\"https:\\\/\\\/conint.hu\\\/de\\\/dienstleistungen\\\/graphische-planung\\\/#primaryimage\"},\"image\":{\"@id\":\"https:\\\/\\\/conint.hu\\\/de\\\/dienstleistungen\\\/graphische-planung\\\/#primaryimage\"},\"thumbnailUrl\":\"https:\\\/\\\/conint.hu\\\/de\\\/wp-content\\\/uploads\\\/2016\\\/07\\\/grafikai_tervezes_bg.jpg\",\"datePublished\":\"2016-07-08T12:28:18+00:00\",\"dateModified\":\"2020-10-15T22:56:31+00:00\",\"breadcrumb\":{\"@id\":\"https:\\\/\\\/conint.hu\\\/de\\\/dienstleistungen\\\/graphische-planung\\\/#breadcrumb\"},\"inLanguage\":\"de\",\"potentialAction\":[{\"@type\":\"ReadAction\",\"target\":[\"https:\\\/\\\/conint.hu\\\/de\\\/dienstleistungen\\\/graphische-planung\\\/\"]}]},{\"@type\":\"ImageObject\",\"inLanguage\":\"de\",\"@id\":\"https:\\\/\\\/conint.hu\\\/de\\\/dienstleistungen\\\/graphische-planung\\\/#primaryimage\",\"url\":\"https:\\\/\\\/conint.hu\\\/de\\\/wp-content\\\/uploads\\\/2016\\\/07\\\/grafikai_tervezes_bg.jpg\",\"contentUrl\":\"https:\\\/\\\/conint.hu\\\/de\\\/wp-content\\\/uploads\\\/2016\\\/07\\\/grafikai_tervezes_bg.jpg\",\"width\":1920,\"height\":591},{\"@type\":\"BreadcrumbList\",\"@id\":\"https:\\\/\\\/conint.hu\\\/de\\\/dienstleistungen\\\/graphische-planung\\\/#breadcrumb\",\"itemListElement\":[{\"@type\":\"ListItem\",\"position\":1,\"name\":\"Startseite\",\"item\":\"https:\\\/\\\/conint.hu\\\/de\\\/\"},{\"@type\":\"ListItem\",\"position\":2,\"name\":\"Dienstleistungen\",\"item\":\"https:\\\/\\\/conint.hu\\\/de\\\/dienstleistungen\\\/\"},{\"@type\":\"ListItem\",\"position\":3,\"name\":\"Graphische Planung, Desing\"}]},{\"@type\":\"WebSite\",\"@id\":\"https:\\\/\\\/conint.hu\\\/de\\\/#website\",\"url\":\"https:\\\/\\\/conint.hu\\\/de\\\/\",\"name\":\"Conint.hu\",\"description\":\"\",\"potentialAction\":[{\"@type\":\"SearchAction\",\"target\":{\"@type\":\"EntryPoint\",\"urlTemplate\":\"https:\\\/\\\/conint.hu\\\/de\\\/?s={search_term_string}\"},\"query-input\":{\"@type\":\"PropertyValueSpecification\",\"valueRequired\":true,\"valueName\":\"search_term_string\"}}],\"inLanguage\":\"de\"}]}<\/script>\n<!-- \/ Yoast SEO plugin. -->","yoast_head_json":{"title":"Graphische Planung, Desing - Conint.hu","robots":{"index":"index","follow":"follow","max-snippet":"max-snippet:-1","max-image-preview":"max-image-preview:large","max-video-preview":"max-video-preview:-1"},"canonical":"https:\/\/conint.hu\/de\/dienstleistungen\/graphische-planung\/","og_locale":"de_DE","og_type":"article","og_title":"Graphische Planung, Desing - Conint.hu","og_url":"https:\/\/conint.hu\/de\/dienstleistungen\/graphische-planung\/","og_site_name":"Conint.hu","article_modified_time":"2020-10-15T22:56:31+00:00","og_image":[{"url":"https:\/\/conint.hu\/de\/wp-content\/uploads\/2016\/07\/grafikai_tervezes_bg.jpg","type":"","width":"","height":""}],"twitter_card":"summary_large_image","twitter_misc":{"Gesch\u00e4tzte Lesezeit":"4\u00a0Minuten"},"schema":{"@context":"https:\/\/schema.org","@graph":[{"@type":"WebPage","@id":"https:\/\/conint.hu\/de\/dienstleistungen\/graphische-planung\/","url":"https:\/\/conint.hu\/de\/dienstleistungen\/graphische-planung\/","name":"Graphische Planung, Desing - Conint.hu","isPartOf":{"@id":"https:\/\/conint.hu\/de\/#website"},"primaryImageOfPage":{"@id":"https:\/\/conint.hu\/de\/dienstleistungen\/graphische-planung\/#primaryimage"},"image":{"@id":"https:\/\/conint.hu\/de\/dienstleistungen\/graphische-planung\/#primaryimage"},"thumbnailUrl":"https:\/\/conint.hu\/de\/wp-content\/uploads\/2016\/07\/grafikai_tervezes_bg.jpg","datePublished":"2016-07-08T12:28:18+00:00","dateModified":"2020-10-15T22:56:31+00:00","breadcrumb":{"@id":"https:\/\/conint.hu\/de\/dienstleistungen\/graphische-planung\/#breadcrumb"},"inLanguage":"de","potentialAction":[{"@type":"ReadAction","target":["https:\/\/conint.hu\/de\/dienstleistungen\/graphische-planung\/"]}]},{"@type":"ImageObject","inLanguage":"de","@id":"https:\/\/conint.hu\/de\/dienstleistungen\/graphische-planung\/#primaryimage","url":"https:\/\/conint.hu\/de\/wp-content\/uploads\/2016\/07\/grafikai_tervezes_bg.jpg","contentUrl":"https:\/\/conint.hu\/de\/wp-content\/uploads\/2016\/07\/grafikai_tervezes_bg.jpg","width":1920,"height":591},{"@type":"BreadcrumbList","@id":"https:\/\/conint.hu\/de\/dienstleistungen\/graphische-planung\/#breadcrumb","itemListElement":[{"@type":"ListItem","position":1,"name":"Startseite","item":"https:\/\/conint.hu\/de\/"},{"@type":"ListItem","position":2,"name":"Dienstleistungen","item":"https:\/\/conint.hu\/de\/dienstleistungen\/"},{"@type":"ListItem","position":3,"name":"Graphische Planung, Desing"}]},{"@type":"WebSite","@id":"https:\/\/conint.hu\/de\/#website","url":"https:\/\/conint.hu\/de\/","name":"Conint.hu","description":"","potentialAction":[{"@type":"SearchAction","target":{"@type":"EntryPoint","urlTemplate":"https:\/\/conint.hu\/de\/?s={search_term_string}"},"query-input":{"@type":"PropertyValueSpecification","valueRequired":true,"valueName":"search_term_string"}}],"inLanguage":"de"}]}},"_links":{"self":[{"href":"https:\/\/conint.hu\/de\/wp-json\/wp\/v2\/pages\/33","targetHints":{"allow":["GET"]}}],"collection":[{"href":"https:\/\/conint.hu\/de\/wp-json\/wp\/v2\/pages"}],"about":[{"href":"https:\/\/conint.hu\/de\/wp-json\/wp\/v2\/types\/page"}],"author":[{"embeddable":true,"href":"https:\/\/conint.hu\/de\/wp-json\/wp\/v2\/users\/1"}],"replies":[{"embeddable":true,"href":"https:\/\/conint.hu\/de\/wp-json\/wp\/v2\/comments?post=33"}],"version-history":[{"count":22,"href":"https:\/\/conint.hu\/de\/wp-json\/wp\/v2\/pages\/33\/revisions"}],"predecessor-version":[{"id":1430,"href":"https:\/\/conint.hu\/de\/wp-json\/wp\/v2\/pages\/33\/revisions\/1430"}],"up":[{"embeddable":true,"href":"https:\/\/conint.hu\/de\/wp-json\/wp\/v2\/pages\/11"}],"wp:attachment":[{"href":"https:\/\/conint.hu\/de\/wp-json\/wp\/v2\/media?parent=33"}],"curies":[{"name":"wp","href":"https:\/\/api.w.org\/{rel}","templated":true}]}}