{"id":35,"date":"2016-07-08T12:28:33","date_gmt":"2016-07-08T12:28:33","guid":{"rendered":"http:\/\/driveonline.hu\/dev\/conint\/?page_id=35"},"modified":"2020-10-15T22:56:31","modified_gmt":"2020-10-15T22:56:31","slug":"digitaler-druck","status":"publish","type":"page","link":"https:\/\/conint.hu\/de\/dienstleistungen\/digitaler-druck\/","title":{"rendered":"Digitaler Druck, Flagge, Molino"},"content":{"rendered":"<p><div class=\"fusion-fullwidth fullwidth-box fusion-builder-row-1 hundred-percent-fullwidth non-hundred-percent-height-scrolling\" style=\"--awb-background-position:left top;--awb-border-radius-top-left:0px;--awb-border-radius-top-right:0px;--awb-border-radius-bottom-right:0px;--awb-border-radius-bottom-left:0px;--awb-padding-top:0px;--awb-padding-right:0px;--awb-padding-bottom:0px;--awb-padding-left:0px;--awb-border-sizes-top:0px;--awb-border-sizes-bottom:0px;--awb-flex-wrap:wrap;\" ><div class=\"fusion-builder-row fusion-row\"><div class=\"fusion-layout-column fusion_builder_column fusion-builder-column-0 fusion_builder_column_1_1 1_1 fusion-one-full fusion-column-first fusion-column-last fusion-column-no-min-height\" style=\"--awb-bg-size:cover;--awb-margin-bottom:0px;\"><div class=\"fusion-column-wrapper fusion-flex-column-wrapper-legacy\"><div class=\"fusion-image-element fusion-image-align-center in-legacy-container\" style=\"text-align:center;--awb-caption-title-font-family:var(--h2_typography-font-family);--awb-caption-title-font-weight:var(--h2_typography-font-weight);--awb-caption-title-font-style:var(--h2_typography-font-style);--awb-caption-title-size:var(--h2_typography-font-size);--awb-caption-title-transform:var(--h2_typography-text-transform);--awb-caption-title-line-height:var(--h2_typography-line-height);--awb-caption-title-letter-spacing:var(--h2_typography-letter-spacing);\"><div class=\"imageframe-align-center\"><span class=\" fusion-imageframe imageframe-none imageframe-1 hover-type-none\"><img decoding=\"async\" width=\"1920\" height=\"591\" title=\"digitalis_nyomtatas_bg\" src=\"https:\/\/conint.hu\/de\/wp-content\/uploads\/2016\/07\/digitalis_nyomtatas_bg.jpg\" alt class=\"img-responsive wp-image-633\" srcset=\"https:\/\/conint.hu\/de\/wp-content\/uploads\/2016\/07\/digitalis_nyomtatas_bg-200x62.jpg 200w, https:\/\/conint.hu\/de\/wp-content\/uploads\/2016\/07\/digitalis_nyomtatas_bg-400x123.jpg 400w, https:\/\/conint.hu\/de\/wp-content\/uploads\/2016\/07\/digitalis_nyomtatas_bg-600x185.jpg 600w, https:\/\/conint.hu\/de\/wp-content\/uploads\/2016\/07\/digitalis_nyomtatas_bg-800x246.jpg 800w, https:\/\/conint.hu\/de\/wp-content\/uploads\/2016\/07\/digitalis_nyomtatas_bg-1200x369.jpg 1200w, https:\/\/conint.hu\/de\/wp-content\/uploads\/2016\/07\/digitalis_nyomtatas_bg.jpg 1920w\" sizes=\"(max-width: 800px) 100vw, 1920px\" \/><\/span><\/div><\/div><div class=\"fusion-clearfix\"><\/div><\/div><\/div><\/div><\/div><div class=\"fusion-fullwidth fullwidth-box fusion-builder-row-2 nonhundred-percent-fullwidth non-hundred-percent-height-scrolling\" style=\"--awb-background-position:left top;--awb-border-radius-top-left:0px;--awb-border-radius-top-right:0px;--awb-border-radius-bottom-right:0px;--awb-border-radius-bottom-left:0px;--awb-padding-top:60px;--awb-padding-bottom:20px;--awb-border-sizes-top:0px;--awb-border-sizes-bottom:0px;--awb-flex-wrap:wrap;\" ><div class=\"fusion-builder-row fusion-row\"><div class=\"fusion-layout-column fusion_builder_column fusion-builder-column-1 fusion_builder_column_1_1 1_1 fusion-one-full fusion-column-first fusion-column-last fusion-column-no-min-height\" style=\"--awb-bg-size:cover;--awb-margin-bottom:0px;\"><div class=\"fusion-column-wrapper fusion-flex-column-wrapper-legacy\"><div class=\"fusion-text fusion-text-1\"><div class=\"alignCenter\">\n<div class=\"paddingtop_1\">\n<div class=\"content_type\">\n<div class=\"head\">\n<h2>DIGITALER DRUCK<\/h2>\n<p><strong>Digitaler Druck, digitale Druckerei<\/strong><br \/>\nF\u00fcr bunte und schwarz-wei\u00df-Druckarbeiten in kleineren Mengen bedeutet der digitale Druck die optimalteste L\u00f6sung.<\/p>\n<p>Welche Vorteile hat der digitale Druck f\u00fcr Sie?<\/p>\n<ul>\n<li>Im Falle einer niedrigeren Auflagenzahl ist es eine \u00f6konomische L\u00f6sung<\/li>\n<li>Der Druck wird Ihnen individuell angepasst<\/li>\n<li>Es gibt keine Film-, Vorrichtungs- und Druckformkosten<\/li>\n<li>Kurze Zeitfrist<\/li>\n<li>Durch Plakatdruck wird auch das Gro\u00dfformat erm\u00f6glicht<\/li>\n<\/ul>\n<p>Ben\u00f6tigen Sie dringend eine Produkt\u00fcbersicht oder Einladungskarten in 10 Exemplaren?<br \/>\nDie L\u00f6sung wird Ihnen durch die Xerox \u2013 digitale Druckmaschine gesichert.<br \/>\nBei Druckarbeiten in kleiner Auflagenzahl (Visitenkarten, Einladungskarten, Flyers, Kupons, Eintrittskarten, Tombola-Zettel usw.) bis zur Papierdicke vom 300 g, in SRA3+ Gr\u00f6\u00dfe (330&#215;480 Mm) mit diversen Daten (Text, Bild, Ordinalzahl, Strichcode) gar auch sofort.<br \/>\nWissen Sie, dass mit einem DM-Brief eine Antwortrate von 34%- erreicht und der Bestellungswert im Gegensatz zu einem einfachen Brief um 25% gesteigert werden kann? Sie brauchen nur eine Datenbank anzugeben, um Ihren Kunden individuelle, pers\u00f6nliche Briefe und Prospekte zu schicken, die nicht mehr ausgeworfen werden. Nicht die Adresse allein, sondern der Text und die Bilder k\u00f6nnen dabei auch ver\u00e4ndert werden. Schicken Sie Ihrem Kunden eine pers\u00f6nliche Einladung oder Eintrittskarte mit Tisch-, Reihen- oder Stuhlidentifizierung und sie brauchen sich nicht mehr um die Sitzordnung in einer Veranstaltung zu k\u00fcmmern!<br \/>\nF\u00fcr weitere Ideen rufen Sie die Telefonnummer +36-1- 481-4684 an!<\/p>\n<p>Druckarbeiten bei kleiner Auflagenzahl auch ohne Frist!<\/p>\n<p>&nbsp;<\/p>\n<p>&nbsp;<\/p>\n<p>Plakatdruck, UV-Druck, Tafeldruck<\/p>\n<p>Ben\u00f6tigen Sie ein St\u00fcck Plakat oder eine Fahne?<br \/>\nKein Problem, mit digitalem Druck k\u00f6nnen sie an unseren Plakatdruckmaschinen sogar innerhalb einiger Stunden verfertigt werden.<br \/>\nEs ist m\u00f6glich, auf eine gro\u00dfe Palette von Grundstoffen, wie zum Beispiel Papier oder selbstklebendes Vinyl, zu drucken.<br \/>\nRoll-Up-Stoffe, PVC-Decken, durchleuchtbare Backlite usw., bei derer \u2013 dem Gebrauchsziel am meisten entsprechenden \u2013 Auswahl Ihnen unsere Mitarbeiter gerne zur Verf\u00fcgung stehen. Wir drucken und konfektionieren (Ma\u00dfschneidern, Verschl\u00fcsse, Nieten, Maschen, Kaschieren, Karabiner) Fahnen, Molinos, Pop-Up-W\u00e4nde sowohl f\u00fcr den inneren, als auch f\u00fcr den \u00e4u\u00dferen Gebrauch. Nehmen Sie Ihre Bilder und Texte in unser graphisches Studio und wir entwerfen Ihre Graphik! Die Materialien zum Drucken k\u00f6nnen Sie uns per E-Mail schicken oder auf unseren FTP-Server hochladen.<br \/>\nUnser Roland LEJ-640 UV-Drucker, der den ersten Platz in Ungarn einnimmt, bietet eine einzigartige Druckqualit\u00e4t auf zahlreichen Grundstoffen der Welt. Wenn die Farbe bei dieser Technologie mit UV-Licht beleuchtet wird, bekommt sie eine Raumgitterstruktur und bringt eine elastische Kunststoffschicht auf der Oberfl\u00e4che des Grundstoffes zustande. Im Gegensatz zu den herk\u00f6mmlichen Druckern k\u00f6nnen hier auch spezielle Druckr\u00e4ger, wie PET-Film, wasserklare Folie und Textilien verwendet werden.<br \/>\nDer LEJ 640 Drucker ist imstande, \u00fcber Spulgrundstoffe hinaus bis zu einer Dicke von 13 Mm auch auf steife Tr\u00e4ger, wie z. B. Holz- und Metalltafel, sowie auf Schaumkarton von diverser Dicke zu drucken!<br \/>\nAnfertigung von besonderen Effekten.<br \/>\nDie Kunstdruckform (1440&#215;1440 dpi) ist bei scharfen, detaillierten Arbeiten ideal.<br \/>\nIhre Werbestoffe k\u00f6nnen sich von den Massenprodukten, indem Ihre Vierfarbendruck-Graphiken mit mattiertem oder gl\u00e4nzendem Lack beschichtet werden. Die Technologie der Roland LEJ-640 Drucker erm\u00f6glicht den Druck von Braille-Texten. Mit wei\u00dfer Farbe kann auch auf transparente oder sonstige Stoffe, die nicht wei\u00df zur Grundfarbe haben, gedruckt werden.<br \/>\nDie Graphiken auf selbstklebenden Tr\u00e4gern k\u00f6nnen mit unserer Schneidemaschine frei nach Wunsch formgeschnitten werden, damit Sie sowohl in Form, als auch in Ausf\u00fchrung individuelle, besondere Matrizenabz\u00fcge erhalten k\u00f6nnen.<br \/>\nWir stellen individuelle Graphiken in kleineren Mengen, wie Bilder, Dekorationen f\u00fcr Innenr\u00e4ume, Ausstellungsw\u00e4nde, Displays, Attrappe, POP- und POS-Materialien, Schaufenstergraphiken in Gro\u00dfformat, Verpackungsmusterst\u00fccke mit kurzer Zeitfrist her.<\/p>\n<\/div>\n<\/div>\n<\/div>\n<\/div>\n<\/div><div class=\"fusion-clearfix\"><\/div><\/div><\/div><\/div><\/div><div class=\"fusion-fullwidth fullwidth-box fusion-builder-row-3 nonhundred-percent-fullwidth non-hundred-percent-height-scrolling\" style=\"--awb-background-position:left top;--awb-border-radius-top-left:0px;--awb-border-radius-top-right:0px;--awb-border-radius-bottom-right:0px;--awb-border-radius-bottom-left:0px;--awb-padding-top:20px;--awb-padding-bottom:20px;--awb-border-sizes-top:0px;--awb-border-sizes-bottom:0px;--awb-flex-wrap:wrap;\" ><div class=\"fusion-builder-row fusion-row\"><div class=\"fusion-layout-column fusion_builder_column fusion-builder-column-2 fusion_builder_column_1_1 1_1 fusion-one-full fusion-column-first fusion-column-last fusion-column-no-min-height\" style=\"--awb-bg-size:cover;--awb-margin-bottom:0px;\"><div class=\"fusion-column-wrapper fusion-flex-column-wrapper-legacy\"><div class=\"fusion-image-carousel fusion-image-carousel-auto fusion-image-carousel-1 lightbox-enabled heightcontrol\"><div class=\"awb-carousel awb-swiper awb-swiper-carousel awb-carousel--carousel awb-swiper-dots-position-bottom\" data-layout=\"carousel\" data-autoplay=\"no\" data-autoplayspeed=\"2500\" data-autoplaypause=\"no\" data-columns=\"3\" data-columnsmedium=\"1\" data-columnssmall=\"1\" data-itemmargin=\"13\" data-itemwidth=\"180\" data-touchscroll=\"no\" data-freemode=\"no\" data-imagesize=\"auto\" data-scrollitems=\"0\" data-centeredslides=\"no\" data-rotationangle=\"50\" data-depth=\"100\" data-speed=\"500\" data-shadow=\"no\" data-pagination=\"bullets\" style=\"--awb-columns:3;\"><div class=\"swiper-wrapper awb-image-carousel-wrapper fusion-flex-align-items-center\"><div class=\"swiper-slide\"><div class=\"fusion-carousel-item-wrapper\"><div class=\"fusion-image-wrapper hover-type-none\"><a data-rel=\"iLightbox[image_carousel_1]\" href=\"https:\/\/conint.hu\/de\/wp-content\/uploads\/2016\/07\/21_pic6_n.jpg\" target=\"_self\"><img decoding=\"async\" width=\"1024\" height=\"682\" src=\"https:\/\/conint.hu\/de\/wp-content\/uploads\/2016\/07\/21_pic6_n.jpg\" class=\"attachment-full size-full\" alt=\"\" srcset=\"https:\/\/conint.hu\/de\/wp-content\/uploads\/2016\/07\/21_pic6_n-200x133.jpg 200w, https:\/\/conint.hu\/de\/wp-content\/uploads\/2016\/07\/21_pic6_n-400x266.jpg 400w, https:\/\/conint.hu\/de\/wp-content\/uploads\/2016\/07\/21_pic6_n-600x400.jpg 600w, https:\/\/conint.hu\/de\/wp-content\/uploads\/2016\/07\/21_pic6_n-800x533.jpg 800w, https:\/\/conint.hu\/de\/wp-content\/uploads\/2016\/07\/21_pic6_n.jpg 1024w\" sizes=\"(min-width: 2200px) 100vw, (min-width: 784px) 391px, (min-width: 712px) 587px, (min-width: 640px) 712px, \" \/><\/a><\/div><\/div><\/div><div class=\"swiper-slide\"><div class=\"fusion-carousel-item-wrapper\"><div class=\"fusion-image-wrapper hover-type-none\"><a data-rel=\"iLightbox[image_carousel_1]\" href=\"https:\/\/conint.hu\/de\/wp-content\/uploads\/2016\/07\/21_pic5_n.jpg\" target=\"_self\"><img decoding=\"async\" width=\"1024\" height=\"682\" src=\"https:\/\/conint.hu\/de\/wp-content\/uploads\/2016\/07\/21_pic5_n.jpg\" class=\"attachment-full size-full\" alt=\"\" srcset=\"https:\/\/conint.hu\/de\/wp-content\/uploads\/2016\/07\/21_pic5_n-200x133.jpg 200w, https:\/\/conint.hu\/de\/wp-content\/uploads\/2016\/07\/21_pic5_n-400x266.jpg 400w, https:\/\/conint.hu\/de\/wp-content\/uploads\/2016\/07\/21_pic5_n-600x400.jpg 600w, https:\/\/conint.hu\/de\/wp-content\/uploads\/2016\/07\/21_pic5_n-800x533.jpg 800w, https:\/\/conint.hu\/de\/wp-content\/uploads\/2016\/07\/21_pic5_n.jpg 1024w\" sizes=\"(min-width: 2200px) 100vw, (min-width: 784px) 391px, (min-width: 712px) 587px, (min-width: 640px) 712px, \" \/><\/a><\/div><\/div><\/div><div class=\"swiper-slide\"><div class=\"fusion-carousel-item-wrapper\"><div class=\"fusion-image-wrapper hover-type-none\"><a data-rel=\"iLightbox[image_carousel_1]\" data-title=\"21_pic3_n\" aria-label=\"21_pic3_n\" href=\"https:\/\/conint.hu\/de\/wp-content\/uploads\/2016\/07\/21_pic3_n.jpg\" target=\"_self\"><img decoding=\"async\" width=\"1024\" height=\"768\" src=\"https:\/\/conint.hu\/de\/wp-content\/uploads\/2016\/07\/21_pic3_n.jpg\" class=\"attachment-full size-full\" alt=\"\" srcset=\"https:\/\/conint.hu\/de\/wp-content\/uploads\/2016\/07\/21_pic3_n-200x150.jpg 200w, https:\/\/conint.hu\/de\/wp-content\/uploads\/2016\/07\/21_pic3_n-400x300.jpg 400w, https:\/\/conint.hu\/de\/wp-content\/uploads\/2016\/07\/21_pic3_n-600x450.jpg 600w, https:\/\/conint.hu\/de\/wp-content\/uploads\/2016\/07\/21_pic3_n-800x600.jpg 800w, https:\/\/conint.hu\/de\/wp-content\/uploads\/2016\/07\/21_pic3_n.jpg 1024w\" sizes=\"(min-width: 2200px) 100vw, (min-width: 784px) 391px, (min-width: 712px) 587px, (min-width: 640px) 712px, \" \/><\/a><\/div><\/div><\/div><div class=\"swiper-slide\"><div class=\"fusion-carousel-item-wrapper\"><div class=\"fusion-image-wrapper hover-type-none\"><a data-rel=\"iLightbox[image_carousel_1]\" href=\"https:\/\/conint.hu\/de\/wp-content\/uploads\/2016\/07\/21_pic2_n.jpg\" target=\"_self\"><img decoding=\"async\" width=\"912\" height=\"684\" src=\"https:\/\/conint.hu\/de\/wp-content\/uploads\/2016\/07\/21_pic2_n.jpg\" class=\"attachment-full size-full\" alt=\"\" srcset=\"https:\/\/conint.hu\/de\/wp-content\/uploads\/2016\/07\/21_pic2_n-200x150.jpg 200w, https:\/\/conint.hu\/de\/wp-content\/uploads\/2016\/07\/21_pic2_n-400x300.jpg 400w, https:\/\/conint.hu\/de\/wp-content\/uploads\/2016\/07\/21_pic2_n-600x450.jpg 600w, https:\/\/conint.hu\/de\/wp-content\/uploads\/2016\/07\/21_pic2_n-800x600.jpg 800w, https:\/\/conint.hu\/de\/wp-content\/uploads\/2016\/07\/21_pic2_n.jpg 912w\" sizes=\"(min-width: 2200px) 100vw, (min-width: 784px) 391px, (min-width: 712px) 587px, (min-width: 640px) 712px, \" \/><\/a><\/div><\/div><\/div><div class=\"swiper-slide\"><div class=\"fusion-carousel-item-wrapper\"><div class=\"fusion-image-wrapper hover-type-none\"><a data-rel=\"iLightbox[image_carousel_1]\" data-title=\"21_pic1_n\" aria-label=\"21_pic1_n\" href=\"https:\/\/conint.hu\/de\/wp-content\/uploads\/2016\/07\/21_pic1_n-1.jpg\" target=\"_self\"><img decoding=\"async\" width=\"709\" height=\"607\" src=\"https:\/\/conint.hu\/de\/wp-content\/uploads\/2016\/07\/21_pic1_n-1.jpg\" class=\"attachment-full size-full\" alt=\"\" srcset=\"https:\/\/conint.hu\/de\/wp-content\/uploads\/2016\/07\/21_pic1_n-1-200x171.jpg 200w, https:\/\/conint.hu\/de\/wp-content\/uploads\/2016\/07\/21_pic1_n-1-400x342.jpg 400w, https:\/\/conint.hu\/de\/wp-content\/uploads\/2016\/07\/21_pic1_n-1-600x514.jpg 600w, https:\/\/conint.hu\/de\/wp-content\/uploads\/2016\/07\/21_pic1_n-1.jpg 709w\" sizes=\"(min-width: 2200px) 100vw, (min-width: 784px) 391px, (min-width: 712px) 587px, (min-width: 640px) 712px, \" \/><\/a><\/div><\/div><\/div><\/div><div class=\"awb-swiper-button awb-swiper-button-prev\"><i class=\"awb-icon-angle-left\" aria-hidden=\"true\"><\/i><\/div><div class=\"awb-swiper-button awb-swiper-button-next\"><i class=\"awb-icon-angle-right\" aria-hidden=\"true\"><\/i><\/div><\/div><\/div><div class=\"fusion-clearfix\"><\/div><\/div><\/div><\/div><\/div><\/p>\n","protected":false},"excerpt":{"rendered":"","protected":false},"author":1,"featured_media":0,"parent":11,"menu_order":0,"comment_status":"closed","ping_status":"closed","template":"100-width.php","meta":{"footnotes":""},"class_list":["post-35","page","type-page","status-publish","hentry"],"yoast_head":"<!-- This site is optimized with the Yoast SEO plugin v27.3 - https:\/\/yoast.com\/product\/yoast-seo-wordpress\/ -->\n<title>Digitaler Druck, Flagge, Molino - Conint.hu<\/title>\n<meta name=\"robots\" content=\"index, follow, max-snippet:-1, max-image-preview:large, max-video-preview:-1\" \/>\n<link rel=\"canonical\" href=\"https:\/\/conint.hu\/de\/dienstleistungen\/digitaler-druck\/\" \/>\n<meta property=\"og:locale\" content=\"de_DE\" \/>\n<meta property=\"og:type\" content=\"article\" \/>\n<meta property=\"og:title\" content=\"Digitaler Druck, Flagge, Molino - Conint.hu\" \/>\n<meta property=\"og:url\" content=\"https:\/\/conint.hu\/de\/dienstleistungen\/digitaler-druck\/\" \/>\n<meta property=\"og:site_name\" content=\"Conint.hu\" \/>\n<meta property=\"article:modified_time\" content=\"2020-10-15T22:56:31+00:00\" \/>\n<meta property=\"og:image\" content=\"https:\/\/conint.hu\/de\/wp-content\/uploads\/2016\/07\/digitalis_nyomtatas_bg.jpg\" \/>\n<meta name=\"twitter:card\" content=\"summary_large_image\" \/>\n<meta name=\"twitter:label1\" content=\"Gesch\u00e4tzte Lesezeit\" \/>\n\t<meta name=\"twitter:data1\" content=\"6\u00a0Minuten\" \/>\n<script type=\"application\/ld+json\" class=\"yoast-schema-graph\">{\"@context\":\"https:\\\/\\\/schema.org\",\"@graph\":[{\"@type\":\"WebPage\",\"@id\":\"https:\\\/\\\/conint.hu\\\/de\\\/dienstleistungen\\\/digitaler-druck\\\/\",\"url\":\"https:\\\/\\\/conint.hu\\\/de\\\/dienstleistungen\\\/digitaler-druck\\\/\",\"name\":\"Digitaler Druck, Flagge, Molino - Conint.hu\",\"isPartOf\":{\"@id\":\"https:\\\/\\\/conint.hu\\\/de\\\/#website\"},\"primaryImageOfPage\":{\"@id\":\"https:\\\/\\\/conint.hu\\\/de\\\/dienstleistungen\\\/digitaler-druck\\\/#primaryimage\"},\"image\":{\"@id\":\"https:\\\/\\\/conint.hu\\\/de\\\/dienstleistungen\\\/digitaler-druck\\\/#primaryimage\"},\"thumbnailUrl\":\"https:\\\/\\\/conint.hu\\\/de\\\/wp-content\\\/uploads\\\/2016\\\/07\\\/digitalis_nyomtatas_bg.jpg\",\"datePublished\":\"2016-07-08T12:28:33+00:00\",\"dateModified\":\"2020-10-15T22:56:31+00:00\",\"breadcrumb\":{\"@id\":\"https:\\\/\\\/conint.hu\\\/de\\\/dienstleistungen\\\/digitaler-druck\\\/#breadcrumb\"},\"inLanguage\":\"de\",\"potentialAction\":[{\"@type\":\"ReadAction\",\"target\":[\"https:\\\/\\\/conint.hu\\\/de\\\/dienstleistungen\\\/digitaler-druck\\\/\"]}]},{\"@type\":\"ImageObject\",\"inLanguage\":\"de\",\"@id\":\"https:\\\/\\\/conint.hu\\\/de\\\/dienstleistungen\\\/digitaler-druck\\\/#primaryimage\",\"url\":\"https:\\\/\\\/conint.hu\\\/de\\\/wp-content\\\/uploads\\\/2016\\\/07\\\/digitalis_nyomtatas_bg.jpg\",\"contentUrl\":\"https:\\\/\\\/conint.hu\\\/de\\\/wp-content\\\/uploads\\\/2016\\\/07\\\/digitalis_nyomtatas_bg.jpg\",\"width\":1920,\"height\":591},{\"@type\":\"BreadcrumbList\",\"@id\":\"https:\\\/\\\/conint.hu\\\/de\\\/dienstleistungen\\\/digitaler-druck\\\/#breadcrumb\",\"itemListElement\":[{\"@type\":\"ListItem\",\"position\":1,\"name\":\"Startseite\",\"item\":\"https:\\\/\\\/conint.hu\\\/de\\\/\"},{\"@type\":\"ListItem\",\"position\":2,\"name\":\"Dienstleistungen\",\"item\":\"https:\\\/\\\/conint.hu\\\/de\\\/dienstleistungen\\\/\"},{\"@type\":\"ListItem\",\"position\":3,\"name\":\"Digitaler Druck, Flagge, Molino\"}]},{\"@type\":\"WebSite\",\"@id\":\"https:\\\/\\\/conint.hu\\\/de\\\/#website\",\"url\":\"https:\\\/\\\/conint.hu\\\/de\\\/\",\"name\":\"Conint.hu\",\"description\":\"\",\"potentialAction\":[{\"@type\":\"SearchAction\",\"target\":{\"@type\":\"EntryPoint\",\"urlTemplate\":\"https:\\\/\\\/conint.hu\\\/de\\\/?s={search_term_string}\"},\"query-input\":{\"@type\":\"PropertyValueSpecification\",\"valueRequired\":true,\"valueName\":\"search_term_string\"}}],\"inLanguage\":\"de\"}]}<\/script>\n<!-- \/ Yoast SEO plugin. -->","yoast_head_json":{"title":"Digitaler Druck, Flagge, Molino - Conint.hu","robots":{"index":"index","follow":"follow","max-snippet":"max-snippet:-1","max-image-preview":"max-image-preview:large","max-video-preview":"max-video-preview:-1"},"canonical":"https:\/\/conint.hu\/de\/dienstleistungen\/digitaler-druck\/","og_locale":"de_DE","og_type":"article","og_title":"Digitaler Druck, Flagge, Molino - Conint.hu","og_url":"https:\/\/conint.hu\/de\/dienstleistungen\/digitaler-druck\/","og_site_name":"Conint.hu","article_modified_time":"2020-10-15T22:56:31+00:00","og_image":[{"url":"https:\/\/conint.hu\/de\/wp-content\/uploads\/2016\/07\/digitalis_nyomtatas_bg.jpg","type":"","width":"","height":""}],"twitter_card":"summary_large_image","twitter_misc":{"Gesch\u00e4tzte Lesezeit":"6\u00a0Minuten"},"schema":{"@context":"https:\/\/schema.org","@graph":[{"@type":"WebPage","@id":"https:\/\/conint.hu\/de\/dienstleistungen\/digitaler-druck\/","url":"https:\/\/conint.hu\/de\/dienstleistungen\/digitaler-druck\/","name":"Digitaler Druck, Flagge, Molino - Conint.hu","isPartOf":{"@id":"https:\/\/conint.hu\/de\/#website"},"primaryImageOfPage":{"@id":"https:\/\/conint.hu\/de\/dienstleistungen\/digitaler-druck\/#primaryimage"},"image":{"@id":"https:\/\/conint.hu\/de\/dienstleistungen\/digitaler-druck\/#primaryimage"},"thumbnailUrl":"https:\/\/conint.hu\/de\/wp-content\/uploads\/2016\/07\/digitalis_nyomtatas_bg.jpg","datePublished":"2016-07-08T12:28:33+00:00","dateModified":"2020-10-15T22:56:31+00:00","breadcrumb":{"@id":"https:\/\/conint.hu\/de\/dienstleistungen\/digitaler-druck\/#breadcrumb"},"inLanguage":"de","potentialAction":[{"@type":"ReadAction","target":["https:\/\/conint.hu\/de\/dienstleistungen\/digitaler-druck\/"]}]},{"@type":"ImageObject","inLanguage":"de","@id":"https:\/\/conint.hu\/de\/dienstleistungen\/digitaler-druck\/#primaryimage","url":"https:\/\/conint.hu\/de\/wp-content\/uploads\/2016\/07\/digitalis_nyomtatas_bg.jpg","contentUrl":"https:\/\/conint.hu\/de\/wp-content\/uploads\/2016\/07\/digitalis_nyomtatas_bg.jpg","width":1920,"height":591},{"@type":"BreadcrumbList","@id":"https:\/\/conint.hu\/de\/dienstleistungen\/digitaler-druck\/#breadcrumb","itemListElement":[{"@type":"ListItem","position":1,"name":"Startseite","item":"https:\/\/conint.hu\/de\/"},{"@type":"ListItem","position":2,"name":"Dienstleistungen","item":"https:\/\/conint.hu\/de\/dienstleistungen\/"},{"@type":"ListItem","position":3,"name":"Digitaler Druck, Flagge, Molino"}]},{"@type":"WebSite","@id":"https:\/\/conint.hu\/de\/#website","url":"https:\/\/conint.hu\/de\/","name":"Conint.hu","description":"","potentialAction":[{"@type":"SearchAction","target":{"@type":"EntryPoint","urlTemplate":"https:\/\/conint.hu\/de\/?s={search_term_string}"},"query-input":{"@type":"PropertyValueSpecification","valueRequired":true,"valueName":"search_term_string"}}],"inLanguage":"de"}]}},"_links":{"self":[{"href":"https:\/\/conint.hu\/de\/wp-json\/wp\/v2\/pages\/35","targetHints":{"allow":["GET"]}}],"collection":[{"href":"https:\/\/conint.hu\/de\/wp-json\/wp\/v2\/pages"}],"about":[{"href":"https:\/\/conint.hu\/de\/wp-json\/wp\/v2\/types\/page"}],"author":[{"embeddable":true,"href":"https:\/\/conint.hu\/de\/wp-json\/wp\/v2\/users\/1"}],"replies":[{"embeddable":true,"href":"https:\/\/conint.hu\/de\/wp-json\/wp\/v2\/comments?post=35"}],"version-history":[{"count":29,"href":"https:\/\/conint.hu\/de\/wp-json\/wp\/v2\/pages\/35\/revisions"}],"predecessor-version":[{"id":1429,"href":"https:\/\/conint.hu\/de\/wp-json\/wp\/v2\/pages\/35\/revisions\/1429"}],"up":[{"embeddable":true,"href":"https:\/\/conint.hu\/de\/wp-json\/wp\/v2\/pages\/11"}],"wp:attachment":[{"href":"https:\/\/conint.hu\/de\/wp-json\/wp\/v2\/media?parent=35"}],"curies":[{"name":"wp","href":"https:\/\/api.w.org\/{rel}","templated":true}]}}