{"id":37,"date":"2016-07-08T12:28:48","date_gmt":"2016-07-08T12:28:48","guid":{"rendered":"http:\/\/driveonline.hu\/dev\/conint\/?page_id=37"},"modified":"2020-10-15T22:56:31","modified_gmt":"2020-10-15T22:56:31","slug":"ladenwerbungen-werbedekoration","status":"publish","type":"page","link":"https:\/\/conint.hu\/de\/dienstleistungen\/ladenwerbungen-werbedekoration\/","title":{"rendered":"Ladenwerbungen, POS Materialen, Werbedekoration"},"content":{"rendered":"<p><div class=\"fusion-fullwidth fullwidth-box fusion-builder-row-1 hundred-percent-fullwidth non-hundred-percent-height-scrolling\" style=\"--awb-background-position:left top;--awb-border-radius-top-left:0px;--awb-border-radius-top-right:0px;--awb-border-radius-bottom-right:0px;--awb-border-radius-bottom-left:0px;--awb-padding-top:0px;--awb-padding-right:0px;--awb-padding-bottom:0px;--awb-padding-left:0px;--awb-border-sizes-top:0px;--awb-border-sizes-bottom:0px;--awb-flex-wrap:wrap;\" ><div class=\"fusion-builder-row fusion-row\"><div class=\"fusion-layout-column fusion_builder_column fusion-builder-column-0 fusion_builder_column_1_1 1_1 fusion-one-full fusion-column-first fusion-column-last fusion-column-no-min-height\" style=\"--awb-bg-size:cover;--awb-margin-bottom:0px;\"><div class=\"fusion-column-wrapper fusion-flex-column-wrapper-legacy\"><div class=\"fusion-image-element fusion-image-align-center in-legacy-container\" style=\"text-align:center;--awb-caption-title-font-family:var(--h2_typography-font-family);--awb-caption-title-font-weight:var(--h2_typography-font-weight);--awb-caption-title-font-style:var(--h2_typography-font-style);--awb-caption-title-size:var(--h2_typography-font-size);--awb-caption-title-transform:var(--h2_typography-text-transform);--awb-caption-title-line-height:var(--h2_typography-line-height);--awb-caption-title-letter-spacing:var(--h2_typography-letter-spacing);\"><div class=\"imageframe-align-center\"><span class=\" fusion-imageframe imageframe-none imageframe-1 hover-type-none\"><img decoding=\"async\" width=\"1920\" height=\"591\" title=\"dekor_bg\" src=\"https:\/\/conint.hu\/de\/wp-content\/uploads\/2016\/07\/dekor_bg.jpg\" alt class=\"img-responsive wp-image-642\" srcset=\"https:\/\/conint.hu\/de\/wp-content\/uploads\/2016\/07\/dekor_bg-200x62.jpg 200w, https:\/\/conint.hu\/de\/wp-content\/uploads\/2016\/07\/dekor_bg-400x123.jpg 400w, https:\/\/conint.hu\/de\/wp-content\/uploads\/2016\/07\/dekor_bg-600x185.jpg 600w, https:\/\/conint.hu\/de\/wp-content\/uploads\/2016\/07\/dekor_bg-800x246.jpg 800w, https:\/\/conint.hu\/de\/wp-content\/uploads\/2016\/07\/dekor_bg-1200x369.jpg 1200w, https:\/\/conint.hu\/de\/wp-content\/uploads\/2016\/07\/dekor_bg.jpg 1920w\" sizes=\"(max-width: 800px) 100vw, 1920px\" \/><\/span><\/div><\/div><div class=\"fusion-clearfix\"><\/div><\/div><\/div><\/div><\/div><div class=\"fusion-fullwidth fullwidth-box fusion-builder-row-2 nonhundred-percent-fullwidth non-hundred-percent-height-scrolling\" style=\"--awb-background-position:left top;--awb-border-radius-top-left:0px;--awb-border-radius-top-right:0px;--awb-border-radius-bottom-right:0px;--awb-border-radius-bottom-left:0px;--awb-padding-top:60px;--awb-padding-bottom:20px;--awb-border-sizes-top:0px;--awb-border-sizes-bottom:0px;--awb-flex-wrap:wrap;\" ><div class=\"fusion-builder-row fusion-row\"><div class=\"fusion-layout-column fusion_builder_column fusion-builder-column-1 fusion_builder_column_1_1 1_1 fusion-one-full fusion-column-first fusion-column-last fusion-column-no-min-height\" style=\"--awb-bg-size:cover;--awb-margin-bottom:0px;\"><div class=\"fusion-column-wrapper fusion-flex-column-wrapper-legacy\"><div class=\"fusion-text fusion-text-1\"><div class=\"alignCenter\">\n<div class=\"paddingtop_1\">\n<div class=\"content_type\">\n<div class=\"head\">\n<h2>LADENWERBUNGEN, WERBEDEKORATION<\/h2>\n<p><strong>Werbestoffe am Verkaufsort<\/strong><br \/>\nHaben Sie je gewusst, dass 70 Prozent der Kaufentscheidungen nicht geplant ist und der K\u00e4ufer sich erst vor den Regalen entscheidet?<br \/>\nMittel der Werbung am Verkaufsort ist in erster Linie der vielf\u00e4ltige Gebrauch der POS-Materialien. Die Instore-Mittel sichern bei Promotionen, Verlosungen, Aktionen, Ausk\u00fcnften und bei der Einf\u00fchrung neuer Produkte\u00a0die Umsatzsteigerung und die Verkaufsf\u00f6rderung.<br \/>\nVergebens gaben Sie ein Haufen Geld f\u00fcr Medienanwesenheit aus, wenn sich der Kunde im Gesch\u00e4ft auf die Wirkung eines geschickten POS-Mittels hin f\u00fcr das Produkt der Konkurrenz entscheidet. Nutzen Sie auch die die Vorteile, die von den sensibilisierenden, verkaufsf\u00f6rdernden Mitteln geboten werden!<br \/>\nSuchen Sie nach einem zuverl\u00e4ssigen Lieferanten, der die Werbestoffe f\u00fcr die aktuelle Kampagne f\u00fcr die gesetzte Zeitfrist abliefert?<br \/>\nF\u00fcr Sie, der \/ die sich mit Trade-Marketing auseinandersetzt, ist es keine verbl\u00fcffende Information, dass dazu ziemlich stark zusammengesetzte Kenntnisse vorausgesetzt werden\u00a0und sich daraus viele weiteren Fragen ergeben: wie sollte der Grundstoff sein? Wer ist der richtige Ausf\u00fchrer f\u00fcr mich?<br \/>\nIn welcher Form soll die Graphik abgegeben werden? Von wem wird es in das zentrale Lager geliefert? F\u00fcr eine kurze Zeitspanne oder f\u00fcr die Dauer?<br \/>\nDie grundlegenden Fragen betreffend sollten Sie selbst Entscheidungen treffen!<br \/>\nDer Bestimmung der genauen Anspr\u00fcche folgt aber die Zusammenarbeit.<br \/>\nWir entwerfen und geben Vorschl\u00e4ge, Sie w\u00e4hlen aus und entscheiden sich.<br \/>\nRufen Sie unsere Experten unter der Nummer +36-1-481-4660 an,die Ihnen gerne zur Verf\u00fcgung stehen, damit das Produkt in der Tat nach Ihren Vorstellungen verfertigt und dabei sowohl Zeit, als auch Energie gespart wird.<br \/>\nEinige Beispiele f\u00fcr Druckstoffe f\u00fcr Innenr\u00e4ume: Plakat, Banner, Sales-Folder, Kupons, Flyer, Regalaufkleber, Wobbler, Attrap, H\u00e4ngedisplays usw.<\/p>\n<p><strong>Werbedekotarion<\/strong><br \/>\nMachen Sie Ihr Gesch\u00e4ft oder Vorf\u00fchrraum auch noch mehr attraktiv! Ihr Kunde bekommt bereits beim Parken \u00fcber Ihr Gesch\u00e4ft, B\u00fcro oder Ihren Vorf\u00fchrraum einen ersten Eindruck. Der einheitliche und \u00e4sthetische Parkplatz, die Informations-und Werbetafeln, die Gesch\u00e4ftsw\u00e4nde, das Firmenschild, das Schaufenster, die Eingangsgestaltung nehmen einen durchaus wichtigen Platz beim Antlitz ein.<br \/>\nDie Werbetafeln werden aus Aluminium oder Kunststoff hergestellt, die mit Dekorfolie \u00fcberzogen werden oder es wird unmittelbar auf die Grundlage der Tafel gedruckt.<br \/>\nIhre Werbedekorationen werden mit digitalem Druck und elektronischem Buchstabenausschnitt kaschiert.<br \/>\nIn einer Ausstellung oder Veranstaltung brauchen Sie die Aufmerksamkeit in kurzer Zeit auf sich zu lenken.<br \/>\nEine auffallende Dekoration ist hier noch mehr von zentraler Bedeutung. Die Ausf\u00fchrung eines individuellen Standes kostet enorm viel Geld, kann aber blo\u00df ein einziges Mal verwendet werden. Mit Hilfe einiger praktischen Mittel und interessanter Dekorationen ist ein \u00fcblicher Stand aber ebenfalls imstande, die Aufmerksamkeit der Interessierenden auf sich zu lenken. Die Bestandteile des mobilen Standes lassen sich nachher in Ihrem Gesch\u00e4ft oder Ausstellungsraum weiter gebrauchen.<br \/>\nDie Fahnen, Decken, Molinos (auch in individuellen Gr\u00f6\u00dfen) bedeuten eine kosteng\u00fcnstige L\u00f6sung f\u00fcr die Werbungen von gro\u00dfer Oberfl\u00e4che sowohl in Innen-, als auch in Au\u00dfenr\u00e4umen. Aufgerollt lassen sie sich in kleineren Pl\u00e4tzen aufbewahren und leicht transportieren. Sie sind praktisch fast \u00fcberall zu platzieren und aufzuspannen.<br \/>\nIhre Innendekorationen werden auf Papierkartons, Schaumkartons oder auf Plastikplatten gedruckt.<br \/>\nDas Firmenlogo wird in einer plastischen Ausf\u00fchrung, mit Raumbuchstaben und aus einem leichten Grundstoff hergestellt und l\u00e4sst sich auf Oberfl\u00e4chen beliebiger Art montieren.<br \/>\nDie Lichtwerbungen, Leuchttafeln oder Totems\u00e4ulen ziehen den Blick nicht nur in Dunkelheit auf sich.<br \/>\nFragen Sie nach einer Vor-Ort-Umfrage und einem Gestaltungsbild unter der Nummer +36-1-481-4665!<br \/>\nSeit 1995 bieten wir individuelle L\u00f6sungen f\u00fcr die Herstellung POS-Mittel an.<\/p>\n<\/div>\n<\/div>\n<\/div>\n<\/div>\n<\/div><div class=\"fusion-clearfix\"><\/div><\/div><\/div><\/div><\/div><div class=\"fusion-fullwidth fullwidth-box fusion-builder-row-3 nonhundred-percent-fullwidth non-hundred-percent-height-scrolling\" style=\"--awb-background-position:left top;--awb-border-radius-top-left:0px;--awb-border-radius-top-right:0px;--awb-border-radius-bottom-right:0px;--awb-border-radius-bottom-left:0px;--awb-padding-top:20px;--awb-padding-bottom:20px;--awb-border-sizes-top:0px;--awb-border-sizes-bottom:0px;--awb-flex-wrap:wrap;\" ><div class=\"fusion-builder-row fusion-row\"><div class=\"fusion-layout-column fusion_builder_column fusion-builder-column-2 fusion_builder_column_1_1 1_1 fusion-one-full fusion-column-first fusion-column-last fusion-column-no-min-height\" style=\"--awb-bg-size:cover;--awb-margin-bottom:0px;\"><div class=\"fusion-column-wrapper fusion-flex-column-wrapper-legacy\"><div class=\"fusion-image-carousel fusion-image-carousel-auto fusion-image-carousel-1 lightbox-enabled heightcontrol\"><div class=\"awb-carousel awb-swiper awb-swiper-carousel awb-carousel--carousel awb-swiper-dots-position-bottom\" data-layout=\"carousel\" data-autoplay=\"no\" data-autoplayspeed=\"2500\" data-autoplaypause=\"no\" data-columns=\"4\" data-columnsmedium=\"1\" data-columnssmall=\"1\" data-itemmargin=\"13\" data-itemwidth=\"180\" data-touchscroll=\"no\" data-freemode=\"no\" data-imagesize=\"auto\" data-scrollitems=\"0\" data-centeredslides=\"no\" data-rotationangle=\"50\" data-depth=\"100\" data-speed=\"500\" data-shadow=\"no\" data-pagination=\"bullets\" style=\"--awb-columns:4;\"><div class=\"swiper-wrapper awb-image-carousel-wrapper fusion-flex-align-items-center\"><div class=\"swiper-slide\"><div class=\"fusion-carousel-item-wrapper\"><div class=\"fusion-image-wrapper hover-type-none\"><a data-rel=\"iLightbox[image_carousel_1]\" data-title=\"18_pic1_n\" aria-label=\"18_pic1_n\" href=\"https:\/\/conint.hu\/de\/wp-content\/uploads\/2016\/08\/18_pic1_n-1024x768.jpg\" target=\"_self\"><img decoding=\"async\" width=\"1024\" height=\"768\" src=\"https:\/\/conint.hu\/de\/wp-content\/uploads\/2016\/08\/18_pic1_n.jpg\" class=\"attachment-full size-full\" alt=\"\" srcset=\"https:\/\/conint.hu\/de\/wp-content\/uploads\/2016\/08\/18_pic1_n-200x150.jpg 200w, https:\/\/conint.hu\/de\/wp-content\/uploads\/2016\/08\/18_pic1_n-400x300.jpg 400w, https:\/\/conint.hu\/de\/wp-content\/uploads\/2016\/08\/18_pic1_n-600x450.jpg 600w, https:\/\/conint.hu\/de\/wp-content\/uploads\/2016\/08\/18_pic1_n-800x600.jpg 800w, https:\/\/conint.hu\/de\/wp-content\/uploads\/2016\/08\/18_pic1_n.jpg 1024w\" sizes=\"(min-width: 2200px) 100vw, (min-width: 856px) 290px, (min-width: 784px) 387px, (min-width: 712px) 581px, (min-width: 640px) 712px, \" \/><\/a><\/div><\/div><\/div><div class=\"swiper-slide\"><div class=\"fusion-carousel-item-wrapper\"><div class=\"fusion-image-wrapper hover-type-none\"><a data-rel=\"iLightbox[image_carousel_1]\" data-title=\"18_pic2_n\" aria-label=\"18_pic2_n\" href=\"https:\/\/conint.hu\/de\/wp-content\/uploads\/2016\/08\/18_pic2_n-1024x768.jpg\" target=\"_self\"><img decoding=\"async\" width=\"1024\" height=\"768\" src=\"https:\/\/conint.hu\/de\/wp-content\/uploads\/2016\/08\/18_pic2_n.jpg\" class=\"attachment-full size-full\" alt=\"\" srcset=\"https:\/\/conint.hu\/de\/wp-content\/uploads\/2016\/08\/18_pic2_n-200x150.jpg 200w, https:\/\/conint.hu\/de\/wp-content\/uploads\/2016\/08\/18_pic2_n-400x300.jpg 400w, https:\/\/conint.hu\/de\/wp-content\/uploads\/2016\/08\/18_pic2_n-600x450.jpg 600w, https:\/\/conint.hu\/de\/wp-content\/uploads\/2016\/08\/18_pic2_n-800x600.jpg 800w, https:\/\/conint.hu\/de\/wp-content\/uploads\/2016\/08\/18_pic2_n.jpg 1024w\" sizes=\"(min-width: 2200px) 100vw, (min-width: 856px) 290px, (min-width: 784px) 387px, (min-width: 712px) 581px, (min-width: 640px) 712px, \" \/><\/a><\/div><\/div><\/div><div class=\"swiper-slide\"><div class=\"fusion-carousel-item-wrapper\"><div class=\"fusion-image-wrapper hover-type-none\"><a data-rel=\"iLightbox[image_carousel_1]\" data-title=\"18_pic3_n (1)\" aria-label=\"18_pic3_n (1)\" href=\"https:\/\/conint.hu\/de\/wp-content\/uploads\/2016\/08\/18_pic3_n-1.jpg\" target=\"_self\"><img decoding=\"async\" width=\"450\" height=\"600\" src=\"https:\/\/conint.hu\/de\/wp-content\/uploads\/2016\/08\/18_pic3_n-1.jpg\" class=\"attachment-full size-full\" alt=\"\" srcset=\"https:\/\/conint.hu\/de\/wp-content\/uploads\/2016\/08\/18_pic3_n-1-200x267.jpg 200w, https:\/\/conint.hu\/de\/wp-content\/uploads\/2016\/08\/18_pic3_n-1-400x533.jpg 400w, https:\/\/conint.hu\/de\/wp-content\/uploads\/2016\/08\/18_pic3_n-1.jpg 450w\" sizes=\"(min-width: 2200px) 100vw, (min-width: 856px) 290px, (min-width: 784px) 387px, (min-width: 712px) 581px, (min-width: 640px) 712px, \" \/><\/a><\/div><\/div><\/div><div class=\"swiper-slide\"><div class=\"fusion-carousel-item-wrapper\"><div class=\"fusion-image-wrapper hover-type-none\"><a data-rel=\"iLightbox[image_carousel_1]\" data-title=\"18_pic4_n\" aria-label=\"18_pic4_n\" href=\"https:\/\/conint.hu\/de\/wp-content\/uploads\/2016\/08\/18_pic4_n-276x300.jpg\" target=\"_self\"><img decoding=\"async\" width=\"597\" height=\"648\" src=\"https:\/\/conint.hu\/de\/wp-content\/uploads\/2016\/08\/18_pic4_n.jpg\" class=\"attachment-full size-full\" alt=\"\" srcset=\"https:\/\/conint.hu\/de\/wp-content\/uploads\/2016\/08\/18_pic4_n-200x217.jpg 200w, https:\/\/conint.hu\/de\/wp-content\/uploads\/2016\/08\/18_pic4_n-400x434.jpg 400w, https:\/\/conint.hu\/de\/wp-content\/uploads\/2016\/08\/18_pic4_n.jpg 597w\" sizes=\"(min-width: 2200px) 100vw, (min-width: 856px) 290px, (min-width: 784px) 387px, (min-width: 712px) 581px, (min-width: 640px) 712px, \" \/><\/a><\/div><\/div><\/div><div class=\"swiper-slide\"><div class=\"fusion-carousel-item-wrapper\"><div class=\"fusion-image-wrapper hover-type-none\"><a data-rel=\"iLightbox[image_carousel_1]\" data-title=\"18_pic5_n\" aria-label=\"18_pic5_n\" href=\"https:\/\/conint.hu\/de\/wp-content\/uploads\/2016\/08\/18_pic5_n-300x225.jpg\" target=\"_self\"><img decoding=\"async\" width=\"1024\" height=\"768\" src=\"https:\/\/conint.hu\/de\/wp-content\/uploads\/2016\/08\/18_pic5_n.jpg\" class=\"attachment-full size-full\" alt=\"\" srcset=\"https:\/\/conint.hu\/de\/wp-content\/uploads\/2016\/08\/18_pic5_n-200x150.jpg 200w, https:\/\/conint.hu\/de\/wp-content\/uploads\/2016\/08\/18_pic5_n-400x300.jpg 400w, https:\/\/conint.hu\/de\/wp-content\/uploads\/2016\/08\/18_pic5_n-600x450.jpg 600w, https:\/\/conint.hu\/de\/wp-content\/uploads\/2016\/08\/18_pic5_n-800x600.jpg 800w, https:\/\/conint.hu\/de\/wp-content\/uploads\/2016\/08\/18_pic5_n.jpg 1024w\" sizes=\"(min-width: 2200px) 100vw, (min-width: 856px) 290px, (min-width: 784px) 387px, (min-width: 712px) 581px, (min-width: 640px) 712px, \" \/><\/a><\/div><\/div><\/div><\/div><div class=\"awb-swiper-button awb-swiper-button-prev\"><i class=\"awb-icon-angle-left\" aria-hidden=\"true\"><\/i><\/div><div class=\"awb-swiper-button awb-swiper-button-next\"><i class=\"awb-icon-angle-right\" aria-hidden=\"true\"><\/i><\/div><\/div><\/div><div class=\"fusion-clearfix\"><\/div><\/div><\/div><\/div><\/div><\/p>\n","protected":false},"excerpt":{"rendered":"","protected":false},"author":1,"featured_media":0,"parent":11,"menu_order":0,"comment_status":"closed","ping_status":"closed","template":"100-width.php","meta":{"footnotes":""},"class_list":["post-37","page","type-page","status-publish","hentry"],"yoast_head":"<!-- This site is optimized with the Yoast SEO plugin v27.3 - https:\/\/yoast.com\/product\/yoast-seo-wordpress\/ -->\n<title>Ladenwerbungen, POS Materialen, Werbedekoration - Conint.hu<\/title>\n<meta name=\"robots\" content=\"index, follow, max-snippet:-1, max-image-preview:large, max-video-preview:-1\" \/>\n<link rel=\"canonical\" href=\"https:\/\/conint.hu\/de\/dienstleistungen\/ladenwerbungen-werbedekoration\/\" \/>\n<meta property=\"og:locale\" content=\"de_DE\" \/>\n<meta property=\"og:type\" content=\"article\" \/>\n<meta property=\"og:title\" content=\"Ladenwerbungen, POS Materialen, Werbedekoration - Conint.hu\" \/>\n<meta property=\"og:url\" content=\"https:\/\/conint.hu\/de\/dienstleistungen\/ladenwerbungen-werbedekoration\/\" \/>\n<meta property=\"og:site_name\" content=\"Conint.hu\" \/>\n<meta property=\"article:modified_time\" content=\"2020-10-15T22:56:31+00:00\" \/>\n<meta property=\"og:image\" content=\"https:\/\/conint.hu\/de\/wp-content\/uploads\/2016\/07\/dekor_bg.jpg\" \/>\n<meta name=\"twitter:card\" content=\"summary_large_image\" \/>\n<meta name=\"twitter:label1\" content=\"Gesch\u00e4tzte Lesezeit\" \/>\n\t<meta name=\"twitter:data1\" content=\"6\u00a0Minuten\" \/>\n<script type=\"application\/ld+json\" class=\"yoast-schema-graph\">{\"@context\":\"https:\\\/\\\/schema.org\",\"@graph\":[{\"@type\":\"WebPage\",\"@id\":\"https:\\\/\\\/conint.hu\\\/de\\\/dienstleistungen\\\/ladenwerbungen-werbedekoration\\\/\",\"url\":\"https:\\\/\\\/conint.hu\\\/de\\\/dienstleistungen\\\/ladenwerbungen-werbedekoration\\\/\",\"name\":\"Ladenwerbungen, POS Materialen, Werbedekoration - Conint.hu\",\"isPartOf\":{\"@id\":\"https:\\\/\\\/conint.hu\\\/de\\\/#website\"},\"primaryImageOfPage\":{\"@id\":\"https:\\\/\\\/conint.hu\\\/de\\\/dienstleistungen\\\/ladenwerbungen-werbedekoration\\\/#primaryimage\"},\"image\":{\"@id\":\"https:\\\/\\\/conint.hu\\\/de\\\/dienstleistungen\\\/ladenwerbungen-werbedekoration\\\/#primaryimage\"},\"thumbnailUrl\":\"https:\\\/\\\/conint.hu\\\/de\\\/wp-content\\\/uploads\\\/2016\\\/07\\\/dekor_bg.jpg\",\"datePublished\":\"2016-07-08T12:28:48+00:00\",\"dateModified\":\"2020-10-15T22:56:31+00:00\",\"breadcrumb\":{\"@id\":\"https:\\\/\\\/conint.hu\\\/de\\\/dienstleistungen\\\/ladenwerbungen-werbedekoration\\\/#breadcrumb\"},\"inLanguage\":\"de\",\"potentialAction\":[{\"@type\":\"ReadAction\",\"target\":[\"https:\\\/\\\/conint.hu\\\/de\\\/dienstleistungen\\\/ladenwerbungen-werbedekoration\\\/\"]}]},{\"@type\":\"ImageObject\",\"inLanguage\":\"de\",\"@id\":\"https:\\\/\\\/conint.hu\\\/de\\\/dienstleistungen\\\/ladenwerbungen-werbedekoration\\\/#primaryimage\",\"url\":\"https:\\\/\\\/conint.hu\\\/de\\\/wp-content\\\/uploads\\\/2016\\\/07\\\/dekor_bg.jpg\",\"contentUrl\":\"https:\\\/\\\/conint.hu\\\/de\\\/wp-content\\\/uploads\\\/2016\\\/07\\\/dekor_bg.jpg\",\"width\":1920,\"height\":591},{\"@type\":\"BreadcrumbList\",\"@id\":\"https:\\\/\\\/conint.hu\\\/de\\\/dienstleistungen\\\/ladenwerbungen-werbedekoration\\\/#breadcrumb\",\"itemListElement\":[{\"@type\":\"ListItem\",\"position\":1,\"name\":\"Startseite\",\"item\":\"https:\\\/\\\/conint.hu\\\/de\\\/\"},{\"@type\":\"ListItem\",\"position\":2,\"name\":\"Dienstleistungen\",\"item\":\"https:\\\/\\\/conint.hu\\\/de\\\/dienstleistungen\\\/\"},{\"@type\":\"ListItem\",\"position\":3,\"name\":\"Ladenwerbungen, POS Materialen, Werbedekoration\"}]},{\"@type\":\"WebSite\",\"@id\":\"https:\\\/\\\/conint.hu\\\/de\\\/#website\",\"url\":\"https:\\\/\\\/conint.hu\\\/de\\\/\",\"name\":\"Conint.hu\",\"description\":\"\",\"potentialAction\":[{\"@type\":\"SearchAction\",\"target\":{\"@type\":\"EntryPoint\",\"urlTemplate\":\"https:\\\/\\\/conint.hu\\\/de\\\/?s={search_term_string}\"},\"query-input\":{\"@type\":\"PropertyValueSpecification\",\"valueRequired\":true,\"valueName\":\"search_term_string\"}}],\"inLanguage\":\"de\"}]}<\/script>\n<!-- \/ Yoast SEO plugin. -->","yoast_head_json":{"title":"Ladenwerbungen, POS Materialen, Werbedekoration - Conint.hu","robots":{"index":"index","follow":"follow","max-snippet":"max-snippet:-1","max-image-preview":"max-image-preview:large","max-video-preview":"max-video-preview:-1"},"canonical":"https:\/\/conint.hu\/de\/dienstleistungen\/ladenwerbungen-werbedekoration\/","og_locale":"de_DE","og_type":"article","og_title":"Ladenwerbungen, POS Materialen, Werbedekoration - Conint.hu","og_url":"https:\/\/conint.hu\/de\/dienstleistungen\/ladenwerbungen-werbedekoration\/","og_site_name":"Conint.hu","article_modified_time":"2020-10-15T22:56:31+00:00","og_image":[{"url":"https:\/\/conint.hu\/de\/wp-content\/uploads\/2016\/07\/dekor_bg.jpg","type":"","width":"","height":""}],"twitter_card":"summary_large_image","twitter_misc":{"Gesch\u00e4tzte Lesezeit":"6\u00a0Minuten"},"schema":{"@context":"https:\/\/schema.org","@graph":[{"@type":"WebPage","@id":"https:\/\/conint.hu\/de\/dienstleistungen\/ladenwerbungen-werbedekoration\/","url":"https:\/\/conint.hu\/de\/dienstleistungen\/ladenwerbungen-werbedekoration\/","name":"Ladenwerbungen, POS Materialen, Werbedekoration - Conint.hu","isPartOf":{"@id":"https:\/\/conint.hu\/de\/#website"},"primaryImageOfPage":{"@id":"https:\/\/conint.hu\/de\/dienstleistungen\/ladenwerbungen-werbedekoration\/#primaryimage"},"image":{"@id":"https:\/\/conint.hu\/de\/dienstleistungen\/ladenwerbungen-werbedekoration\/#primaryimage"},"thumbnailUrl":"https:\/\/conint.hu\/de\/wp-content\/uploads\/2016\/07\/dekor_bg.jpg","datePublished":"2016-07-08T12:28:48+00:00","dateModified":"2020-10-15T22:56:31+00:00","breadcrumb":{"@id":"https:\/\/conint.hu\/de\/dienstleistungen\/ladenwerbungen-werbedekoration\/#breadcrumb"},"inLanguage":"de","potentialAction":[{"@type":"ReadAction","target":["https:\/\/conint.hu\/de\/dienstleistungen\/ladenwerbungen-werbedekoration\/"]}]},{"@type":"ImageObject","inLanguage":"de","@id":"https:\/\/conint.hu\/de\/dienstleistungen\/ladenwerbungen-werbedekoration\/#primaryimage","url":"https:\/\/conint.hu\/de\/wp-content\/uploads\/2016\/07\/dekor_bg.jpg","contentUrl":"https:\/\/conint.hu\/de\/wp-content\/uploads\/2016\/07\/dekor_bg.jpg","width":1920,"height":591},{"@type":"BreadcrumbList","@id":"https:\/\/conint.hu\/de\/dienstleistungen\/ladenwerbungen-werbedekoration\/#breadcrumb","itemListElement":[{"@type":"ListItem","position":1,"name":"Startseite","item":"https:\/\/conint.hu\/de\/"},{"@type":"ListItem","position":2,"name":"Dienstleistungen","item":"https:\/\/conint.hu\/de\/dienstleistungen\/"},{"@type":"ListItem","position":3,"name":"Ladenwerbungen, POS Materialen, Werbedekoration"}]},{"@type":"WebSite","@id":"https:\/\/conint.hu\/de\/#website","url":"https:\/\/conint.hu\/de\/","name":"Conint.hu","description":"","potentialAction":[{"@type":"SearchAction","target":{"@type":"EntryPoint","urlTemplate":"https:\/\/conint.hu\/de\/?s={search_term_string}"},"query-input":{"@type":"PropertyValueSpecification","valueRequired":true,"valueName":"search_term_string"}}],"inLanguage":"de"}]}},"_links":{"self":[{"href":"https:\/\/conint.hu\/de\/wp-json\/wp\/v2\/pages\/37","targetHints":{"allow":["GET"]}}],"collection":[{"href":"https:\/\/conint.hu\/de\/wp-json\/wp\/v2\/pages"}],"about":[{"href":"https:\/\/conint.hu\/de\/wp-json\/wp\/v2\/types\/page"}],"author":[{"embeddable":true,"href":"https:\/\/conint.hu\/de\/wp-json\/wp\/v2\/users\/1"}],"replies":[{"embeddable":true,"href":"https:\/\/conint.hu\/de\/wp-json\/wp\/v2\/comments?post=37"}],"version-history":[{"count":23,"href":"https:\/\/conint.hu\/de\/wp-json\/wp\/v2\/pages\/37\/revisions"}],"predecessor-version":[{"id":1428,"href":"https:\/\/conint.hu\/de\/wp-json\/wp\/v2\/pages\/37\/revisions\/1428"}],"up":[{"embeddable":true,"href":"https:\/\/conint.hu\/de\/wp-json\/wp\/v2\/pages\/11"}],"wp:attachment":[{"href":"https:\/\/conint.hu\/de\/wp-json\/wp\/v2\/media?parent=37"}],"curies":[{"name":"wp","href":"https:\/\/api.w.org\/{rel}","templated":true}]}}