{"id":47,"date":"2016-07-08T12:30:12","date_gmt":"2016-07-08T12:30:12","guid":{"rendered":"http:\/\/driveonline.hu\/dev\/conint\/?page_id=47"},"modified":"2022-01-11T16:25:38","modified_gmt":"2022-01-11T16:25:38","slug":"druckdaten","status":"publish","type":"page","link":"https:\/\/conint.hu\/de\/nutliczhe-infos\/druckdaten\/","title":{"rendered":"Druckdaten"},"content":{"rendered":"<p><div class=\"fusion-fullwidth fullwidth-box fusion-builder-row-1 nonhundred-percent-fullwidth non-hundred-percent-height-scrolling\" style=\"--awb-background-position:left top;--awb-border-sizes-top:0px;--awb-border-sizes-bottom:0px;--awb-border-sizes-left:0px;--awb-border-sizes-right:0px;--awb-border-radius-top-left:0px;--awb-border-radius-top-right:0px;--awb-border-radius-bottom-right:0px;--awb-border-radius-bottom-left:0px;--awb-padding-top:0px;--awb-padding-bottom:0px;--awb-flex-wrap:wrap;\" ><div class=\"fusion-builder-row fusion-row\"><div class=\"fusion-layout-column fusion_builder_column fusion-builder-column-0 fusion_builder_column_1_1 1_1 fusion-one-full fusion-column-first fusion-column-last fusion-column-no-min-height\" style=\"--awb-bg-size:cover;--awb-margin-bottom:0px;\"><div class=\"fusion-column-wrapper fusion-flex-column-wrapper-legacy\"><div class=\"fusion-text fusion-text-1\"><h2>DRUCKDATEN<\/h2>\n<\/div><div class=\"fusion-clearfix\"><\/div><\/div><\/div><\/div><\/div><div class=\"fusion-fullwidth fullwidth-box fusion-builder-row-2 nonhundred-percent-fullwidth non-hundred-percent-height-scrolling\" style=\"--awb-background-position:left top;--awb-border-sizes-top:0px;--awb-border-sizes-bottom:0px;--awb-border-sizes-left:0px;--awb-border-sizes-right:0px;--awb-border-radius-top-left:0px;--awb-border-radius-top-right:0px;--awb-border-radius-bottom-right:0px;--awb-border-radius-bottom-left:0px;--awb-padding-top:20px;--awb-padding-bottom:20px;--awb-flex-wrap:wrap;\" ><div class=\"fusion-builder-row fusion-row\"><div class=\"fusion-layout-column fusion_builder_column fusion-builder-column-1 fusion_builder_column_1_1 1_1 fusion-one-full fusion-column-first fusion-column-last\" style=\"--awb-bg-size:cover;--awb-margin-bottom:0px;\"><div class=\"fusion-column-wrapper fusion-flex-column-wrapper-legacy\"><div class=\"fusion-text fusion-text-2\"><h3 style=\"margin: 0;\"><span style=\"color: #ffffff; margin: 0;\">ABGABEPARAMETER F\u00dcR DIGITALE UND ROLLENDRUCKMATERIALIEN <\/span><\/h3>\n<\/div><div class=\"fusion-clearfix\"><\/div><\/div><\/div><\/div><\/div><div class=\"fusion-fullwidth fullwidth-box fusion-builder-row-3 nonhundred-percent-fullwidth non-hundred-percent-height-scrolling\" style=\"--awb-background-position:left top;--awb-border-sizes-top:0px;--awb-border-sizes-bottom:0px;--awb-border-sizes-left:0px;--awb-border-sizes-right:0px;--awb-border-radius-top-left:0px;--awb-border-radius-top-right:0px;--awb-border-radius-bottom-right:0px;--awb-border-radius-bottom-left:0px;--awb-padding-top:20px;--awb-padding-bottom:20px;--awb-flex-wrap:wrap;\" ><div class=\"fusion-builder-row fusion-row\"><div class=\"fusion-layout-column fusion_builder_column fusion-builder-column-2 fusion_builder_column_1_1 1_1 fusion-one-full fusion-column-first fusion-column-last fusion-column-no-min-height\" style=\"--awb-bg-size:cover;--awb-margin-bottom:0px;\"><div class=\"fusion-column-wrapper fusion-flex-column-wrapper-legacy\"><div class=\"fusion-text fusion-text-3\"><p>Fileformat: unbeschichtetes TIFF, JPG oder vom PostScript (PS-) distilliertes Komposit- PDF-File.<br \/>Eine Entsprechung dem Normalformat PDF\/ X1 soll vorhanden sein.<br \/>Farbmodus: Sie sind gebeten, die Materialien im CMYK-Farbmodus abzugeben.<br \/>Bildelemente, Bildaufl\u00f6sung: CMYK Farbmodus, beim 1:1 Gr\u00f6\u00dfenverh\u00e4ltniss 100 dpi Bildaufl\u00f6sung.<br \/>Farbenprofil: Abgabe: ISO Coated ECI V2 100% oder ohne Farbenprofil.<br \/>Rand-, Schnitt- und Adapterzeichen: sie werden im allgemeinen nicht ben\u00f6tigt, weil die Materialien vom Hand geschnitten werden. Die genauen Parameter werden andernfalls von der Kontaktperson angegeben (z.B.: bei einer Popup-Hintergrundwand 2 Zentimeter Randabstand sowohl unten, als auch oben).<br \/>Rizierung, Wei\u00df-und Lackdruck: bei diesen Kreativtechniken sind direkte (Spot-) Farbkan\u00e4le anzuwenden. Die genaue Bezeichnung des Farbkanals (Klein- und Gro\u00dfbuchstaben, Untenstrich) sind dabei \u00e4u\u00dferst wichtig. Die Bezeichnungen sind wie folgt:<br \/>\u2013 Rizierung: CutContour<br \/>\u2013 Wei\u00dfdruck: RDG_WHITE<br \/>\u2013 Lackdruck: RDG_GLOSS<br \/>Die Overprint-Verwendung ist nicht gestattet (die verdeckten Objekte werden beim Druck sichtbar)! Sie werden gebeten, bei den speziellen Farben keine Ausblendung zu gebrauchen, weil es vom RIP nicht ber\u00fccksichtigt werden kann. Bei der Rizierung ist blo\u00df eine Einlinienzeichnung entsprechend (die Einstellung convert curves to outlines wird nicht akzeptiert!).<br \/>Abgabe von Materialien: Im Falle der Dateitr\u00e4ger USB pers\u00f6nlich, bzw. per FTP oder per Mail online (max. 10 MB).<br \/>\u2013 Wir bitten Sie, unseren Kollegen vor der Abfertigung Ihrer Graphik zu kontaktieren, insbesondere, wenn es um ein besonderes Produkt geht!<br \/>\u2013 Der Satzspiegel soll von der Schnittstelle minimum einen 3-Millimeterabstand besitzen.<br \/>\u2013 Beim Digitaldruck kann eine Farbenreklamation im Nachhinein nicht akzeptiert werden!<br \/>\u2013 Sollte es in den abgegebenen Materialien Ver\u00e4nderungen oder Korrektionen irgendeiner Art geben, werden Bearbeitungskosten verrechnet.<br \/>\u2013 Wir bitten Sie, die Materialien im Vorhinein nicht zu montieren.<br \/>\u2013 Eine Reklamation im Falle eines den Abgabeparametern nicht entsprechenden Materials kann nicht akzeptiert werden!<\/p>\n<\/div><div class=\"fusion-clearfix\"><\/div><\/div><\/div><\/div><\/div><div class=\"fusion-fullwidth fullwidth-box fusion-builder-row-4 nonhundred-percent-fullwidth non-hundred-percent-height-scrolling\" style=\"--awb-background-position:left top;--awb-border-sizes-top:0px;--awb-border-sizes-bottom:0px;--awb-border-sizes-left:0px;--awb-border-sizes-right:0px;--awb-border-radius-top-left:0px;--awb-border-radius-top-right:0px;--awb-border-radius-bottom-right:0px;--awb-border-radius-bottom-left:0px;--awb-padding-top:20px;--awb-padding-bottom:20px;--awb-flex-wrap:wrap;\" ><div class=\"fusion-builder-row fusion-row\"><div class=\"fusion-layout-column fusion_builder_column fusion-builder-column-3 fusion_builder_column_1_1 1_1 fusion-one-full fusion-column-first fusion-column-last\" style=\"--awb-bg-size:cover;--awb-margin-bottom:0px;\"><div class=\"fusion-column-wrapper fusion-flex-column-wrapper-legacy\"><div class=\"fusion-text fusion-text-4\"><h3 style=\"margin: 0;\"><span style=\"color: #ffffff; margin: 0;\">ABGABEPARAMETER F\u00dcR DRUCKMATERIALIEN<\/span><\/h3>\n<\/div><div class=\"fusion-clearfix\"><\/div><\/div><\/div><\/div><\/div><div class=\"fusion-fullwidth fullwidth-box fusion-builder-row-5 nonhundred-percent-fullwidth non-hundred-percent-height-scrolling\" style=\"--awb-background-position:left top;--awb-border-sizes-top:0px;--awb-border-sizes-bottom:0px;--awb-border-sizes-left:0px;--awb-border-sizes-right:0px;--awb-border-radius-top-left:0px;--awb-border-radius-top-right:0px;--awb-border-radius-bottom-right:0px;--awb-border-radius-bottom-left:0px;--awb-padding-top:20px;--awb-padding-bottom:20px;--awb-flex-wrap:wrap;\" ><div class=\"fusion-builder-row fusion-row\"><div class=\"fusion-layout-column fusion_builder_column fusion-builder-column-4 fusion_builder_column_1_1 1_1 fusion-one-full fusion-column-first fusion-column-last fusion-column-no-min-height\" style=\"--awb-bg-size:cover;--awb-margin-bottom:0px;\"><div class=\"fusion-column-wrapper fusion-flex-column-wrapper-legacy\"><div class=\"fusion-text fusion-text-5\"><p>Fileformat: vom PostScript (PS-) distilliertes Komposit- PDF-File. Eine Entsprechung dem Normalformat PDF\/ X1 soll vorhanden sein.<br \/>\nFarbmodus: Sie sind gebeten, die Materialien im CMYK-Farbmodus abzugeben. Es besteht die M\u00f6glichkeit, ausschlie\u00dflich anhand des Farbensystems Pantone auch direkte Farben anzuwenden.<br \/>\nBildelemente, Bildaufl\u00f6sung: CMYK Farbmodus, beim 1:1 Gr\u00f6\u00dfenverh\u00e4ltniss 300 dpi Bildaufl\u00f6sung.<br \/>\nFarbenprofil: Abgabe: ISO Coated Fogra 39 oder ohne Farbenprofil.<br \/>\nRand-, Schnitt- und Adapterzeichen: Der Randabstand betr\u00e4gt minimum 3 Millimeter, bei Heften und B\u00fcchern 5 Millimeter. Die Schnittzeichen sollten gef\u00e4lligst in jedem Fall angegeben werden, m\u00f6glicherweise bei Benutzung von mechanischen, automatischen Zeichen, mit Registrationsfarben. Die Schnitt- und Adapterzeichen sollen in jedem Fall au\u00dferhalb des Randzeichens platziert werden. Wir bitten Sie, die Faltung au\u00dferhalb des Randzeichens mit einer kurzen, gestrichelten Linie immer zu markieren.<br \/>\nStanzierung, Rizierung: bei stanzierten oder rizierten Materialien wird gebeten, in einem PDF-File an einer Seite nur den zu druckenden Stoff, an einer weiteren Seite die Stanz- oder Rizkurve, schlie\u00dflich an einer letzten die beiden vorigen einander angepasst anzugeben. Die Kurve soll in jedem Fall eine direkte Farbe und eine Overprint-Einstellung besitzen. Nur eine Einlinienzeichnung ist hier entsprechend (die Einstellung convert curves to outlines wird nicht akzeptiert!).<br \/>\nAbgabe von Materialien: Im Falle der Dateitr\u00e4ger USB pers\u00f6nlich, bzw. per FTP oder per Mail online (max. 10 MB).<br \/>\n\u2013 Im Falle eines mehrseitigen Stoffes wird immer um eine Abfolge der Seitenreihe, wie es nachher gebl\u00e4ttert werden soll, gebeten. Es ist wichtig, auch die leeren Seiten im PDF-File zu markieren!<br \/>\n\u2013 Der Satzspiegel soll von der Schnittstelle minimum einen 3-Millimeterabstand besitzen.<br \/>\n\u2013 Eine Farbengarantie kann erst nach einer, bei uns ausgef\u00fchrter Abfertigung und Genehmigung eines digitalen Proofs \u00fcbernommen werden.<br \/>\n\u2013 Sollte es in den abgegebenen Materialien Ver\u00e4nderungen oder Korrektionen irgendeiner Art geben, werden Bearbeitungskosten verrechnet (4000 HUF\/Stunde).<br \/>\n\u2013 Wir bitten Sie, die Materialien im Vorhinein nicht zu montieren.<br \/>\n\u2013 Eine Reklamation im Falle eines den Abgabeparametern nicht entsprechenden Materials kann nicht akzeptiert werden!<\/p>\n<\/div><div class=\"fusion-clearfix\"><\/div><\/div><\/div><\/div><\/div><\/p>\n","protected":false},"excerpt":{"rendered":"","protected":false},"author":1,"featured_media":0,"parent":15,"menu_order":0,"comment_status":"closed","ping_status":"closed","template":"100-width.php","meta":{"footnotes":""},"class_list":["post-47","page","type-page","status-publish","hentry"],"yoast_head":"<!-- This site is optimized with the Yoast SEO plugin v27.3 - https:\/\/yoast.com\/product\/yoast-seo-wordpress\/ -->\n<title>Druckdaten - Conint.hu<\/title>\n<meta name=\"robots\" content=\"index, follow, max-snippet:-1, max-image-preview:large, max-video-preview:-1\" \/>\n<link rel=\"canonical\" href=\"https:\/\/conint.hu\/de\/nutliczhe-infos\/druckdaten\/\" \/>\n<meta property=\"og:locale\" content=\"de_DE\" \/>\n<meta property=\"og:type\" content=\"article\" \/>\n<meta property=\"og:title\" content=\"Druckdaten - Conint.hu\" \/>\n<meta property=\"og:url\" content=\"https:\/\/conint.hu\/de\/nutliczhe-infos\/druckdaten\/\" \/>\n<meta property=\"og:site_name\" content=\"Conint.hu\" \/>\n<meta property=\"article:modified_time\" content=\"2022-01-11T16:25:38+00:00\" \/>\n<meta name=\"twitter:card\" content=\"summary_large_image\" \/>\n<meta name=\"twitter:label1\" content=\"Gesch\u00e4tzte Lesezeit\" \/>\n\t<meta name=\"twitter:data1\" content=\"8\u00a0Minuten\" \/>\n<script type=\"application\/ld+json\" class=\"yoast-schema-graph\">{\"@context\":\"https:\\\/\\\/schema.org\",\"@graph\":[{\"@type\":\"WebPage\",\"@id\":\"https:\\\/\\\/conint.hu\\\/de\\\/nutliczhe-infos\\\/druckdaten\\\/\",\"url\":\"https:\\\/\\\/conint.hu\\\/de\\\/nutliczhe-infos\\\/druckdaten\\\/\",\"name\":\"Druckdaten - Conint.hu\",\"isPartOf\":{\"@id\":\"https:\\\/\\\/conint.hu\\\/de\\\/#website\"},\"datePublished\":\"2016-07-08T12:30:12+00:00\",\"dateModified\":\"2022-01-11T16:25:38+00:00\",\"breadcrumb\":{\"@id\":\"https:\\\/\\\/conint.hu\\\/de\\\/nutliczhe-infos\\\/druckdaten\\\/#breadcrumb\"},\"inLanguage\":\"de\",\"potentialAction\":[{\"@type\":\"ReadAction\",\"target\":[\"https:\\\/\\\/conint.hu\\\/de\\\/nutliczhe-infos\\\/druckdaten\\\/\"]}]},{\"@type\":\"BreadcrumbList\",\"@id\":\"https:\\\/\\\/conint.hu\\\/de\\\/nutliczhe-infos\\\/druckdaten\\\/#breadcrumb\",\"itemListElement\":[{\"@type\":\"ListItem\",\"position\":1,\"name\":\"Startseite\",\"item\":\"https:\\\/\\\/conint.hu\\\/de\\\/\"},{\"@type\":\"ListItem\",\"position\":2,\"name\":\"N\u00fctliczhe Infos\",\"item\":\"https:\\\/\\\/conint.hu\\\/de\\\/nutliczhe-infos\\\/\"},{\"@type\":\"ListItem\",\"position\":3,\"name\":\"Druckdaten\"}]},{\"@type\":\"WebSite\",\"@id\":\"https:\\\/\\\/conint.hu\\\/de\\\/#website\",\"url\":\"https:\\\/\\\/conint.hu\\\/de\\\/\",\"name\":\"Conint.hu\",\"description\":\"\",\"potentialAction\":[{\"@type\":\"SearchAction\",\"target\":{\"@type\":\"EntryPoint\",\"urlTemplate\":\"https:\\\/\\\/conint.hu\\\/de\\\/?s={search_term_string}\"},\"query-input\":{\"@type\":\"PropertyValueSpecification\",\"valueRequired\":true,\"valueName\":\"search_term_string\"}}],\"inLanguage\":\"de\"}]}<\/script>\n<!-- \/ Yoast SEO plugin. -->","yoast_head_json":{"title":"Druckdaten - Conint.hu","robots":{"index":"index","follow":"follow","max-snippet":"max-snippet:-1","max-image-preview":"max-image-preview:large","max-video-preview":"max-video-preview:-1"},"canonical":"https:\/\/conint.hu\/de\/nutliczhe-infos\/druckdaten\/","og_locale":"de_DE","og_type":"article","og_title":"Druckdaten - Conint.hu","og_url":"https:\/\/conint.hu\/de\/nutliczhe-infos\/druckdaten\/","og_site_name":"Conint.hu","article_modified_time":"2022-01-11T16:25:38+00:00","twitter_card":"summary_large_image","twitter_misc":{"Gesch\u00e4tzte Lesezeit":"8\u00a0Minuten"},"schema":{"@context":"https:\/\/schema.org","@graph":[{"@type":"WebPage","@id":"https:\/\/conint.hu\/de\/nutliczhe-infos\/druckdaten\/","url":"https:\/\/conint.hu\/de\/nutliczhe-infos\/druckdaten\/","name":"Druckdaten - Conint.hu","isPartOf":{"@id":"https:\/\/conint.hu\/de\/#website"},"datePublished":"2016-07-08T12:30:12+00:00","dateModified":"2022-01-11T16:25:38+00:00","breadcrumb":{"@id":"https:\/\/conint.hu\/de\/nutliczhe-infos\/druckdaten\/#breadcrumb"},"inLanguage":"de","potentialAction":[{"@type":"ReadAction","target":["https:\/\/conint.hu\/de\/nutliczhe-infos\/druckdaten\/"]}]},{"@type":"BreadcrumbList","@id":"https:\/\/conint.hu\/de\/nutliczhe-infos\/druckdaten\/#breadcrumb","itemListElement":[{"@type":"ListItem","position":1,"name":"Startseite","item":"https:\/\/conint.hu\/de\/"},{"@type":"ListItem","position":2,"name":"N\u00fctliczhe Infos","item":"https:\/\/conint.hu\/de\/nutliczhe-infos\/"},{"@type":"ListItem","position":3,"name":"Druckdaten"}]},{"@type":"WebSite","@id":"https:\/\/conint.hu\/de\/#website","url":"https:\/\/conint.hu\/de\/","name":"Conint.hu","description":"","potentialAction":[{"@type":"SearchAction","target":{"@type":"EntryPoint","urlTemplate":"https:\/\/conint.hu\/de\/?s={search_term_string}"},"query-input":{"@type":"PropertyValueSpecification","valueRequired":true,"valueName":"search_term_string"}}],"inLanguage":"de"}]}},"_links":{"self":[{"href":"https:\/\/conint.hu\/de\/wp-json\/wp\/v2\/pages\/47","targetHints":{"allow":["GET"]}}],"collection":[{"href":"https:\/\/conint.hu\/de\/wp-json\/wp\/v2\/pages"}],"about":[{"href":"https:\/\/conint.hu\/de\/wp-json\/wp\/v2\/types\/page"}],"author":[{"embeddable":true,"href":"https:\/\/conint.hu\/de\/wp-json\/wp\/v2\/users\/1"}],"replies":[{"embeddable":true,"href":"https:\/\/conint.hu\/de\/wp-json\/wp\/v2\/comments?post=47"}],"version-history":[{"count":15,"href":"https:\/\/conint.hu\/de\/wp-json\/wp\/v2\/pages\/47\/revisions"}],"predecessor-version":[{"id":1464,"href":"https:\/\/conint.hu\/de\/wp-json\/wp\/v2\/pages\/47\/revisions\/1464"}],"up":[{"embeddable":true,"href":"https:\/\/conint.hu\/de\/wp-json\/wp\/v2\/pages\/15"}],"wp:attachment":[{"href":"https:\/\/conint.hu\/de\/wp-json\/wp\/v2\/media?parent=47"}],"curies":[{"name":"wp","href":"https:\/\/api.w.org\/{rel}","templated":true}]}}