{"id":43,"date":"2016-07-08T12:29:46","date_gmt":"2016-07-08T12:29:46","guid":{"rendered":"http:\/\/driveonline.hu\/dev\/conint\/?page_id=43"},"modified":"2020-10-21T10:40:30","modified_gmt":"2020-10-21T10:40:30","slug":"szakkifejezesek","status":"publish","type":"page","link":"https:\/\/conint.hu\/eng\/useful-information\/szakkifejezesek\/","title":{"rendered":"Szakkifejez\u00e9sek"},"content":{"rendered":"<p><div class=\"fusion-fullwidth fullwidth-box fusion-builder-row-1 nonhundred-percent-fullwidth non-hundred-percent-height-scrolling\" style=\"--awb-background-position:left top;--awb-border-radius-top-left:0px;--awb-border-radius-top-right:0px;--awb-border-radius-bottom-right:0px;--awb-border-radius-bottom-left:0px;--awb-padding-top:0px;--awb-padding-bottom:20px;--awb-border-sizes-top:0px;--awb-border-sizes-bottom:0px;--awb-flex-wrap:wrap;\" ><div class=\"fusion-builder-row fusion-row\"><div class=\"fusion-layout-column fusion_builder_column fusion-builder-column-0 fusion_builder_column_1_1 1_1 fusion-one-full fusion-column-first fusion-column-last fusion-column-no-min-height\" style=\"--awb-bg-size:cover;--awb-margin-bottom:0px;\"><div class=\"fusion-column-wrapper fusion-flex-column-wrapper-legacy\"><div class=\"fusion-text fusion-text-1\"><h2>SZAKKIFEJEZ\u00c9SEK<\/h2>\n<\/div><div class=\"fusion-clearfix\"><\/div><\/div><\/div><\/div><\/div><div class=\"fusion-fullwidth fullwidth-box fusion-builder-row-2 nonhundred-percent-fullwidth non-hundred-percent-height-scrolling\" style=\"--awb-background-position:left top;--awb-border-radius-top-left:0px;--awb-border-radius-top-right:0px;--awb-border-radius-bottom-right:0px;--awb-border-radius-bottom-left:0px;--awb-padding-top:20px;--awb-padding-bottom:20px;--awb-border-sizes-top:0px;--awb-border-sizes-bottom:0px;--awb-flex-wrap:wrap;\" ><div class=\"fusion-builder-row fusion-row\"><div class=\"fusion-layout-column fusion_builder_column fusion-builder-column-1 fusion_builder_column_1_2 1_2 fusion-one-half fusion-column-first\" style=\"--awb-bg-size:cover;width:48%; margin-right: 4%;\"><div class=\"fusion-column-wrapper fusion-flex-column-wrapper-legacy\"><div class=\"fusion-text fusion-text-2\"><h3>BEMETSZ\u00c9S, RICCEL\u00c9S<\/h3>\n<p>Az a m\u0171velet, amikor nyom\u00f3g\u00e9pen megfelel\u0151 v\u00e1g\u00f3elemek seg\u00edts\u00e9g\u00e9vel a pap\u00edr keresztmetszet\u00e9t csak r\u00e9szben v\u00e1gj\u00e1k \u00e1t. Bemetsz\u00e9st, riccel\u00e9st alkalmaznak pl. az \u00f6ntapad\u00f3s f\u00f3li\u00e1k kik\u00e9sz\u00edt\u00e9sekor, a nyomtatott fels\u0151 pap\u00edrr\u00e9teg a bemetsz\u00e9s vonal\u00e1nak megfelel\u0151en, k\u00f6nnyen lev\u00e1laszthat\u00f3 az als\u00f3 hordoz\u00f3r\u00e9tegr\u0151l.<\/p>\n<h3>BIEGEL\u00c9S<\/h3>\n<p>M\u00e1s n\u00e9ven hornyol\u00e1s. T\u00f6r\u00e9sre hajlamos, merev, vastag kartonf\u00e9les\u00e9gek vaknyom\u00e1ssal nyomtat\u00e1sa a hajt\u00e1s vonal\u00e1ban. Feladat a t\u00f6r\u00e9smentes hajt\u00e1si vonal kialak\u00edt\u00e1sa. Dobozok, pap\u00edrk\u00e9pkeretek k\u00e9sz\u00edt\u00e9s\u00e9n\u00e9l haszn\u00e1lj\u00e1k ezt az elj\u00e1r\u00e1st.<\/p>\n<h3>CMYK NYOM\u00c1S, N\u00c9GYSZ\u00cdNNYOM\u00c1S<\/h3>\n<p>A sz\u00ednes k\u00e9peket a n\u00e9gy alapsz\u00edn seg\u00edts\u00e9g\u00e9vel lehet felbontani, illetve kinyomni. Az alapsz\u00ednek: ci\u00e1n (cyan, C), b\u00edbor (magenta, M), s\u00e1rga (yellow, Y), fekete (black, B).<\/p>\n<h3>DIGIT\u00c1LIS PROOF<\/h3>\n<p>Adathordoz\u00f3r\u00f3l digit\u00e1lis elj\u00e1r\u00e1ssal k\u00e9sz\u00edtett pr\u00f3banyomat color nyomtatv\u00e1ny sz\u00ednhelyess\u00e9g\u00e9nek ellen\u0151rz\u00e9s\u00e9re.<\/p>\n<h3>DIREKT SZ\u00cdN<\/h3>\n<p>Sz\u00ednminta vagy Pantone sz\u00e1m alapj\u00e1n meghat\u00e1rozhat\u00f3 sz\u00edn.<\/p>\n<h3>DOMBORNYOMTAT\u00c1S<\/h3>\n<p>Olyan nyomtat\u00e1si elj\u00e1r\u00e1s, amelynek c\u00e9lja a bet\u0171k, rajzok, embl\u00e9m\u00e1k reliefszer\u0171 kidombor\u00edt\u00e1sa a pap\u00edr fel\u00fclet\u00e9b\u0151l.<\/p>\n<h3>DR\u00d3TF\u0170Z\u00c9S<\/h3>\n<p>\u00cdvek \u00f6sszekapcsol\u00e1sa f\u0171z\u0151kapcsok \u00e1t\u00fct\u00e9s\u00e9vel. V\u00e1ltozatai: irkaf\u0171z\u00e9s, t\u00f6mbf\u0171z\u00e9s, dr\u00f3tg\u00e1zsi.<\/p>\n<h3>FEL\u00dcLETKEZEL\u00c9S (LAKKOZ\u00c1S)<\/h3>\n<p>Lakkoz\u00e1s a nyomott fel\u00fclet kop\u00e1s\u00e1ll\u00f3s\u00e1g\u00e1t n\u00f6veli, megg\u00e1tolja a fest\u00e9k leh\u00faz\u00f3d\u00e1s\u00e1t, er\u0151sebb\u00e9 teszi a pap\u00edrt. F\u00e9nyes vagy matt v\u00e1ltozatban l\u00e9tezik. Formalakkoz\u00e1s eset\u00e9n csak a f\u00e9nyes lakk ker\u00fcl felhaszn\u00e1l\u00e1sra, \u00e9s csak meghat\u00e1rozott r\u00e9szeket (bet\u0171t, k\u00e9pet, alakot, embl\u00e9m\u00e1t) vonunk be vele.<\/p>\n<h3>FLEXO NYOM\u00c1S<\/h3>\n<p>Magasnyomtat\u00e1si forma, f\u0151k\u00e9nt a csomagol\u00f3anyag-iparban elterjedt m\u0171anyag, celof\u00e1n \u00e9s f\u00e9mf\u00f3li\u00e1k nyomtat\u00e1s\u00e1n\u00e1l haszn\u00e1latos, erre speci\u00e1lisan kialak\u00edtott hajl\u00e9kony (flexibilis) nyom\u00f3form\u00e1val.<\/p>\n<h3>GERINC<\/h3>\n<p>K\u00f6nyvek, foly\u00f3iratok, t\u00f6mb\u00f6k nyit\u00e1si oldal\u00e1val szemben lev\u0151, \u00e9lben tal\u00e1lkoz\u00f3 alkot\u00f3r\u00e9szeinek (hajtogatott \u00edvek, lapok) megnevez\u00e9se.<\/p>\n<h3>HAJT\u00c1S<\/h3>\n<p>Egyszeri hajt\u00e1s \u2013 4 oldalra \u2013 meghajtott \u00edv.<\/p>\n<h3>IRKAF\u0170Z\u00c9S<\/h3>\n<p>A kiadv\u00e1ny gerinc\u00e9n elhelyezett k\u00e9t vagy t\u00f6bb kapocs, amely a kiadv\u00e1ny \u00f6sszefog\u00e1s\u00e1t szolg\u00e1lja. Minim\u00e1lisan 8 oldalas, legfeljebb \u2013 a pap\u00edr vastags\u00e1g\u00e1t\u00f3l f\u00fcgg\u0151en \u2013 80-112 oldalas munk\u00e1kn\u00e1l alkalmazhat\u00f3.<\/p>\n<h3>ISBN SZ\u00c1M<\/h3>\n<p>K\u00f6nyvek nemzetk\u00f6zi (UNESCO) 10 sz\u00e1mjegy\u0171 azonos\u00edt\u00f3 sz\u00e1ma.A nemzeti ISBN irod\u00e1t\u00f3l (Orsz\u00e1gos Sz\u00e9chenyi K\u00f6nyvt\u00e1rt\u00f3l) kell k\u00e9rni a 224-3753 telefonsz\u00e1mon. A k\u00f6nyvnek \u00e1ltal\u00e1ban az impresszum (kolofon) oldal\u00e1n szok\u00e1s elhelyezni.<\/p>\n<h3>KAS\u00cdROZ\u00c1S<\/h3>\n<p>Pap\u00edrnyomat, kinagy\u00edtott fot\u00f3, plak\u00e1t, stb. sz\u00fcrke lemezre, m\u0171anyagra, f\u00e1ra, stb. val\u00f3 felragaszt\u00e1sa.<\/p>\n<h3>K\u00c9PFELBONT\u00c1S<\/h3>\n<p>A nyomand\u00f3 k\u00e9p r\u00e9szletgazdags\u00e1g\u00e1nak m\u00e9rt\u00e9ke. K\u00e9t v\u00e1ltozata van: 1. Digit\u00e1lis feldolgoz\u00e1sn\u00e1l egys\u00e9ge a dpi (dots per inch), vagyis az egy h\u00fcvelykre (inch) jut\u00f3 pontok sz\u00e1ma; 2. Fot\u00f3technikai (hagyom\u00e1nyos) feldolgoz\u00e1sn\u00e1l egys\u00e9ge a raszter, vagyis az egy n\u00e9gyzetcentim\u00e9terre jut\u00f3 pontok sz\u00e1ma. J\u00f3 min\u0151s\u00e9g\u0171 nyomdai munk\u00e1khoz minimum 300dpi-s k\u00e9pek sz\u00fcks\u00e9gesek (1:1 m\u00e9retben).<\/p>\n<h3>KERESZTHAJT\u00c1S<\/h3>\n<p>A k\u00e9tszer (egym\u00e1shoz k\u00e9pest keresztben) meghajtott \u00edv, amely 8 oldalas term\u00e9ket eredm\u00e9nyez.<\/p>\n<h3>KIFUT\u00d3<\/h3>\n<p>Az esetben ha egy grafikai elem a lap sz\u00e9l\u00e9ig \u00e9r, kifut\u00f3t kell alkalmazni. A v\u00e1gott m\u00e9reten t\u00falnyom\u00f3 r\u00e9szt nevezz\u00fck kifut\u00f3nak.<\/p>\n<\/div><div class=\"fusion-clearfix\"><\/div><\/div><\/div><div class=\"fusion-layout-column fusion_builder_column fusion-builder-column-2 fusion_builder_column_1_2 1_2 fusion-one-half fusion-column-last\" style=\"--awb-bg-size:cover;width:48%;\"><div class=\"fusion-column-wrapper fusion-flex-column-wrapper-legacy\"><div class=\"fusion-text fusion-text-3\"><h3>KORREKT\u00daRA<\/h3>\n<p>Az elk\u00e9sz\u00fclt grafikai terv \u00e1tolvas\u00e1s \u00e9s jav\u00edt\u00e1s c\u00e9lj\u00e1b\u00f3l a megrendel\u0151h\u00f6z ker\u00fcl, aki v\u00e9lem\u00e9nyezi \u00e9s j\u00f3v\u00e1hagyja az anyagot.<\/p>\n<h3>LEVIL\u00c1G\u00cdT\u00c1S<\/h3>\n<p>Szerte a vil\u00e1gban, ahol a metrikus rendszer van \u00e9rv\u00e9nyben a pap\u00edr t\u00f6meg\u00e9t gramm per n\u00e9gyzetm\u00e9terben fejezik ki (g\/m\u00b2). Ezt a mennyis\u00e9get magyarul n\u00e9gyzetm\u00e9tert\u00f6megnek nevezik<\/p>\n<h3>N\u00c9GYZETM\u00c9TERS\u00daLY<\/h3>\n<p>T\u00f6bbf\u00e9le nyomtat\u00e1si elj\u00e1r\u00e1s l\u00e9tezik, pl.: ofszet, m\u00e9ly, magas, szitanyomtat\u00e1s, digitalis.<\/p>\n<h3>NYOMTAT\u00c1S<\/h3>\n<p>Nyomdai feldolgoz\u00e1sra (lemezm\u00e1sol\u00e1sra) alkalmas filmek k\u00e9sz\u00edt\u00e9se.<\/p>\n<h3>OFSZETNYOM\u00c1S<\/h3>\n<p>F\u00e9m- vagy m\u0171anyag nyom\u00f3lemezeket haszn\u00e1l, amely s\u00edk fel\u00fclet\u0171. A nyomtat\u00e1s k\u00f6zvetett, ez azt jelenti, hogy a formahenger nem tal\u00e1lkozik k\u00f6zvetlen\u00fcl a pap\u00edrral, hanem egy gumihenger k\u00f6zvet\u00edt\u00e9s\u00e9vel ker\u00fcl a pap\u00edrra a fest\u00e9k (a nyom\u00f3 \u00e9s nemnyom\u00f3 elemek egy s\u00edkban vannak, csak a nyom\u00f3 elemeken tapad meg a fest\u00e9k \u2013 innen egy gumikend\u0151re ker\u00fcl, arr\u00f3l a pap\u00edrra.)Az ofszetnyom\u00e1s a legelterjedtebb elj\u00e1r\u00e1s m\u00e1r \u00e9vtizedek \u00f3ta.<\/p>\n<h3>PAP\u00cdR SZABV\u00c1NYM\u00c9RETEK<\/h3>\n<p>Nyomdai feldolgoz\u00e1sra (lemezm\u00e1sol\u00e1sra) alkalmas filmek k\u00e9sz\u00edt\u00e9se.<\/p>\n<h3>PAP\u00cdRFAJT\u00c1K<\/h3>\n<p>A nyomtat\u00e1si elj\u00e1r\u00e1s ig\u00e9nyeinek megfelel\u0151 pap\u00edr, p\u00e9ld\u00e1ul: ofszet, m\u0171nyom\u00f3, plak\u00e1tpap\u00edr, m\u00e9lynyom\u00f3, biblianyom\u00f3, \u00fajs\u00e1gnyom\u00f3 \u00edvpap\u00edr, stb.<\/p>\n<h3>PASSZER<\/h3>\n<p>A raszterpontok illeszked\u00e9se a nyomaton.<\/p>\n<h3>PERFOR\u00c1L\u00c1S<\/h3>\n<p>A pap\u00edr el\u0151\u00edrt hely\u00e9n szaggatott k\u00e9ssel val\u00f3 be\u00fct\u00e9se vagy sorozatos \u00e1tlyukaszt\u00e1sa a le-, ki- vagy sz\u00e9tt\u00e9phet\u0151s\u00e9g\u00e9nek el\u0151seg\u00edt\u00e9s\u00e9re.<\/p>\n<h3>PR\u00c9GEL\u00c9S<\/h3>\n<p>A pap\u00edrt a fel\u00fclet\u00e9n mint\u00e1t hordoz\u00f3 hengerek k\u00f6z\u00e9 engedik, mely a pap\u00edr egy vagy mindk\u00e9t oldal\u00e1t a mint\u00e1nak megfelel\u0151en dombor\u00edtja.<\/p>\n<h3>RAGASZT\u00d3K\u00d6T\u00c9S<\/h3>\n<p>Puhafedel\u0171 k\u00f6nyvekn\u00e9l alkalmazott k\u00f6t\u00e9si elj\u00e1r\u00e1s.<\/p>\n<h3>RASZTER<\/h3>\n<p>Fot\u00f3technikai (hagyom\u00e1nyos) feldolgoz\u00e1sn\u00e1l a k\u00e9pfelbont\u00e1s egys\u00e9ge a raszter, vagyis az egy n\u00e9gyzetcentim\u00e9terre jut\u00f3 k\u00e9ppontok sz\u00e1ma.<\/p>\n<h3>RGB SZ\u00cdNEK<\/h3>\n<p>Addit\u00edv, vagyis \u00f6sszead\u00f3 sz\u00ednk\u00e9pz\u00e9s alapsz\u00ednei. A v\u00f6r\u00f6s (Red), z\u00f6ld (Green) \u00e9s k\u00e9k (Blue) egyenl\u0151 ar\u00e1ny\u00fa kever\u00e9ssel feh\u00e9r sz\u00ednt adnak. A sz\u00e1m\u00edt\u00f3g\u00e9pes k\u00e9perny\u0151k\u00f6n ezeket a sz\u00edneket haszn\u00e1lj\u00e1k, nyomdai feldolgoz\u00e1sra a CYMK sz\u00ednek alkalmasak.<\/p>\n<h3>SPIR\u00c1LK\u00d6T\u00c9S\/SPIR\u00c1LOZ\u00c1S<\/h3>\n<p>Kiadv\u00e1ny k\u00f6t\u00e9s\u00e9t kiv\u00e1lt\u00f3 egyszer\u0171 \u00e9s gyors elj\u00e1r\u00e1s, mely kis, k\u00e9zi berendez\u00e9ssel is elv\u00e9gezhet\u0151. Lehet egyszeres vagy dupla, k\u00fcl\u00f6nf\u00e9le anyag\u00fa (m\u0171anyag vagy f\u00e9m), k\u00fcl\u00f6nf\u00e9le sz\u00edn\u0171 \u00e9s \u00e1tm\u00e9r\u0151j\u0171 (a kiadv\u00e1ny vastags\u00e1g\u00e1hoz illeszked\u0151en).<\/p>\n<h3>STANCOL\u00c1S<\/h3>\n<p>Egyedileg k\u00e9sz\u00edtett k\u00e9sform\u00e1val a nyomatot a k\u00edv\u00e1nt form\u00e1ra v\u00e1ghatj\u00e1k, illetve k\u00edv\u00e1nt r\u00e9szek bel\u0151le kiv\u00e1ghat\u00f3k. Adott form\u00e1t k\u00f6vet\u0151 kiv\u00e1g\u00f3 k\u00e9s a nyomdag\u00e9pbe helyezve a pap\u00edrb\u00f3l szak\u00edtja ki a sz\u00fcks\u00e9ges, vagy f\u00f6l\u00f6sleges r\u00e9szt. Felhaszn\u00e1l\u00e1si ter\u00fclet: palackc\u00edmke, egyenes vonallal nem v\u00e1ghat\u00f3 nyomtatv\u00e1nyok bor\u00edt\u00e9k, f\u00fcgg\u0151c\u00edmk\u00e9k.<\/p>\n<h3>SZ\u00dcRKELEMEZ<\/h3>\n<p>Kem\u00e9ny, merev anyag\u00fa pap\u00edrlemez, amely a k\u00f6nyv merev\u00edt\u00e9s\u00e9t, er\u0151s\u00edt\u00e9s\u00e9t szolg\u00e1lja. A kem\u00e9nyt\u00e1bl\u00e1s k\u00f6nyvekn\u00e9l pap\u00edr, v\u00e1szon vagy b\u0151rbor\u00edt\u00e1s\u00fa. Vastags\u00e1ga 1,5-3,5 mm k\u00f6z\u00f6tti.<\/p>\n<h3>UV LAKK<\/h3>\n<p>Ultraibolya f\u00e9ny hat\u00e1s\u00e1ra sz\u00e1rad\u00f3 lakk, mellyel a pap\u00edr fel\u00fclet\u00e9t vonj\u00e1k be. Kiemel\u0151 hat\u00e1s\u00fa, csillog\u00e1sa, f\u00e9nyt\u00f6r\u00e9se, tapint\u00e1sa elt\u00e9r a hordoz\u00f3 pap\u00edr\u00e9t\u00f3l.<\/p>\n<h3>V\u00c1GOTT M\u00c9RET<\/h3>\n<p>A k\u00e9sz nyomdai tem\u00e9k m\u00e9rete.<\/p>\n<\/div><div class=\"fusion-clearfix\"><\/div><\/div><\/div><\/div><\/div><\/p>\n","protected":false},"excerpt":{"rendered":"","protected":false},"author":1,"featured_media":0,"parent":15,"menu_order":0,"comment_status":"closed","ping_status":"closed","template":"100-width.php","meta":{"footnotes":""},"class_list":["post-43","page","type-page","status-publish","hentry"],"_links":{"self":[{"href":"https:\/\/conint.hu\/eng\/wp-json\/wp\/v2\/pages\/43","targetHints":{"allow":["GET"]}}],"collection":[{"href":"https:\/\/conint.hu\/eng\/wp-json\/wp\/v2\/pages"}],"about":[{"href":"https:\/\/conint.hu\/eng\/wp-json\/wp\/v2\/types\/page"}],"author":[{"embeddable":true,"href":"https:\/\/conint.hu\/eng\/wp-json\/wp\/v2\/users\/1"}],"replies":[{"embeddable":true,"href":"https:\/\/conint.hu\/eng\/wp-json\/wp\/v2\/comments?post=43"}],"version-history":[{"count":9,"href":"https:\/\/conint.hu\/eng\/wp-json\/wp\/v2\/pages\/43\/revisions"}],"predecessor-version":[{"id":1455,"href":"https:\/\/conint.hu\/eng\/wp-json\/wp\/v2\/pages\/43\/revisions\/1455"}],"up":[{"embeddable":true,"href":"https:\/\/conint.hu\/eng\/wp-json\/wp\/v2\/pages\/15"}],"wp:attachment":[{"href":"https:\/\/conint.hu\/eng\/wp-json\/wp\/v2\/media?parent=43"}],"curies":[{"name":"wp","href":"https:\/\/api.w.org\/{rel}","templated":true}]}}